{"id":31461,"date":"2026-01-20T07:23:53","date_gmt":"2026-01-20T07:23:53","guid":{"rendered":"https:\/\/gtartistoo.com\/?post_type=product&#038;p=31461"},"modified":"2026-01-20T07:23:54","modified_gmt":"2026-01-20T07:23:54","slug":"stylo-marqueur-double-pointe-pour-tatouage","status":"publish","type":"product","link":"https:\/\/gtartistoo.com\/fr\/boutique\/fournitures-pour-tatouage\/stylo-marqueur-double-pointe-pour-tatouage\/","title":{"rendered":"Tattoo Dual Tip Outline Marker Pen - Stylo croquis de tatouage color\u00e9 \u00e0 double extr\u00e9mit\u00e9"},"content":{"rendered":"<p data-start=\"1148\" data-end=\"1439\">Les <strong data-start=\"1152\" data-end=\"1182\">stylo marqueur double pointe pour tatouage<\/strong> est con\u00e7u pour les tatoueurs professionnels qui ont besoin de contours nets et pr\u00e9cis et d'outils de dessin fiables. Dot\u00e9 d'une double extr\u00e9mit\u00e9 avec des pointes fines et \u00e9paisses, ce marqueur permet un contr\u00f4le flexible des lignes pour des dessins de tatouage d\u00e9taill\u00e9s et des lignes directrices \u00e9paisses.<\/p>\n<p data-start=\"1441\" data-end=\"1691\">Fabriqu\u00e9 avec une encre r\u00e9sistante \u00e0 la d\u00e9coloration, le marqueur conserve une visibilit\u00e9 claire pendant le processus de tatouage et r\u00e9siste au maculage sur la peau. Qu'il soit utilis\u00e9 pour la planification initiale du pochoir ou pour des croquis \u00e0 main lev\u00e9e, il offre un d\u00e9bit d'encre stable et des couleurs constantes.<\/p>\n<p data-start=\"1693\" data-end=\"1962\">Chaque stylo comprend deux pointes fonctionnelles, ce qui permet de tracer des contours et d'ombrer le travail de r\u00e9f\u00e9rence. Le corps l\u00e9ger du stylo permet une prise en main confortable pendant les longues sessions, tandis que la formule d'encre durable garantit que les dessins restent visibles jusqu'\u00e0 ce que le tatouage soit termin\u00e9.<\/p>\n<p data-start=\"1964\" data-end=\"2112\">Disponible en plusieurs couleurs, ce stylo \u00e0 dessin de tatouage est id\u00e9al pour les studios, les apprentis et les artistes professionnels \u00e0 la recherche d'outils de marquage fiables.<\/p>\n<hr data-start=\"2114\" data-end=\"2117\" \/>\n<h3 data-start=\"2119\" data-end=\"2139\"><strong data-start=\"2123\" data-end=\"2139\">Caract\u00e9ristiques principales<\/strong><\/h3>\n<ul data-start=\"2141\" data-end=\"2380\">\n<li data-start=\"2141\" data-end=\"2188\">\n<p data-start=\"2143\" data-end=\"2188\">Double pointe pour un trac\u00e9 fin et audacieux<\/p>\n<\/li>\n<li data-start=\"2189\" data-end=\"2238\">\n<p data-start=\"2191\" data-end=\"2238\">Encre r\u00e9sistante \u00e0 la d\u00e9coloration qui reste visible sur la peau<\/p>\n<\/li>\n<li data-start=\"2239\" data-end=\"2287\">\n<p data-start=\"2241\" data-end=\"2287\">Flux d'encre r\u00e9gulier avec des couleurs constantes<\/p>\n<\/li>\n<li data-start=\"2288\" data-end=\"2342\">\n<p data-start=\"2290\" data-end=\"2342\">Convient pour l'esquisse de tatouage et la planification de pochoirs<\/p>\n<\/li>\n<li data-start=\"2343\" data-end=\"2380\">\n<p data-start=\"2345\" data-end=\"2380\">Poign\u00e9e confortable pour une utilisation prolong\u00e9e<\/p>\n<\/li>\n<\/ul>\n<hr data-start=\"2382\" data-end=\"2385\" \/>\n<h3 data-start=\"2387\" data-end=\"2417\"><strong data-start=\"2391\" data-end=\"2417\">Couleurs disponibles\u00a0<\/strong><\/h3>\n<ul data-start=\"2419\" data-end=\"2456\">\n<li data-start=\"2419\" data-end=\"2426\">\n<p data-start=\"2421\" data-end=\"2426\">Rouge<\/p>\n<\/li>\n<li data-start=\"2427\" data-end=\"2436\">\n<p data-start=\"2429\" data-end=\"2436\">Noir<\/p>\n<\/li>\n<li data-start=\"2437\" data-end=\"2445\">\n<p data-start=\"2439\" data-end=\"2445\">Bleu<\/p>\n<\/li>\n<li data-start=\"2446\" data-end=\"2456\">\n<p data-start=\"2448\" data-end=\"2456\">Pourpre<\/p>\n<\/li>\n<\/ul>","protected":false},"excerpt":{"rendered":"<p>The tattoo dual tip marker pen is designed for professional tattoo artists who need clean, precise outlines and reliable sketching<\/p>","protected":false},"featured_media":31468,"comment_status":"open","ping_status":"closed","template":"","meta":[],"product_brand":[71],"product_cat":[83],"product_tag":[343],"class_list":{"0":"post-31461","1":"product","2":"type-product","3":"status-publish","4":"has-post-thumbnail","6":"product_brand-gtartistoo","7":"product_cat-tattoo-supplies","8":"product_tag-tattoo-marker-pen","10":"first","11":"instock","12":"taxable","13":"shipping-taxable","14":"purchasable","15":"product-type-variable"},"yoast_head":"<!-- This site is optimized with the Yoast SEO Premium plugin v26.2 (Yoast SEO v26.2) - https:\/\/yoast.com\/wordpress\/plugins\/seo\/ -->\n<title>Tattoo Dual Tip Marker Pen for Tattoo Sketching | Gtartistoo<\/title>\n<meta name=\"description\" content=\"tattoo dual tip marker pen designed for clean outlining and sketching. Dual thickness tips, fade-resistant ink, and vibrant colors. Ideal for tattoo artists and studios.\" \/>\n<meta name=\"robots\" content=\"index, follow, max-snippet:-1, max-image-preview:large, max-video-preview:-1\" \/>\n<link rel=\"canonical\" href=\"https:\/\/gtartistoo.com\/fr\/boutique\/fournitures-pour-tatouage\/stylo-marqueur-double-pointe-pour-tatouage\/\" \/>\n<meta property=\"og:locale\" content=\"fr_FR\" \/>\n<meta property=\"og:type\" content=\"article\" \/>\n<meta property=\"og:title\" content=\"Tattoo Dual Tip Outline Marker Pen \u2013 Colorful Double-Ended Tattoo Sketch Pen\" \/>\n<meta property=\"og:description\" content=\"tattoo dual tip marker pen designed for clean outlining and sketching. Dual thickness tips, fade-resistant ink, and vibrant colors. Ideal for tattoo artists and studios.\" \/>\n<meta property=\"og:url\" content=\"https:\/\/gtartistoo.com\/fr\/boutique\/fournitures-pour-tatouage\/stylo-marqueur-double-pointe-pour-tatouage\/\" \/>\n<meta property=\"og:site_name\" content=\"gtartistoo.com\" \/>\n<meta property=\"article:modified_time\" content=\"2026-01-20T07:23:54+00:00\" \/>\n<meta property=\"og:image\" content=\"https:\/\/gtartistoo.com\/wp-content\/uploads\/2026\/01\/tattoo-dual-tip-marker-pen2.webp\" \/>\n\t<meta property=\"og:image:width\" content=\"800\" \/>\n\t<meta property=\"og:image:height\" content=\"800\" \/>\n\t<meta property=\"og:image:type\" content=\"image\/webp\" \/>\n<meta name=\"twitter:card\" content=\"summary_large_image\" \/>\n<meta name=\"twitter:label1\" content=\"Disponibilit\u00e9\" \/>\n\t<meta name=\"twitter:data1\" content=\"En stock\" \/>\n<script type=\"application\/ld+json\" class=\"yoast-schema-graph\">{\"@context\":\"https:\/\/schema.org\",\"@graph\":[{\"@type\":\"WebPage\",\"@id\":\"https:\/\/gtartistoo.com\/shop\/tattoo-supplies\/tattoo-dual-tip-marker-pen\/\",\"url\":\"https:\/\/gtartistoo.com\/shop\/tattoo-supplies\/tattoo-dual-tip-marker-pen\/\",\"name\":\"Tattoo Dual Tip Marker Pen for Tattoo Sketching | Gtartistoo\",\"isPartOf\":{\"@id\":\"https:\/\/gtartistoo.com\/#website\"},\"primaryImageOfPage\":{\"@id\":\"https:\/\/gtartistoo.com\/shop\/tattoo-supplies\/tattoo-dual-tip-marker-pen\/#primaryimage\"},\"image\":{\"@id\":\"https:\/\/gtartistoo.com\/shop\/tattoo-supplies\/tattoo-dual-tip-marker-pen\/#primaryimage\"},\"thumbnailUrl\":\"https:\/\/gtartistoo.com\/wp-content\/uploads\/2026\/01\/tattoo-dual-tip-marker-pen2.webp\",\"datePublished\":\"2026-01-20T07:23:53+00:00\",\"dateModified\":\"2026-01-20T07:23:54+00:00\",\"description\":\"tattoo dual tip marker pen designed for clean outlining and sketching. Dual thickness tips, fade-resistant ink, and vibrant colors. Ideal for tattoo artists and studios.\",\"breadcrumb\":{\"@id\":\"https:\/\/gtartistoo.com\/shop\/tattoo-supplies\/tattoo-dual-tip-marker-pen\/#breadcrumb\"},\"inLanguage\":\"fr-FR\",\"potentialAction\":[{\"@type\":\"ReadAction\",\"target\":[\"https:\/\/gtartistoo.com\/shop\/tattoo-supplies\/tattoo-dual-tip-marker-pen\/\"]}]},{\"@type\":\"ImageObject\",\"inLanguage\":\"fr-FR\",\"@id\":\"https:\/\/gtartistoo.com\/shop\/tattoo-supplies\/tattoo-dual-tip-marker-pen\/#primaryimage\",\"url\":\"https:\/\/gtartistoo.com\/wp-content\/uploads\/2026\/01\/tattoo-dual-tip-marker-pen2.webp\",\"contentUrl\":\"https:\/\/gtartistoo.com\/wp-content\/uploads\/2026\/01\/tattoo-dual-tip-marker-pen2.webp\",\"width\":800,\"height\":800,\"caption\":\"tattoo dual tip marker pen for tattoo sketching\"},{\"@type\":\"BreadcrumbList\",\"@id\":\"https:\/\/gtartistoo.com\/shop\/tattoo-supplies\/tattoo-dual-tip-marker-pen\/#breadcrumb\",\"itemListElement\":[{\"@type\":\"ListItem\",\"position\":1,\"name\":\"Home\",\"item\":\"https:\/\/gtartistoo.com\/\"},{\"@type\":\"ListItem\",\"position\":2,\"name\":\"Shop\",\"item\":\"https:\/\/gtartistoo.com\/shop\/\"},{\"@type\":\"ListItem\",\"position\":3,\"name\":\"Tattoo Dual Tip Outline Marker Pen \u2013 Colorful Double-Ended Tattoo Sketch Pen\"}]},{\"@type\":\"WebSite\",\"@id\":\"https:\/\/gtartistoo.com\/#website\",\"url\":\"https:\/\/gtartistoo.com\/\",\"name\":\"gtartistoo.com\",\"description\":\"\",\"publisher\":{\"@id\":\"https:\/\/gtartistoo.com\/#organization\"},\"potentialAction\":[{\"@type\":\"SearchAction\",\"target\":{\"@type\":\"EntryPoint\",\"urlTemplate\":\"https:\/\/gtartistoo.com\/?s={search_term_string}\"},\"query-input\":{\"@type\":\"PropertyValueSpecification\",\"valueRequired\":true,\"valueName\":\"search_term_string\"}}],\"inLanguage\":\"fr-FR\"},{\"@type\":\"Organization\",\"@id\":\"https:\/\/gtartistoo.com\/#organization\",\"name\":\"gtartistoo.com\",\"url\":\"https:\/\/gtartistoo.com\/\",\"logo\":{\"@type\":\"ImageObject\",\"inLanguage\":\"fr-FR\",\"@id\":\"https:\/\/gtartistoo.com\/#\/schema\/logo\/image\/\",\"url\":\"https:\/\/gtartistoo.com\/wp-content\/uploads\/2025\/10\/logo.svg\",\"contentUrl\":\"https:\/\/gtartistoo.com\/wp-content\/uploads\/2025\/10\/logo.svg\",\"width\":369,\"height\":124,\"caption\":\"gtartistoo.com\"},\"image\":{\"@id\":\"https:\/\/gtartistoo.com\/#\/schema\/logo\/image\/\"}}]}<\/script>\n<meta property=\"og:availability\" content=\"instock\" \/>\n<meta property=\"product:availability\" content=\"instock\" \/>\n<meta property=\"product:retailer_item_id\" content=\"31461\" \/>\n<meta property=\"product:condition\" content=\"new\" \/>\n<!-- \/ Yoast SEO Premium plugin. -->","yoast_head_json":{"title":"Stylo marqueur \u00e0 double pointe pour tatouage | Gtartistoo","description":"Stylo marqueur tatouage \u00e0 double pointe con\u00e7u pour dessiner et tracer des contours nets. Pointe \u00e0 double \u00e9paisseur, encre r\u00e9sistante \u00e0 la d\u00e9coloration et couleurs \u00e9clatantes. Id\u00e9al pour les tatoueurs et les studios.","robots":{"index":"index","follow":"follow","max-snippet":"max-snippet:-1","max-image-preview":"max-image-preview:large","max-video-preview":"max-video-preview:-1"},"canonical":"https:\/\/gtartistoo.com\/fr\/boutique\/fournitures-pour-tatouage\/stylo-marqueur-double-pointe-pour-tatouage\/","og_locale":"fr_FR","og_type":"article","og_title":"Tattoo Dual Tip Outline Marker Pen \u2013 Colorful Double-Ended Tattoo Sketch Pen","og_description":"tattoo dual tip marker pen designed for clean outlining and sketching. Dual thickness tips, fade-resistant ink, and vibrant colors. Ideal for tattoo artists and studios.","og_url":"https:\/\/gtartistoo.com\/fr\/boutique\/fournitures-pour-tatouage\/stylo-marqueur-double-pointe-pour-tatouage\/","og_site_name":"gtartistoo.com","article_modified_time":"2026-01-20T07:23:54+00:00","og_image":[{"width":800,"height":800,"url":"https:\/\/gtartistoo.com\/wp-content\/uploads\/2026\/01\/tattoo-dual-tip-marker-pen2.webp","type":"image\/webp"}],"twitter_card":"summary_large_image","twitter_misc":{"Disponibilit\u00e9":"En stock"},"schema":{"@context":"https:\/\/schema.org","@graph":[{"@type":"WebPage","@id":"https:\/\/gtartistoo.com\/shop\/tattoo-supplies\/tattoo-dual-tip-marker-pen\/","url":"https:\/\/gtartistoo.com\/shop\/tattoo-supplies\/tattoo-dual-tip-marker-pen\/","name":"Stylo marqueur \u00e0 double pointe pour tatouage | Gtartistoo","isPartOf":{"@id":"https:\/\/gtartistoo.com\/#website"},"primaryImageOfPage":{"@id":"https:\/\/gtartistoo.com\/shop\/tattoo-supplies\/tattoo-dual-tip-marker-pen\/#primaryimage"},"image":{"@id":"https:\/\/gtartistoo.com\/shop\/tattoo-supplies\/tattoo-dual-tip-marker-pen\/#primaryimage"},"thumbnailUrl":"https:\/\/gtartistoo.com\/wp-content\/uploads\/2026\/01\/tattoo-dual-tip-marker-pen2.webp","datePublished":"2026-01-20T07:23:53+00:00","dateModified":"2026-01-20T07:23:54+00:00","description":"Stylo marqueur tatouage \u00e0 double pointe con\u00e7u pour dessiner et tracer des contours nets. Pointe \u00e0 double \u00e9paisseur, encre r\u00e9sistante \u00e0 la d\u00e9coloration et couleurs \u00e9clatantes. Id\u00e9al pour les tatoueurs et les studios.","breadcrumb":{"@id":"https:\/\/gtartistoo.com\/shop\/tattoo-supplies\/tattoo-dual-tip-marker-pen\/#breadcrumb"},"inLanguage":"fr-FR","potentialAction":[{"@type":"ReadAction","target":["https:\/\/gtartistoo.com\/shop\/tattoo-supplies\/tattoo-dual-tip-marker-pen\/"]}]},{"@type":"ImageObject","inLanguage":"fr-FR","@id":"https:\/\/gtartistoo.com\/shop\/tattoo-supplies\/tattoo-dual-tip-marker-pen\/#primaryimage","url":"https:\/\/gtartistoo.com\/wp-content\/uploads\/2026\/01\/tattoo-dual-tip-marker-pen2.webp","contentUrl":"https:\/\/gtartistoo.com\/wp-content\/uploads\/2026\/01\/tattoo-dual-tip-marker-pen2.webp","width":800,"height":800,"caption":"tattoo dual tip marker pen for tattoo sketching"},{"@type":"BreadcrumbList","@id":"https:\/\/gtartistoo.com\/shop\/tattoo-supplies\/tattoo-dual-tip-marker-pen\/#breadcrumb","itemListElement":[{"@type":"ListItem","position":1,"name":"Home","item":"https:\/\/gtartistoo.com\/"},{"@type":"ListItem","position":2,"name":"Shop","item":"https:\/\/gtartistoo.com\/shop\/"},{"@type":"ListItem","position":3,"name":"Tattoo Dual Tip Outline Marker Pen \u2013 Colorful Double-Ended Tattoo Sketch Pen"}]},{"@type":"WebSite","@id":"https:\/\/gtartistoo.com\/#website","url":"https:\/\/gtartistoo.com\/","name":"gtartistoo.com","description":"","publisher":{"@id":"https:\/\/gtartistoo.com\/#organization"},"potentialAction":[{"@type":"SearchAction","target":{"@type":"EntryPoint","urlTemplate":"https:\/\/gtartistoo.com\/?s={search_term_string}"},"query-input":{"@type":"PropertyValueSpecification","valueRequired":true,"valueName":"search_term_string"}}],"inLanguage":"fr-FR"},{"@type":"Organization","@id":"https:\/\/gtartistoo.com\/#organization","name":"gtartistoo.com","url":"https:\/\/gtartistoo.com\/","logo":{"@type":"ImageObject","inLanguage":"fr-FR","@id":"https:\/\/gtartistoo.com\/#\/schema\/logo\/image\/","url":"https:\/\/gtartistoo.com\/wp-content\/uploads\/2025\/10\/logo.svg","contentUrl":"https:\/\/gtartistoo.com\/wp-content\/uploads\/2025\/10\/logo.svg","width":369,"height":124,"caption":"gtartistoo.com"},"image":{"@id":"https:\/\/gtartistoo.com\/#\/schema\/logo\/image\/"}}]},"og_availability":"instock","product_availability":"instock","product_retailer_item_id":"31461","product_condition":"new"},"_links":{"self":[{"href":"https:\/\/gtartistoo.com\/fr\/wp-json\/wp\/v2\/product\/31461","targetHints":{"allow":["GET"]}}],"collection":[{"href":"https:\/\/gtartistoo.com\/fr\/wp-json\/wp\/v2\/product"}],"about":[{"href":"https:\/\/gtartistoo.com\/fr\/wp-json\/wp\/v2\/types\/product"}],"replies":[{"embeddable":true,"href":"https:\/\/gtartistoo.com\/fr\/wp-json\/wp\/v2\/comments?post=31461"}],"version-history":[{"count":1,"href":"https:\/\/gtartistoo.com\/fr\/wp-json\/wp\/v2\/product\/31461\/revisions"}],"predecessor-version":[{"id":31474,"href":"https:\/\/gtartistoo.com\/fr\/wp-json\/wp\/v2\/product\/31461\/revisions\/31474"}],"wp:featuredmedia":[{"embeddable":true,"href":"https:\/\/gtartistoo.com\/fr\/wp-json\/wp\/v2\/media\/31468"}],"wp:attachment":[{"href":"https:\/\/gtartistoo.com\/fr\/wp-json\/wp\/v2\/media?parent=31461"}],"wp:term":[{"taxonomy":"product_brand","embeddable":true,"href":"https:\/\/gtartistoo.com\/fr\/wp-json\/wp\/v2\/product_brand?post=31461"},{"taxonomy":"product_cat","embeddable":true,"href":"https:\/\/gtartistoo.com\/fr\/wp-json\/wp\/v2\/product_cat?post=31461"},{"taxonomy":"product_tag","embeddable":true,"href":"https:\/\/gtartistoo.com\/fr\/wp-json\/wp\/v2\/product_tag?post=31461"}],"curies":[{"name":"wp","href":"https:\/\/api.w.org\/{rel}","templated":true}]}}