{"id":31491,"date":"2026-01-29T05:31:44","date_gmt":"2026-01-29T05:31:44","guid":{"rendered":"https:\/\/gtartistoo.com\/?post_type=product&#038;p=31491"},"modified":"2026-01-29T05:31:56","modified_gmt":"2026-01-29T05:31:56","slug":"stencil-stuff-tattoo-stencil-transfer-gel","status":"publish","type":"product","link":"https:\/\/gtartistoo.com\/fr\/boutique\/fournitures-pour-tatouage\/stencil-stuff-tattoo-stencil-transfer-gel\/","title":{"rendered":"Gel de transfert pour pochoir de tatouage Stencil Stuff"},"content":{"rendered":"<h2 data-start=\"429\" data-end=\"473\">Gel de transfert pour pochoir de tatouage professionnel<\/h2>\n<p data-start=\"475\" data-end=\"795\"><strong data-start=\"475\" data-end=\"520\">Gel de transfert pour pochoir de tatouage Stencil Stuff<\/strong> est une solution professionnelle con\u00e7ue pour offrir des transferts de pochoirs propres, nets et fiables. D\u00e8s la premi\u00e8re application, les artistes peuvent clairement voir la diff\u00e9rence en termes de pr\u00e9cision et de coh\u00e9rence. Par cons\u00e9quent, la mise en place des \u0153uvres d'art devient plus rapide, plus facile et plus pr\u00e9cise.<\/p>\n<hr data-start=\"797\" data-end=\"800\" \/>\n<h2 data-start=\"802\" data-end=\"849\">Transferts propres, sans bavures et durables<\/h2>\n<p data-start=\"851\" data-end=\"1199\">Pendant le processus de tatouage, la clart\u00e9 du pochoir est essentielle. <strong data-start=\"910\" data-end=\"923\">C'est pourquoi<\/strong>, Ce gel de transfert est formul\u00e9 pour offrir une excellente adh\u00e9rence tout en \u00e9vitant les bavures et la d\u00e9coloration. De plus, une fois que le pochoir est fix\u00e9, il reste net tout au long de la session. <strong data-start=\"1100\" data-end=\"1115\">En outre, les<\/strong>, La formule permet des applications multiples sans compromettre la d\u00e9finition de la ligne.<\/p>\n<hr data-start=\"1201\" data-end=\"1204\" \/>\n<h2 data-start=\"1206\" data-end=\"1252\">Formule douce, sans danger pour la peau et respectueuse de l'environnement<\/h2>\n<p data-start=\"1254\" data-end=\"1570\">La s\u00e9curit\u00e9 du client est toujours prioritaire. <strong data-start=\"1288\" data-end=\"1307\">C'est pourquoi<\/strong>, Les pochoirs sont fabriqu\u00e9s \u00e0 partir d'ingr\u00e9dients propres, respectueux de l'environnement et doux pour la plupart des types de peau. <strong data-start=\"1406\" data-end=\"1421\">En outre<\/strong>, La formule non irritante r\u00e9duit le risque de rougeur ou d'inconfort, et convient donc aussi bien aux studios professionnels qu'aux clients \u00e0 la peau sensible.<\/p>\n<hr data-start=\"1572\" data-end=\"1575\" \/>\n<h2 data-start=\"1577\" data-end=\"1623\">Application facile avec des r\u00e9sultats professionnels<\/h2>\n<p data-start=\"1625\" data-end=\"1941\">L'application du gel est simple et efficace. <strong data-start=\"1667\" data-end=\"1695\">Avec seulement une petite quantit\u00e9<\/strong>, Les artistes peuvent ainsi obtenir une adh\u00e9rence optimale et des r\u00e9sultats durables. <strong data-start=\"1760\" data-end=\"1773\">En attendant<\/strong>, La texture lisse assure une couverture uniforme, ce qui permet de maintenir une qualit\u00e9 constante du pochoir. <strong data-start=\"1866\" data-end=\"1882\">En cons\u00e9quence<\/strong>, Ainsi, moins de produits sont gaspill\u00e9s et l'efficacit\u00e9 du flux de travail s'en trouve am\u00e9lior\u00e9e.<\/p>\n<hr data-start=\"1943\" data-end=\"1946\" \/>\n<h2 data-start=\"1948\" data-end=\"1989\">Tailles disponibles pour tous les besoins des studios<\/h2>\n<p data-start=\"1991\" data-end=\"2211\">Pour r\u00e9pondre aux diff\u00e9rentes exigences d'utilisation, ce gel de transfert pour pochoir de tatouage est disponible en plusieurs tailles. <strong data-start=\"2094\" data-end=\"2172\">Que vous soyez en d\u00e9placement, que vous travailliez tous les jours ou que vous g\u00e9riez un studio tr\u00e8s fr\u00e9quent\u00e9<\/strong>, il existe une option appropri\u00e9e.<\/p>\n<ul data-start=\"2213\" data-end=\"2370\">\n<li data-start=\"2213\" data-end=\"2257\">\n<p data-start=\"2215\" data-end=\"2257\"><strong data-start=\"2215\" data-end=\"2223\">1 oz<\/strong> - Id\u00e9al pour les voyages ou les essais<\/p>\n<\/li>\n<li data-start=\"2258\" data-end=\"2309\">\n<p data-start=\"2260\" data-end=\"2309\"><strong data-start=\"2260\" data-end=\"2268\">4 oz<\/strong> - Convient aux s\u00e9ances r\u00e9guli\u00e8res en studio<\/p>\n<\/li>\n<li data-start=\"2310\" data-end=\"2370\">\n<p data-start=\"2312\" data-end=\"2370\"><strong data-start=\"2312\" data-end=\"2320\">8 oz<\/strong> - Le meilleur choix pour une utilisation professionnelle \u00e0 haut volume<\/p>\n<\/li>\n<\/ul>\n<hr data-start=\"2372\" data-end=\"2375\" \/>\n<h2 data-start=\"2377\" data-end=\"2403\">Sp\u00e9cifications des produits<\/h2>\n<ul data-start=\"2405\" data-end=\"2603\">\n<li data-start=\"2405\" data-end=\"2433\">\n<p data-start=\"2407\" data-end=\"2433\"><strong data-start=\"2407\" data-end=\"2417\">Marque :<\/strong> Pochoirs<\/p>\n<\/li>\n<li data-start=\"2434\" data-end=\"2458\">\n<p data-start=\"2436\" data-end=\"2458\"><strong data-start=\"2436\" data-end=\"2446\">Couleur :<\/strong> Blanc cass\u00e9<\/p>\n<\/li>\n<li data-start=\"2459\" data-end=\"2483\">\n<p data-start=\"2461\" data-end=\"2483\"><strong data-start=\"2461\" data-end=\"2471\">Style :<\/strong> Polyvalent<\/p>\n<\/li>\n<li data-start=\"2484\" data-end=\"2525\">\n<p data-start=\"2486\" data-end=\"2525\"><strong data-start=\"2486\" data-end=\"2507\">R\u00e9sistance \u00e0 l'eau :<\/strong> R\u00e9sistant \u00e0 l'eau<\/p>\n<\/li>\n<li data-start=\"2526\" data-end=\"2571\">\n<p data-start=\"2528\" data-end=\"2571\"><strong data-start=\"2528\" data-end=\"2540\">Formule :<\/strong> Vegan-friendly et sans danger pour la peau<\/p>\n<\/li>\n<li data-start=\"2572\" data-end=\"2603\">\n<p data-start=\"2574\" data-end=\"2603\"><strong data-start=\"2574\" data-end=\"2585\">Origine :<\/strong> Fabriqu\u00e9 aux \u00c9tats-Unis<\/p>\n<\/li>\n<\/ul>\n<hr data-start=\"2605\" data-end=\"2608\" \/>\n<h2 data-start=\"2610\" data-end=\"2657\">Pourquoi les tatoueurs choisissent ce gel de transfert<\/h2>\n<p data-start=\"2659\" data-end=\"2911\"><strong data-start=\"2659\" data-end=\"2670\">Dans l'ensemble<\/strong>, Le gel de transfert de pochoirs Stencil Stuff Tattoo combine pr\u00e9cision, s\u00e9curit\u00e9 et facilit\u00e9 d'utilisation en une seule solution professionnelle. <strong data-start=\"2790\" data-end=\"2805\">En cons\u00e9quence, les<\/strong>, Ainsi, les artistes peuvent se concentrer davantage sur leur m\u00e9tier tout en garantissant des transferts de pochoirs propres et pr\u00e9cis pour chaque tatouage.<\/p>","protected":false},"excerpt":{"rendered":"<p>Un gel de transfert professionnel pour pochoir de tatouage con\u00e7u pour des transferts propres, nets et sans bavures. Doux pour la peau, respectueux de l'environnement et reconnu par les tatoueurs du monde entier.<\/p>","protected":false},"featured_media":31496,"comment_status":"open","ping_status":"closed","template":"","meta":[],"product_brand":[344],"product_cat":[83],"product_tag":[345],"class_list":{"0":"post-31491","1":"product","2":"type-product","3":"status-publish","4":"has-post-thumbnail","6":"product_brand-stencil-stuff","7":"product_cat-tattoo-supplies","8":"product_tag-tattoo-stencil","10":"first","11":"instock","12":"taxable","13":"shipping-taxable","14":"purchasable","15":"product-type-variable"},"yoast_head":"<!-- This site is optimized with the Yoast SEO Premium plugin v26.2 (Yoast SEO v26.2) - https:\/\/yoast.com\/wordpress\/plugins\/seo\/ -->\n<title>Stencil Stuff Tattoo Stencil Transfer Gel | Tattoo Transfer Solution<\/title>\n<meta name=\"description\" content=\"Stencil Stuff Tattoo Stencil Transfer Gel delivers clean, sharp, and long-lasting stencil transfers. Vegan-friendly, skin-safe formula trusted by professional tattoo artists. Available in 1oz, 4oz, and 8oz sizes.\" \/>\n<meta name=\"robots\" content=\"index, follow, max-snippet:-1, max-image-preview:large, max-video-preview:-1\" \/>\n<link rel=\"canonical\" href=\"https:\/\/gtartistoo.com\/fr\/boutique\/fournitures-pour-tatouage\/stencil-stuff-tattoo-stencil-transfer-gel\/\" \/>\n<meta property=\"og:locale\" content=\"fr_FR\" \/>\n<meta property=\"og:type\" content=\"article\" \/>\n<meta property=\"og:title\" content=\"Stencil Stuff Tattoo Stencil Transfer Gel\" \/>\n<meta property=\"og:description\" content=\"Stencil Stuff Tattoo Stencil Transfer Gel delivers clean, sharp, and long-lasting stencil transfers. Vegan-friendly, skin-safe formula trusted by professional tattoo artists. Available in 1oz, 4oz, and 8oz sizes.\" \/>\n<meta property=\"og:url\" content=\"https:\/\/gtartistoo.com\/fr\/boutique\/fournitures-pour-tatouage\/stencil-stuff-tattoo-stencil-transfer-gel\/\" \/>\n<meta property=\"og:site_name\" content=\"gtartistoo.com\" \/>\n<meta property=\"article:modified_time\" content=\"2026-01-29T05:31:56+00:00\" \/>\n<meta property=\"og:image\" content=\"https:\/\/gtartistoo.com\/wp-content\/uploads\/2026\/01\/stencil-stuff-tattoo-stencil-transfer-gel1.webp\" \/>\n\t<meta property=\"og:image:width\" content=\"800\" \/>\n\t<meta property=\"og:image:height\" content=\"800\" \/>\n\t<meta property=\"og:image:type\" content=\"image\/webp\" \/>\n<meta name=\"twitter:card\" content=\"summary_large_image\" \/>\n<meta name=\"twitter:label1\" content=\"Disponibilit\u00e9\" \/>\n\t<meta name=\"twitter:data1\" content=\"En stock\" \/>\n<script type=\"application\/ld+json\" class=\"yoast-schema-graph\">{\"@context\":\"https:\/\/schema.org\",\"@graph\":[{\"@type\":\"WebPage\",\"@id\":\"https:\/\/gtartistoo.com\/shop\/tattoo-supplies\/stencil-stuff-tattoo-stencil-transfer-gel\/\",\"url\":\"https:\/\/gtartistoo.com\/shop\/tattoo-supplies\/stencil-stuff-tattoo-stencil-transfer-gel\/\",\"name\":\"Stencil Stuff Tattoo Stencil Transfer Gel | Tattoo Transfer Solution\",\"isPartOf\":{\"@id\":\"https:\/\/gtartistoo.com\/#website\"},\"primaryImageOfPage\":{\"@id\":\"https:\/\/gtartistoo.com\/shop\/tattoo-supplies\/stencil-stuff-tattoo-stencil-transfer-gel\/#primaryimage\"},\"image\":{\"@id\":\"https:\/\/gtartistoo.com\/shop\/tattoo-supplies\/stencil-stuff-tattoo-stencil-transfer-gel\/#primaryimage\"},\"thumbnailUrl\":\"https:\/\/gtartistoo.com\/wp-content\/uploads\/2026\/01\/stencil-stuff-tattoo-stencil-transfer-gel1.webp\",\"datePublished\":\"2026-01-29T05:31:44+00:00\",\"dateModified\":\"2026-01-29T05:31:56+00:00\",\"description\":\"Stencil Stuff Tattoo Stencil Transfer Gel delivers clean, sharp, and long-lasting stencil transfers. Vegan-friendly, skin-safe formula trusted by professional tattoo artists. Available in 1oz, 4oz, and 8oz sizes.\",\"breadcrumb\":{\"@id\":\"https:\/\/gtartistoo.com\/shop\/tattoo-supplies\/stencil-stuff-tattoo-stencil-transfer-gel\/#breadcrumb\"},\"inLanguage\":\"fr-FR\",\"potentialAction\":[{\"@type\":\"ReadAction\",\"target\":[\"https:\/\/gtartistoo.com\/shop\/tattoo-supplies\/stencil-stuff-tattoo-stencil-transfer-gel\/\"]}]},{\"@type\":\"ImageObject\",\"inLanguage\":\"fr-FR\",\"@id\":\"https:\/\/gtartistoo.com\/shop\/tattoo-supplies\/stencil-stuff-tattoo-stencil-transfer-gel\/#primaryimage\",\"url\":\"https:\/\/gtartistoo.com\/wp-content\/uploads\/2026\/01\/stencil-stuff-tattoo-stencil-transfer-gel1.webp\",\"contentUrl\":\"https:\/\/gtartistoo.com\/wp-content\/uploads\/2026\/01\/stencil-stuff-tattoo-stencil-transfer-gel1.webp\",\"width\":800,\"height\":800,\"caption\":\"Stencil Stuff tattoo stencil transfer gel for clean and precise tattoo transfers\"},{\"@type\":\"BreadcrumbList\",\"@id\":\"https:\/\/gtartistoo.com\/shop\/tattoo-supplies\/stencil-stuff-tattoo-stencil-transfer-gel\/#breadcrumb\",\"itemListElement\":[{\"@type\":\"ListItem\",\"position\":1,\"name\":\"Home\",\"item\":\"https:\/\/gtartistoo.com\/\"},{\"@type\":\"ListItem\",\"position\":2,\"name\":\"Shop\",\"item\":\"https:\/\/gtartistoo.com\/shop\/\"},{\"@type\":\"ListItem\",\"position\":3,\"name\":\"Stencil Stuff Tattoo Stencil Transfer Gel\"}]},{\"@type\":\"WebSite\",\"@id\":\"https:\/\/gtartistoo.com\/#website\",\"url\":\"https:\/\/gtartistoo.com\/\",\"name\":\"gtartistoo.com\",\"description\":\"\",\"publisher\":{\"@id\":\"https:\/\/gtartistoo.com\/#organization\"},\"potentialAction\":[{\"@type\":\"SearchAction\",\"target\":{\"@type\":\"EntryPoint\",\"urlTemplate\":\"https:\/\/gtartistoo.com\/?s={search_term_string}\"},\"query-input\":{\"@type\":\"PropertyValueSpecification\",\"valueRequired\":true,\"valueName\":\"search_term_string\"}}],\"inLanguage\":\"fr-FR\"},{\"@type\":\"Organization\",\"@id\":\"https:\/\/gtartistoo.com\/#organization\",\"name\":\"gtartistoo.com\",\"url\":\"https:\/\/gtartistoo.com\/\",\"logo\":{\"@type\":\"ImageObject\",\"inLanguage\":\"fr-FR\",\"@id\":\"https:\/\/gtartistoo.com\/#\/schema\/logo\/image\/\",\"url\":\"https:\/\/gtartistoo.com\/wp-content\/uploads\/2025\/10\/logo.svg\",\"contentUrl\":\"https:\/\/gtartistoo.com\/wp-content\/uploads\/2025\/10\/logo.svg\",\"width\":369,\"height\":124,\"caption\":\"gtartistoo.com\"},\"image\":{\"@id\":\"https:\/\/gtartistoo.com\/#\/schema\/logo\/image\/\"}}]}<\/script>\n<meta property=\"og:availability\" content=\"instock\" \/>\n<meta property=\"product:availability\" content=\"instock\" \/>\n<meta property=\"product:retailer_item_id\" content=\"31491\" \/>\n<meta property=\"product:condition\" content=\"new\" \/>\n<!-- \/ Yoast SEO Premium plugin. -->","yoast_head_json":{"title":"Stencil Stuff Tattoo Stencil Transfer Gel | Tattoo Transfer Solution","description":"Le gel de transfert de pochoir Stencil Stuff Tattoo permet des transferts de pochoirs propres, nets et durables. Formule sans danger pour la peau, respectueuse de l'environnement, \u00e0 laquelle les tatoueurs professionnels font confiance. Disponible en formats 1 oz, 4 oz et 8 oz.","robots":{"index":"index","follow":"follow","max-snippet":"max-snippet:-1","max-image-preview":"max-image-preview:large","max-video-preview":"max-video-preview:-1"},"canonical":"https:\/\/gtartistoo.com\/fr\/boutique\/fournitures-pour-tatouage\/stencil-stuff-tattoo-stencil-transfer-gel\/","og_locale":"fr_FR","og_type":"article","og_title":"Stencil Stuff Tattoo Stencil Transfer Gel","og_description":"Stencil Stuff Tattoo Stencil Transfer Gel delivers clean, sharp, and long-lasting stencil transfers. Vegan-friendly, skin-safe formula trusted by professional tattoo artists. Available in 1oz, 4oz, and 8oz sizes.","og_url":"https:\/\/gtartistoo.com\/fr\/boutique\/fournitures-pour-tatouage\/stencil-stuff-tattoo-stencil-transfer-gel\/","og_site_name":"gtartistoo.com","article_modified_time":"2026-01-29T05:31:56+00:00","og_image":[{"width":800,"height":800,"url":"https:\/\/gtartistoo.com\/wp-content\/uploads\/2026\/01\/stencil-stuff-tattoo-stencil-transfer-gel1.webp","type":"image\/webp"}],"twitter_card":"summary_large_image","twitter_misc":{"Disponibilit\u00e9":"En stock"},"schema":{"@context":"https:\/\/schema.org","@graph":[{"@type":"WebPage","@id":"https:\/\/gtartistoo.com\/shop\/tattoo-supplies\/stencil-stuff-tattoo-stencil-transfer-gel\/","url":"https:\/\/gtartistoo.com\/shop\/tattoo-supplies\/stencil-stuff-tattoo-stencil-transfer-gel\/","name":"Stencil Stuff Tattoo Stencil Transfer Gel | Tattoo Transfer Solution","isPartOf":{"@id":"https:\/\/gtartistoo.com\/#website"},"primaryImageOfPage":{"@id":"https:\/\/gtartistoo.com\/shop\/tattoo-supplies\/stencil-stuff-tattoo-stencil-transfer-gel\/#primaryimage"},"image":{"@id":"https:\/\/gtartistoo.com\/shop\/tattoo-supplies\/stencil-stuff-tattoo-stencil-transfer-gel\/#primaryimage"},"thumbnailUrl":"https:\/\/gtartistoo.com\/wp-content\/uploads\/2026\/01\/stencil-stuff-tattoo-stencil-transfer-gel1.webp","datePublished":"2026-01-29T05:31:44+00:00","dateModified":"2026-01-29T05:31:56+00:00","description":"Le gel de transfert de pochoir Stencil Stuff Tattoo permet des transferts de pochoirs propres, nets et durables. Formule sans danger pour la peau, respectueuse de l'environnement, \u00e0 laquelle les tatoueurs professionnels font confiance. Disponible en formats 1 oz, 4 oz et 8 oz.","breadcrumb":{"@id":"https:\/\/gtartistoo.com\/shop\/tattoo-supplies\/stencil-stuff-tattoo-stencil-transfer-gel\/#breadcrumb"},"inLanguage":"fr-FR","potentialAction":[{"@type":"ReadAction","target":["https:\/\/gtartistoo.com\/shop\/tattoo-supplies\/stencil-stuff-tattoo-stencil-transfer-gel\/"]}]},{"@type":"ImageObject","inLanguage":"fr-FR","@id":"https:\/\/gtartistoo.com\/shop\/tattoo-supplies\/stencil-stuff-tattoo-stencil-transfer-gel\/#primaryimage","url":"https:\/\/gtartistoo.com\/wp-content\/uploads\/2026\/01\/stencil-stuff-tattoo-stencil-transfer-gel1.webp","contentUrl":"https:\/\/gtartistoo.com\/wp-content\/uploads\/2026\/01\/stencil-stuff-tattoo-stencil-transfer-gel1.webp","width":800,"height":800,"caption":"Stencil Stuff tattoo stencil transfer gel for clean and precise tattoo transfers"},{"@type":"BreadcrumbList","@id":"https:\/\/gtartistoo.com\/shop\/tattoo-supplies\/stencil-stuff-tattoo-stencil-transfer-gel\/#breadcrumb","itemListElement":[{"@type":"ListItem","position":1,"name":"Home","item":"https:\/\/gtartistoo.com\/"},{"@type":"ListItem","position":2,"name":"Shop","item":"https:\/\/gtartistoo.com\/shop\/"},{"@type":"ListItem","position":3,"name":"Stencil Stuff Tattoo Stencil Transfer Gel"}]},{"@type":"WebSite","@id":"https:\/\/gtartistoo.com\/#website","url":"https:\/\/gtartistoo.com\/","name":"gtartistoo.com","description":"","publisher":{"@id":"https:\/\/gtartistoo.com\/#organization"},"potentialAction":[{"@type":"SearchAction","target":{"@type":"EntryPoint","urlTemplate":"https:\/\/gtartistoo.com\/?s={search_term_string}"},"query-input":{"@type":"PropertyValueSpecification","valueRequired":true,"valueName":"search_term_string"}}],"inLanguage":"fr-FR"},{"@type":"Organization","@id":"https:\/\/gtartistoo.com\/#organization","name":"gtartistoo.com","url":"https:\/\/gtartistoo.com\/","logo":{"@type":"ImageObject","inLanguage":"fr-FR","@id":"https:\/\/gtartistoo.com\/#\/schema\/logo\/image\/","url":"https:\/\/gtartistoo.com\/wp-content\/uploads\/2025\/10\/logo.svg","contentUrl":"https:\/\/gtartistoo.com\/wp-content\/uploads\/2025\/10\/logo.svg","width":369,"height":124,"caption":"gtartistoo.com"},"image":{"@id":"https:\/\/gtartistoo.com\/#\/schema\/logo\/image\/"}}]},"og_availability":"instock","product_availability":"instock","product_retailer_item_id":"31491","product_condition":"new"},"_links":{"self":[{"href":"https:\/\/gtartistoo.com\/fr\/wp-json\/wp\/v2\/product\/31491","targetHints":{"allow":["GET"]}}],"collection":[{"href":"https:\/\/gtartistoo.com\/fr\/wp-json\/wp\/v2\/product"}],"about":[{"href":"https:\/\/gtartistoo.com\/fr\/wp-json\/wp\/v2\/types\/product"}],"replies":[{"embeddable":true,"href":"https:\/\/gtartistoo.com\/fr\/wp-json\/wp\/v2\/comments?post=31491"}],"version-history":[{"count":2,"href":"https:\/\/gtartistoo.com\/fr\/wp-json\/wp\/v2\/product\/31491\/revisions"}],"predecessor-version":[{"id":31504,"href":"https:\/\/gtartistoo.com\/fr\/wp-json\/wp\/v2\/product\/31491\/revisions\/31504"}],"wp:featuredmedia":[{"embeddable":true,"href":"https:\/\/gtartistoo.com\/fr\/wp-json\/wp\/v2\/media\/31496"}],"wp:attachment":[{"href":"https:\/\/gtartistoo.com\/fr\/wp-json\/wp\/v2\/media?parent=31491"}],"wp:term":[{"taxonomy":"product_brand","embeddable":true,"href":"https:\/\/gtartistoo.com\/fr\/wp-json\/wp\/v2\/product_brand?post=31491"},{"taxonomy":"product_cat","embeddable":true,"href":"https:\/\/gtartistoo.com\/fr\/wp-json\/wp\/v2\/product_cat?post=31491"},{"taxonomy":"product_tag","embeddable":true,"href":"https:\/\/gtartistoo.com\/fr\/wp-json\/wp\/v2\/product_tag?post=31491"}],"curies":[{"name":"wp","href":"https:\/\/api.w.org\/{rel}","templated":true}]}}