{"id":31505,"date":"2026-01-29T05:31:52","date_gmt":"2026-01-29T05:31:52","guid":{"rendered":"https:\/\/gtartistoo.com\/?post_type=product&#038;p=31505"},"modified":"2026-01-29T05:31:56","modified_gmt":"2026-01-29T05:31:56","slug":"tuffking-tp-046r2-machine-a-tatouer-sans-fil","status":"publish","type":"product","link":"https:\/\/gtartistoo.com\/fr\/boutique\/machine-a-tatouer\/tuffking-tp-046r2-machine-a-tatouer-sans-fil\/","title":{"rendered":"Tuffking TP-046R2 Machine \u00e0 tatouer sans fil"},"content":{"rendered":"<p data-start=\"1301\" data-end=\"1653\">Les <strong data-start=\"1305\" data-end=\"1354\">Machine \u00e0 tatouer sans fil Tuffking TP-046R2<\/strong> est con\u00e7u pour les tatoueurs professionnels qui exigent pr\u00e9cision, stabilit\u00e9 et fiabilit\u00e9 pendant les longues s\u00e9ances de travail. Dot\u00e9 d'un moteur sans noyau r\u00e9cemment am\u00e9lior\u00e9 et d'un corps en alliage d'aluminium durable, ce stylo de tatouage offre une puissance constante et un mouvement d'aiguille fluide pour le tra\u00e7age et l'ombrage.<\/p>\n<p data-start=\"1655\" data-end=\"1991\">En outre, le TP-046R2 est dot\u00e9 d'un syst\u00e8me avanc\u00e9 de contr\u00f4le de la tension avec une fonction de contr\u00f4le de la tension. <strong data-start=\"1729\" data-end=\"1755\">Plage r\u00e9glable de 4 \u00e0 12 V<\/strong>, Les changements de tension sont plus rapides et plus pr\u00e9cis, ce qui permet aux artistes de s'adapter rapidement aux diff\u00e9rents styles de tatouage. Gr\u00e2ce au circuit mat\u00e9riel am\u00e9lior\u00e9 et \u00e0 l'algorithme logiciel optimis\u00e9, les changements de tension sont plus rapides et plus pr\u00e9cis, assurant une sortie stable m\u00eame en cas d'utilisation continue.<\/p>\n<p data-start=\"1993\" data-end=\"2276\">En outre, la haute r\u00e9solution <strong data-start=\"2026\" data-end=\"2042\">\u00c9cran OLED<\/strong> indique clairement la tension, l'\u00e9tat de la batterie et la dur\u00e9e de fonctionnement en un coup d'\u0153il. Les deux modes de d\u00e9marrage - d\u00e9marrage standard et d\u00e9marrage am\u00e9lior\u00e9 - permettent \u00e0 cette machine \u00e0 tatouer sans fil de s'adapter \u00e0 diff\u00e9rentes aiguilles de cartouche et \u00e0 diff\u00e9rents sc\u00e9narios de travail.<\/p>\n<p data-start=\"2278\" data-end=\"2612\">Pour la s\u00e9curit\u00e9 et la durabilit\u00e9, Tuffking a int\u00e9gr\u00e9 de multiples syst\u00e8mes de protection, notamment <strong data-start=\"2368\" data-end=\"2462\">protection contre la surcharge, protection contre le blocage de la cartouche et protection contre les courts-circuits de sortie<\/strong>. En cas d'anomalie, des alertes claires \u00e0 l'\u00e9cran permettent aux artistes de r\u00e9agir imm\u00e9diatement, ce qui garantit un processus de tatouage plus s\u00fbr et mieux contr\u00f4l\u00e9.<\/p>\n<h2 data-start=\"2278\" data-end=\"2612\">Caract\u00e9ristiques principales<\/h2>\n<ul>\n<li data-start=\"2671\" data-end=\"2734\">\n<p data-start=\"2673\" data-end=\"2734\">Haute performance <strong data-start=\"2690\" data-end=\"2708\">moteur sans noyau<\/strong> pour une puissance de sortie stable<\/p>\n<\/li>\n<li data-start=\"2735\" data-end=\"2798\">\n<p data-start=\"2737\" data-end=\"2798\">R\u00e9glable <strong data-start=\"2748\" data-end=\"2773\">Tension de fonctionnement 4-12V<\/strong> pour la doublure et l'ombrage<\/p>\n<\/li>\n<li data-start=\"2799\" data-end=\"2857\">\n<p data-start=\"2801\" data-end=\"2857\"><strong data-start=\"2801\" data-end=\"2820\">Batterie de 1700mAh<\/strong> jusqu'\u00e0 8 heures de travail<\/p>\n<\/li>\n<li data-start=\"2858\" data-end=\"2911\">\n<p data-start=\"2860\" data-end=\"2911\"><strong data-start=\"2860\" data-end=\"2876\">\u00c9cran OLED<\/strong> avec des informations claires en temps r\u00e9el<\/p>\n<\/li>\n<li data-start=\"2912\" data-end=\"2969\">\n<p data-start=\"2914\" data-end=\"2969\">Deux modes de d\u00e9marrage pour diff\u00e9rentes applications de tatouage<\/p>\n<\/li>\n<li data-start=\"2970\" data-end=\"3024\">\n<p data-start=\"2972\" data-end=\"3024\">Multiples protections de s\u00e9curit\u00e9 pour un fonctionnement fiable<\/p>\n<\/li>\n<\/ul>\n<h2 data-start=\"3065\" data-end=\"3092\">Sp\u00e9cifications techniques<\/h2>\n<ul data-start=\"3094\" data-end=\"3601\">\n<li data-start=\"3094\" data-end=\"3121\">\n<p data-start=\"3096\" data-end=\"3121\"><strong data-start=\"3096\" data-end=\"3106\">Mod\u00e8le :<\/strong> TP-046R2-1PC<\/p>\n<\/li>\n<li data-start=\"3122\" data-end=\"3145\">\n<p data-start=\"3124\" data-end=\"3145\"><strong data-start=\"3124\" data-end=\"3134\">Marque :<\/strong> Tuffking<\/p>\n<\/li>\n<li data-start=\"3146\" data-end=\"3182\">\n<p data-start=\"3148\" data-end=\"3182\"><strong data-start=\"3148\" data-end=\"3164\">Vitesse du moteur :<\/strong> Jusqu'\u00e0 12000 tours\/minute<\/p>\n<\/li>\n<li data-start=\"3183\" data-end=\"3211\">\n<p data-start=\"3185\" data-end=\"3211\"><strong data-start=\"3185\" data-end=\"3203\">Longueur de la course :<\/strong> 3,5 mm<\/p>\n<\/li>\n<li data-start=\"3212\" data-end=\"3241\">\n<p data-start=\"3214\" data-end=\"3241\"><strong data-start=\"3214\" data-end=\"3233\">Tension de sortie :<\/strong> 4-12V<\/p>\n<\/li>\n<li data-start=\"3242\" data-end=\"3275\">\n<p data-start=\"3244\" data-end=\"3275\"><strong data-start=\"3244\" data-end=\"3265\">Capacit\u00e9 de la batterie :<\/strong> 1700mAh<\/p>\n<\/li>\n<li data-start=\"3276\" data-end=\"3311\">\n<p data-start=\"3278\" data-end=\"3311\"><strong data-start=\"3278\" data-end=\"3295\">Temps de travail :<\/strong> Environ 8 heures<\/p>\n<\/li>\n<li data-start=\"3312\" data-end=\"3350\">\n<p data-start=\"3314\" data-end=\"3350\"><strong data-start=\"3314\" data-end=\"3332\">Temps de charge :<\/strong> Environ 2,5 heures<\/p>\n<\/li>\n<li data-start=\"3351\" data-end=\"3389\">\n<p data-start=\"3353\" data-end=\"3389\"><strong data-start=\"3353\" data-end=\"3376\">Interface de chargement :<\/strong> USB Type-C<\/p>\n<\/li>\n<li data-start=\"3390\" data-end=\"3421\">\n<p data-start=\"3392\" data-end=\"3421\"><strong data-start=\"3392\" data-end=\"3404\">Affichage :<\/strong> OLED de 0,66 pouce<\/p>\n<\/li>\n<li data-start=\"3422\" data-end=\"3478\">\n<p data-start=\"3424\" data-end=\"3478\"><strong data-start=\"3424\" data-end=\"3437\">Mat\u00e9riau :<\/strong> Alliage d'aluminium (surface anodis\u00e9e dure)<\/p>\n<\/li>\n<li data-start=\"3479\" data-end=\"3499\">\n<p data-start=\"3481\" data-end=\"3499\"><strong data-start=\"3481\" data-end=\"3492\">Poids :<\/strong> 238g<\/p>\n<\/li>\n<li data-start=\"3500\" data-end=\"3525\">\n<p data-start=\"3502\" data-end=\"3525\"><strong data-start=\"3502\" data-end=\"3511\">Taille :<\/strong> 140 \u00d7 35 mm<\/p>\n<\/li>\n<li data-start=\"3526\" data-end=\"3601\">\n<p data-start=\"3528\" data-end=\"3601\"><strong data-start=\"3528\" data-end=\"3553\">Compatibilit\u00e9 des aiguilles :<\/strong> Compatible avec la plupart des aiguilles de cartouches de tatouage<\/p>\n<\/li>\n<\/ul>","protected":false},"excerpt":{"rendered":"<p>The Tuffking TP-046R2 wireless tattoo pen machine is designed for professional tattoo artists who demand precision, stability, and reliability during<\/p>","protected":false},"featured_media":31519,"comment_status":"open","ping_status":"closed","template":"","meta":[],"product_brand":[346],"product_cat":[77],"product_tag":[259],"class_list":{"0":"post-31505","1":"product","2":"type-product","3":"status-publish","4":"has-post-thumbnail","6":"product_brand-tuffking","7":"product_cat-tattoo-machine","8":"product_tag-wireless-tattoo-pen","10":"first","11":"instock","12":"taxable","13":"shipping-taxable","14":"purchasable","15":"product-type-variable"},"yoast_head":"<!-- This site is optimized with the Yoast SEO Premium plugin v26.2 (Yoast SEO v26.2) - https:\/\/yoast.com\/wordpress\/plugins\/seo\/ -->\n<title>Tuffking TP-046R2 Wireless Tattoo Pen Machine<\/title>\n<meta name=\"description\" content=\"Tuffking TP-046R2 wireless tattoo pen features a high-performance coreless motor, 4\u201312V adjustable output, 1700mAh battery, OLED display, and dual start modes.\" \/>\n<meta name=\"robots\" content=\"index, follow, max-snippet:-1, max-image-preview:large, max-video-preview:-1\" \/>\n<link rel=\"canonical\" href=\"https:\/\/gtartistoo.com\/fr\/boutique\/machine-a-tatouer\/tuffking-tp-046r2-machine-a-tatouer-sans-fil\/\" \/>\n<meta property=\"og:locale\" content=\"fr_FR\" \/>\n<meta property=\"og:type\" content=\"article\" \/>\n<meta property=\"og:title\" content=\"Tuffking TP-046R2 Wireless Tattoo Pen Machine\" \/>\n<meta property=\"og:description\" content=\"Tuffking TP-046R2 wireless tattoo pen features a high-performance coreless motor, 4\u201312V adjustable output, 1700mAh battery, OLED display, and dual start modes.\" \/>\n<meta property=\"og:url\" content=\"https:\/\/gtartistoo.com\/fr\/boutique\/machine-a-tatouer\/tuffking-tp-046r2-machine-a-tatouer-sans-fil\/\" \/>\n<meta property=\"og:site_name\" content=\"gtartistoo.com\" \/>\n<meta property=\"article:modified_time\" content=\"2026-01-29T05:31:56+00:00\" \/>\n<meta property=\"og:image\" content=\"https:\/\/gtartistoo.com\/wp-content\/uploads\/2026\/01\/wireless-tattoo-machine-coreless-motor.jpg\" \/>\n\t<meta property=\"og:image:width\" content=\"1600\" \/>\n\t<meta property=\"og:image:height\" content=\"1600\" \/>\n\t<meta property=\"og:image:type\" content=\"image\/jpeg\" \/>\n<meta name=\"twitter:card\" content=\"summary_large_image\" \/>\n<meta name=\"twitter:label1\" content=\"Disponibilit\u00e9\" \/>\n\t<meta name=\"twitter:data1\" content=\"En stock\" \/>\n<script type=\"application\/ld+json\" class=\"yoast-schema-graph\">{\"@context\":\"https:\/\/schema.org\",\"@graph\":[{\"@type\":\"WebPage\",\"@id\":\"https:\/\/gtartistoo.com\/shop\/tattoo-machine\/tuffking-tp-046r2-wireless-tattoo-pen-machine\/\",\"url\":\"https:\/\/gtartistoo.com\/shop\/tattoo-machine\/tuffking-tp-046r2-wireless-tattoo-pen-machine\/\",\"name\":\"Tuffking TP-046R2 Wireless Tattoo Pen Machine\",\"isPartOf\":{\"@id\":\"https:\/\/gtartistoo.com\/#website\"},\"primaryImageOfPage\":{\"@id\":\"https:\/\/gtartistoo.com\/shop\/tattoo-machine\/tuffking-tp-046r2-wireless-tattoo-pen-machine\/#primaryimage\"},\"image\":{\"@id\":\"https:\/\/gtartistoo.com\/shop\/tattoo-machine\/tuffking-tp-046r2-wireless-tattoo-pen-machine\/#primaryimage\"},\"thumbnailUrl\":\"https:\/\/gtartistoo.com\/wp-content\/uploads\/2026\/01\/wireless-tattoo-machine-coreless-motor.jpg\",\"datePublished\":\"2026-01-29T05:31:52+00:00\",\"dateModified\":\"2026-01-29T05:31:56+00:00\",\"description\":\"Tuffking TP-046R2 wireless tattoo pen features a high-performance coreless motor, 4\u201312V adjustable output, 1700mAh battery, OLED display, and dual start modes.\",\"breadcrumb\":{\"@id\":\"https:\/\/gtartistoo.com\/shop\/tattoo-machine\/tuffking-tp-046r2-wireless-tattoo-pen-machine\/#breadcrumb\"},\"inLanguage\":\"fr-FR\",\"potentialAction\":[{\"@type\":\"ReadAction\",\"target\":[\"https:\/\/gtartistoo.com\/shop\/tattoo-machine\/tuffking-tp-046r2-wireless-tattoo-pen-machine\/\"]}]},{\"@type\":\"ImageObject\",\"inLanguage\":\"fr-FR\",\"@id\":\"https:\/\/gtartistoo.com\/shop\/tattoo-machine\/tuffking-tp-046r2-wireless-tattoo-pen-machine\/#primaryimage\",\"url\":\"https:\/\/gtartistoo.com\/wp-content\/uploads\/2026\/01\/wireless-tattoo-machine-coreless-motor.jpg\",\"contentUrl\":\"https:\/\/gtartistoo.com\/wp-content\/uploads\/2026\/01\/wireless-tattoo-machine-coreless-motor.jpg\",\"width\":1600,\"height\":1600},{\"@type\":\"BreadcrumbList\",\"@id\":\"https:\/\/gtartistoo.com\/shop\/tattoo-machine\/tuffking-tp-046r2-wireless-tattoo-pen-machine\/#breadcrumb\",\"itemListElement\":[{\"@type\":\"ListItem\",\"position\":1,\"name\":\"Home\",\"item\":\"https:\/\/gtartistoo.com\/\"},{\"@type\":\"ListItem\",\"position\":2,\"name\":\"Shop\",\"item\":\"https:\/\/gtartistoo.com\/shop\/\"},{\"@type\":\"ListItem\",\"position\":3,\"name\":\"Tuffking TP-046R2 Wireless Tattoo Pen Machine\"}]},{\"@type\":\"WebSite\",\"@id\":\"https:\/\/gtartistoo.com\/#website\",\"url\":\"https:\/\/gtartistoo.com\/\",\"name\":\"gtartistoo.com\",\"description\":\"\",\"publisher\":{\"@id\":\"https:\/\/gtartistoo.com\/#organization\"},\"potentialAction\":[{\"@type\":\"SearchAction\",\"target\":{\"@type\":\"EntryPoint\",\"urlTemplate\":\"https:\/\/gtartistoo.com\/?s={search_term_string}\"},\"query-input\":{\"@type\":\"PropertyValueSpecification\",\"valueRequired\":true,\"valueName\":\"search_term_string\"}}],\"inLanguage\":\"fr-FR\"},{\"@type\":\"Organization\",\"@id\":\"https:\/\/gtartistoo.com\/#organization\",\"name\":\"gtartistoo.com\",\"url\":\"https:\/\/gtartistoo.com\/\",\"logo\":{\"@type\":\"ImageObject\",\"inLanguage\":\"fr-FR\",\"@id\":\"https:\/\/gtartistoo.com\/#\/schema\/logo\/image\/\",\"url\":\"https:\/\/gtartistoo.com\/wp-content\/uploads\/2025\/10\/logo.svg\",\"contentUrl\":\"https:\/\/gtartistoo.com\/wp-content\/uploads\/2025\/10\/logo.svg\",\"width\":369,\"height\":124,\"caption\":\"gtartistoo.com\"},\"image\":{\"@id\":\"https:\/\/gtartistoo.com\/#\/schema\/logo\/image\/\"}}]}<\/script>\n<meta property=\"og:availability\" content=\"instock\" \/>\n<meta property=\"product:availability\" content=\"instock\" \/>\n<meta property=\"product:retailer_item_id\" content=\"31505\" \/>\n<meta property=\"product:condition\" content=\"new\" \/>\n<!-- \/ Yoast SEO Premium plugin. -->","yoast_head_json":{"title":"Tuffking TP-046R2 Machine \u00e0 tatouer sans fil","description":"Le stylo tatoueur sans fil Tuffking TP-046R2 est \u00e9quip\u00e9 d'un moteur sans noyau haute performance, d'une sortie r\u00e9glable de 4 \u00e0 12 V, d'une batterie de 1700 mAh, d'un \u00e9cran OLED et de deux modes de d\u00e9marrage.","robots":{"index":"index","follow":"follow","max-snippet":"max-snippet:-1","max-image-preview":"max-image-preview:large","max-video-preview":"max-video-preview:-1"},"canonical":"https:\/\/gtartistoo.com\/fr\/boutique\/machine-a-tatouer\/tuffking-tp-046r2-machine-a-tatouer-sans-fil\/","og_locale":"fr_FR","og_type":"article","og_title":"Tuffking TP-046R2 Wireless Tattoo Pen Machine","og_description":"Tuffking TP-046R2 wireless tattoo pen features a high-performance coreless motor, 4\u201312V adjustable output, 1700mAh battery, OLED display, and dual start modes.","og_url":"https:\/\/gtartistoo.com\/fr\/boutique\/machine-a-tatouer\/tuffking-tp-046r2-machine-a-tatouer-sans-fil\/","og_site_name":"gtartistoo.com","article_modified_time":"2026-01-29T05:31:56+00:00","og_image":[{"width":1600,"height":1600,"url":"https:\/\/gtartistoo.com\/wp-content\/uploads\/2026\/01\/wireless-tattoo-machine-coreless-motor.jpg","type":"image\/jpeg"}],"twitter_card":"summary_large_image","twitter_misc":{"Disponibilit\u00e9":"En stock"},"schema":{"@context":"https:\/\/schema.org","@graph":[{"@type":"WebPage","@id":"https:\/\/gtartistoo.com\/shop\/tattoo-machine\/tuffking-tp-046r2-wireless-tattoo-pen-machine\/","url":"https:\/\/gtartistoo.com\/shop\/tattoo-machine\/tuffking-tp-046r2-wireless-tattoo-pen-machine\/","name":"Tuffking TP-046R2 Machine \u00e0 tatouer sans fil","isPartOf":{"@id":"https:\/\/gtartistoo.com\/#website"},"primaryImageOfPage":{"@id":"https:\/\/gtartistoo.com\/shop\/tattoo-machine\/tuffking-tp-046r2-wireless-tattoo-pen-machine\/#primaryimage"},"image":{"@id":"https:\/\/gtartistoo.com\/shop\/tattoo-machine\/tuffking-tp-046r2-wireless-tattoo-pen-machine\/#primaryimage"},"thumbnailUrl":"https:\/\/gtartistoo.com\/wp-content\/uploads\/2026\/01\/wireless-tattoo-machine-coreless-motor.jpg","datePublished":"2026-01-29T05:31:52+00:00","dateModified":"2026-01-29T05:31:56+00:00","description":"Le stylo tatoueur sans fil Tuffking TP-046R2 est \u00e9quip\u00e9 d'un moteur sans noyau haute performance, d'une sortie r\u00e9glable de 4 \u00e0 12 V, d'une batterie de 1700 mAh, d'un \u00e9cran OLED et de deux modes de d\u00e9marrage.","breadcrumb":{"@id":"https:\/\/gtartistoo.com\/shop\/tattoo-machine\/tuffking-tp-046r2-wireless-tattoo-pen-machine\/#breadcrumb"},"inLanguage":"fr-FR","potentialAction":[{"@type":"ReadAction","target":["https:\/\/gtartistoo.com\/shop\/tattoo-machine\/tuffking-tp-046r2-wireless-tattoo-pen-machine\/"]}]},{"@type":"ImageObject","inLanguage":"fr-FR","@id":"https:\/\/gtartistoo.com\/shop\/tattoo-machine\/tuffking-tp-046r2-wireless-tattoo-pen-machine\/#primaryimage","url":"https:\/\/gtartistoo.com\/wp-content\/uploads\/2026\/01\/wireless-tattoo-machine-coreless-motor.jpg","contentUrl":"https:\/\/gtartistoo.com\/wp-content\/uploads\/2026\/01\/wireless-tattoo-machine-coreless-motor.jpg","width":1600,"height":1600},{"@type":"BreadcrumbList","@id":"https:\/\/gtartistoo.com\/shop\/tattoo-machine\/tuffking-tp-046r2-wireless-tattoo-pen-machine\/#breadcrumb","itemListElement":[{"@type":"ListItem","position":1,"name":"Home","item":"https:\/\/gtartistoo.com\/"},{"@type":"ListItem","position":2,"name":"Shop","item":"https:\/\/gtartistoo.com\/shop\/"},{"@type":"ListItem","position":3,"name":"Tuffking TP-046R2 Wireless Tattoo Pen Machine"}]},{"@type":"WebSite","@id":"https:\/\/gtartistoo.com\/#website","url":"https:\/\/gtartistoo.com\/","name":"gtartistoo.com","description":"","publisher":{"@id":"https:\/\/gtartistoo.com\/#organization"},"potentialAction":[{"@type":"SearchAction","target":{"@type":"EntryPoint","urlTemplate":"https:\/\/gtartistoo.com\/?s={search_term_string}"},"query-input":{"@type":"PropertyValueSpecification","valueRequired":true,"valueName":"search_term_string"}}],"inLanguage":"fr-FR"},{"@type":"Organization","@id":"https:\/\/gtartistoo.com\/#organization","name":"gtartistoo.com","url":"https:\/\/gtartistoo.com\/","logo":{"@type":"ImageObject","inLanguage":"fr-FR","@id":"https:\/\/gtartistoo.com\/#\/schema\/logo\/image\/","url":"https:\/\/gtartistoo.com\/wp-content\/uploads\/2025\/10\/logo.svg","contentUrl":"https:\/\/gtartistoo.com\/wp-content\/uploads\/2025\/10\/logo.svg","width":369,"height":124,"caption":"gtartistoo.com"},"image":{"@id":"https:\/\/gtartistoo.com\/#\/schema\/logo\/image\/"}}]},"og_availability":"instock","product_availability":"instock","product_retailer_item_id":"31505","product_condition":"new"},"_links":{"self":[{"href":"https:\/\/gtartistoo.com\/fr\/wp-json\/wp\/v2\/product\/31505","targetHints":{"allow":["GET"]}}],"collection":[{"href":"https:\/\/gtartistoo.com\/fr\/wp-json\/wp\/v2\/product"}],"about":[{"href":"https:\/\/gtartistoo.com\/fr\/wp-json\/wp\/v2\/types\/product"}],"replies":[{"embeddable":true,"href":"https:\/\/gtartistoo.com\/fr\/wp-json\/wp\/v2\/comments?post=31505"}],"version-history":[{"count":1,"href":"https:\/\/gtartistoo.com\/fr\/wp-json\/wp\/v2\/product\/31505\/revisions"}],"predecessor-version":[{"id":31525,"href":"https:\/\/gtartistoo.com\/fr\/wp-json\/wp\/v2\/product\/31505\/revisions\/31525"}],"wp:featuredmedia":[{"embeddable":true,"href":"https:\/\/gtartistoo.com\/fr\/wp-json\/wp\/v2\/media\/31519"}],"wp:attachment":[{"href":"https:\/\/gtartistoo.com\/fr\/wp-json\/wp\/v2\/media?parent=31505"}],"wp:term":[{"taxonomy":"product_brand","embeddable":true,"href":"https:\/\/gtartistoo.com\/fr\/wp-json\/wp\/v2\/product_brand?post=31505"},{"taxonomy":"product_cat","embeddable":true,"href":"https:\/\/gtartistoo.com\/fr\/wp-json\/wp\/v2\/product_cat?post=31505"},{"taxonomy":"product_tag","embeddable":true,"href":"https:\/\/gtartistoo.com\/fr\/wp-json\/wp\/v2\/product_tag?post=31505"}],"curies":[{"name":"wp","href":"https:\/\/api.w.org\/{rel}","templated":true}]}}