{"id":31566,"date":"2026-01-29T05:31:54","date_gmt":"2026-01-29T05:31:54","guid":{"rendered":"https:\/\/gtartistoo.com\/?post_type=product&#038;p=31566"},"modified":"2026-01-29T05:31:56","modified_gmt":"2026-01-29T05:31:56","slug":"tuffking-ii-wireless-tattoo-power-supply","status":"publish","type":"product","link":"https:\/\/gtartistoo.com\/fr\/boutique\/fournitures-pour-tatouage\/accessoires-dalimentation-pour-tatouage\/tuffking-ii-wireless-tattoo-power-supply\/","title":{"rendered":"Alimentation Tuffking-II pour tatouage sans fil"},"content":{"rendered":"<h2 data-start=\"1181\" data-end=\"1248\"><strong data-start=\"1185\" data-end=\"1248\">Alimentation professionnelle sans fil pour tatouage avec \u00e9cran OLED<\/strong><\/h2>\n<p data-start=\"1250\" data-end=\"1581\">Tuffking-II est un bloc d'alimentation professionnel sans fil con\u00e7u pour les tatoueurs qui ont besoin d'une sortie stable, d'un contr\u00f4le pr\u00e9cis de la tension et d'une portabilit\u00e9 maximale.<br data-start=\"1410\" data-end=\"1413\" \/>Dot\u00e9 d'un \u00e9cran OLED am\u00e9lior\u00e9, d'une protection avanc\u00e9e des circuits et d'une compatibilit\u00e9 RCA et DC, il offre des performances constantes en mati\u00e8re de doublage, d'ombrage et d'emballage des couleurs.<\/p>\n<h2 data-start=\"1608\" data-end=\"1670\"><strong data-start=\"1612\" data-end=\"1670\">Alimentation OLED avanc\u00e9e pour tatouage pour une utilisation quotidienne en studio<\/strong><\/h2>\n<ul data-start=\"1672\" data-end=\"2067\">\n<li data-start=\"1672\" data-end=\"1763\">\n<p data-start=\"1674\" data-end=\"1763\">L'\u00e9cran OLED haute r\u00e9solution indique clairement la tension, le niveau de la batterie et l'\u00e9tat de fonctionnement.<\/p>\n<\/li>\n<li data-start=\"1764\" data-end=\"1832\">\n<p data-start=\"1766\" data-end=\"1832\">Large gamme de tensions de <strong data-start=\"1790\" data-end=\"1830\">4-12V avec r\u00e9glage de pr\u00e9cision de 0,1V<\/strong><\/p>\n<\/li>\n<li data-start=\"1833\" data-end=\"1925\">\n<p data-start=\"1835\" data-end=\"1925\">Deux modes de d\u00e9marrage : <strong data-start=\"1853\" data-end=\"1871\">d\u00e9marrage standard<\/strong> et <strong data-start=\"1876\" data-end=\"1891\">d\u00e9marrage progressif<\/strong> pour diff\u00e9rentes techniques de tatouage<\/p>\n<\/li>\n<li data-start=\"1926\" data-end=\"2007\">\n<p data-start=\"1928\" data-end=\"2007\">Protection int\u00e9gr\u00e9e contre la surcharge, le blocage de l'aiguille et les courts-circuits<\/p>\n<\/li>\n<li data-start=\"2008\" data-end=\"2067\">\n<p data-start=\"2010\" data-end=\"2067\">Conception compacte et l\u00e9g\u00e8re pour r\u00e9duire la fatigue des mains<\/p>\n<\/li>\n<\/ul>\n<h2 data-start=\"2162\" data-end=\"2192\">Sp\u00e9cifications techniques<\/h2>\n<h3 data-start=\"2194\" data-end=\"2257\"><strong data-start=\"2198\" data-end=\"2257\">Sp\u00e9cifications de l'alimentation pour tatouage sans fil Tuffking-II<\/strong><\/h3>\n<div class=\"TyagGW_tableContainer\">\n<div class=\"group TyagGW_tableWrapper flex flex-col-reverse w-fit\" tabindex=\"-1\">\n<table class=\"w-fit min-w-(--thread-content-width)\" style=\"height: 371px;\" width=\"647\" data-start=\"2259\" data-end=\"2624\">\n<thead data-start=\"2259\" data-end=\"2277\">\n<tr data-start=\"2259\" data-end=\"2277\">\n<th data-start=\"2259\" data-end=\"2266\" data-col-size=\"sm\">Objet<\/th>\n<th data-start=\"2266\" data-end=\"2277\" data-col-size=\"sm\">D\u00e9tails<\/th>\n<\/tr>\n<\/thead>\n<tbody data-start=\"2290\" data-end=\"2624\">\n<tr data-start=\"2290\" data-end=\"2313\">\n<td data-start=\"2290\" data-end=\"2298\" data-col-size=\"sm\">Mod\u00e8le<\/td>\n<td data-start=\"2298\" data-end=\"2313\" data-col-size=\"sm\">Tuffking-II<\/td>\n<\/tr>\n<tr data-start=\"2314\" data-end=\"2334\">\n<td data-start=\"2314\" data-end=\"2325\" data-col-size=\"sm\">Diam\u00e8tre<\/td>\n<td data-col-size=\"sm\" data-start=\"2325\" data-end=\"2334\">28 mm<\/td>\n<\/tr>\n<tr data-start=\"2335\" data-end=\"2353\">\n<td data-start=\"2335\" data-end=\"2344\" data-col-size=\"sm\">Longueur<\/td>\n<td data-start=\"2344\" data-end=\"2353\" data-col-size=\"sm\">77 mm<\/td>\n<\/tr>\n<tr data-start=\"2354\" data-end=\"2372\">\n<td data-start=\"2354\" data-end=\"2363\" data-col-size=\"sm\">Poids<\/td>\n<td data-start=\"2363\" data-end=\"2372\" data-col-size=\"sm\">117 g<\/td>\n<\/tr>\n<tr data-start=\"2373\" data-end=\"2417\">\n<td data-start=\"2373\" data-end=\"2390\" data-col-size=\"sm\">Tension de sortie<\/td>\n<td data-col-size=\"sm\" data-start=\"2390\" data-end=\"2417\">4-12V (r\u00e9glage 0,1V)<\/td>\n<\/tr>\n<tr data-start=\"2418\" data-end=\"2453\">\n<td data-start=\"2418\" data-end=\"2428\" data-col-size=\"sm\">Affichage<\/td>\n<td data-col-size=\"sm\" data-start=\"2428\" data-end=\"2453\">OLED 0,5 pouce (88\u00d748)<\/td>\n<\/tr>\n<tr data-start=\"2454\" data-end=\"2484\">\n<td data-start=\"2454\" data-end=\"2473\" data-col-size=\"sm\">Capacit\u00e9 de la batterie<\/td>\n<td data-col-size=\"sm\" data-start=\"2473\" data-end=\"2484\">1300mAh<\/td>\n<\/tr>\n<tr data-start=\"2485\" data-end=\"2522\">\n<td data-start=\"2485\" data-end=\"2500\" data-col-size=\"sm\">Temps de travail<\/td>\n<td data-col-size=\"sm\" data-start=\"2500\" data-end=\"2522\">Environ 6 heures (8V)<\/td>\n<\/tr>\n<tr data-start=\"2523\" data-end=\"2556\">\n<td data-start=\"2523\" data-end=\"2539\" data-col-size=\"sm\">Temps de charge<\/td>\n<td data-start=\"2539\" data-end=\"2556\" data-col-size=\"sm\">Environ 3 heures<\/td>\n<\/tr>\n<tr data-start=\"2557\" data-end=\"2598\">\n<td data-start=\"2557\" data-end=\"2578\" data-col-size=\"sm\">Interface de chargement<\/td>\n<td data-col-size=\"sm\" data-start=\"2578\" data-end=\"2598\">Type-C (5V \/ 1A)<\/td>\n<\/tr>\n<tr data-start=\"2599\" data-end=\"2624\">\n<td data-start=\"2599\" data-end=\"2612\" data-col-size=\"sm\">Connexion<\/td>\n<td data-col-size=\"sm\" data-start=\"2612\" data-end=\"2624\">RCA \/ DC<\/td>\n<\/tr>\n<\/tbody>\n<\/table>\n<h2 data-start=\"2631\" data-end=\"2647\">Comment l'utiliser<\/h2>\n<h3 data-start=\"2649\" data-end=\"2700\"><strong data-start=\"2653\" data-end=\"2700\">Utilisation facile pour les machines \u00e0 tatouer sans fil<\/strong><\/h3>\n<ol data-start=\"2702\" data-end=\"3082\">\n<li data-start=\"2702\" data-end=\"2787\">\n<p data-start=\"2705\" data-end=\"2787\">Connectez l'alimentation de la batterie \u00e0 votre machine \u00e0 tatouer via l'interface RCA ou DC.<\/p>\n<\/li>\n<li data-start=\"2788\" data-end=\"2850\">\n<p data-start=\"2791\" data-end=\"2850\">Appuyez longuement sur le bouton d'alimentation pour entrer dans le mode de d\u00e9marrage standard.<\/p>\n<\/li>\n<li data-start=\"2851\" data-end=\"2940\">\n<p data-start=\"2854\" data-end=\"2940\">Double-cliquez sur le bouton d'alimentation pour activer le mode \"boost start\" et obtenir une puissance instantan\u00e9e.<\/p>\n<\/li>\n<li data-start=\"2941\" data-end=\"3011\">\n<p data-start=\"2944\" data-end=\"3011\">Ajustez la tension \u00e0 l'aide des boutons + \/ - avec un contr\u00f4le pr\u00e9cis de 0,1V.<\/p>\n<\/li>\n<li data-start=\"3012\" data-end=\"3082\">\n<p data-start=\"3015\" data-end=\"3082\">Chargement via un c\u00e2ble de type C ; l'\u00e9cran OLED indique clairement l'\u00e9tat de charge.<\/p>\n<\/li>\n<\/ol>\n<\/div>\n<h2 data-start=\"3089\" data-end=\"3119\">\u00c0 qui s'adresse ce produit ?<\/h2>\n<h3 data-start=\"3121\" data-end=\"3179\"><strong data-start=\"3125\" data-end=\"3179\">Alimentation id\u00e9ale pour les tatoueurs professionnels<\/strong><\/h3>\n<p data-start=\"3181\" data-end=\"3385\">Cette alimentation sans fil pour tatouage convient aux tatoueurs professionnels, aux studios et aux artistes itin\u00e9rants qui ont besoin d'une sortie fiable, d'une taille compacte et d'une compatibilit\u00e9 flexible avec diff\u00e9rentes machines.<\/p>\n<\/div>","protected":false},"excerpt":{"rendered":"<p>Professional Wireless Tattoo Power Supply with OLED Display Tuffking-II is a professional wireless tattoo power supply designed for tattoo artists<\/p>","protected":false},"featured_media":31573,"comment_status":"open","ping_status":"closed","template":"","meta":[],"product_brand":[346],"product_cat":[317,83],"product_tag":[349],"class_list":{"0":"post-31566","1":"product","2":"type-product","3":"status-publish","4":"has-post-thumbnail","6":"product_brand-tuffking","7":"product_cat-tattoo-power-accessories","8":"product_cat-tattoo-supplies","9":"product_tag-wireless-tattoo-power-supply","11":"first","12":"instock","13":"taxable","14":"shipping-taxable","15":"purchasable","16":"product-type-variable"},"yoast_head":"<!-- This site is optimized with the Yoast SEO Premium plugin v26.2 (Yoast SEO v26.2) - https:\/\/yoast.com\/wordpress\/plugins\/seo\/ -->\n<title>Wireless Tattoo Power Supply with OLED Screen | Tuffking-II<\/title>\n<meta name=\"description\" content=\"Tuffking-II wireless tattoo power supply features an OLED screen, 4\u201312V precise voltage control, RCA connection, and long-lasting 1300mAh battery for professional tattoo artists.\" \/>\n<meta name=\"robots\" content=\"index, follow, max-snippet:-1, max-image-preview:large, max-video-preview:-1\" \/>\n<link rel=\"canonical\" href=\"https:\/\/gtartistoo.com\/fr\/boutique\/fournitures-pour-tatouage\/accessoires-dalimentation-pour-tatouage\/tuffking-ii-wireless-tattoo-power-supply\/\" \/>\n<meta property=\"og:locale\" content=\"fr_FR\" \/>\n<meta property=\"og:type\" content=\"article\" \/>\n<meta property=\"og:title\" content=\"Tuffking-II Wireless Tattoo Power Supply\" \/>\n<meta property=\"og:description\" content=\"Tuffking-II wireless tattoo power supply features an OLED screen, 4\u201312V precise voltage control, RCA connection, and long-lasting 1300mAh battery for professional tattoo artists.\" \/>\n<meta property=\"og:url\" content=\"https:\/\/gtartistoo.com\/fr\/boutique\/fournitures-pour-tatouage\/accessoires-dalimentation-pour-tatouage\/tuffking-ii-wireless-tattoo-power-supply\/\" \/>\n<meta property=\"og:site_name\" content=\"gtartistoo.com\" \/>\n<meta property=\"article:modified_time\" content=\"2026-01-29T05:31:56+00:00\" \/>\n<meta property=\"og:image\" content=\"https:\/\/gtartistoo.com\/wp-content\/uploads\/2026\/01\/tuffking-ii-wireless-tattoo-power-supply-oled.webp\" \/>\n\t<meta property=\"og:image:width\" content=\"1600\" \/>\n\t<meta property=\"og:image:height\" content=\"1600\" \/>\n\t<meta property=\"og:image:type\" content=\"image\/webp\" \/>\n<meta name=\"twitter:card\" content=\"summary_large_image\" \/>\n<meta name=\"twitter:label1\" content=\"Disponibilit\u00e9\" \/>\n\t<meta name=\"twitter:data1\" content=\"En stock\" \/>\n<script type=\"application\/ld+json\" class=\"yoast-schema-graph\">{\"@context\":\"https:\/\/schema.org\",\"@graph\":[{\"@type\":\"WebPage\",\"@id\":\"https:\/\/gtartistoo.com\/shop\/tattoo-supplies\/tattoo-power-accessories\/tuffking-ii-wireless-tattoo-power-supply\/\",\"url\":\"https:\/\/gtartistoo.com\/shop\/tattoo-supplies\/tattoo-power-accessories\/tuffking-ii-wireless-tattoo-power-supply\/\",\"name\":\"Wireless Tattoo Power Supply with OLED Screen | Tuffking-II\",\"isPartOf\":{\"@id\":\"https:\/\/gtartistoo.com\/#website\"},\"primaryImageOfPage\":{\"@id\":\"https:\/\/gtartistoo.com\/shop\/tattoo-supplies\/tattoo-power-accessories\/tuffking-ii-wireless-tattoo-power-supply\/#primaryimage\"},\"image\":{\"@id\":\"https:\/\/gtartistoo.com\/shop\/tattoo-supplies\/tattoo-power-accessories\/tuffking-ii-wireless-tattoo-power-supply\/#primaryimage\"},\"thumbnailUrl\":\"https:\/\/gtartistoo.com\/wp-content\/uploads\/2026\/01\/tuffking-ii-wireless-tattoo-power-supply-oled.webp\",\"datePublished\":\"2026-01-29T05:31:54+00:00\",\"dateModified\":\"2026-01-29T05:31:56+00:00\",\"description\":\"Tuffking-II wireless tattoo power supply features an OLED screen, 4\u201312V precise voltage control, RCA connection, and long-lasting 1300mAh battery for professional tattoo artists.\",\"breadcrumb\":{\"@id\":\"https:\/\/gtartistoo.com\/shop\/tattoo-supplies\/tattoo-power-accessories\/tuffking-ii-wireless-tattoo-power-supply\/#breadcrumb\"},\"inLanguage\":\"fr-FR\",\"potentialAction\":[{\"@type\":\"ReadAction\",\"target\":[\"https:\/\/gtartistoo.com\/shop\/tattoo-supplies\/tattoo-power-accessories\/tuffking-ii-wireless-tattoo-power-supply\/\"]}]},{\"@type\":\"ImageObject\",\"inLanguage\":\"fr-FR\",\"@id\":\"https:\/\/gtartistoo.com\/shop\/tattoo-supplies\/tattoo-power-accessories\/tuffking-ii-wireless-tattoo-power-supply\/#primaryimage\",\"url\":\"https:\/\/gtartistoo.com\/wp-content\/uploads\/2026\/01\/tuffking-ii-wireless-tattoo-power-supply-oled.webp\",\"contentUrl\":\"https:\/\/gtartistoo.com\/wp-content\/uploads\/2026\/01\/tuffking-ii-wireless-tattoo-power-supply-oled.webp\",\"width\":1600,\"height\":1600,\"caption\":\"Tuffking-II wireless tattoo power supply with OLED display and RCA connection\"},{\"@type\":\"BreadcrumbList\",\"@id\":\"https:\/\/gtartistoo.com\/shop\/tattoo-supplies\/tattoo-power-accessories\/tuffking-ii-wireless-tattoo-power-supply\/#breadcrumb\",\"itemListElement\":[{\"@type\":\"ListItem\",\"position\":1,\"name\":\"Home\",\"item\":\"https:\/\/gtartistoo.com\/\"},{\"@type\":\"ListItem\",\"position\":2,\"name\":\"Shop\",\"item\":\"https:\/\/gtartistoo.com\/shop\/\"},{\"@type\":\"ListItem\",\"position\":3,\"name\":\"Tuffking-II Wireless Tattoo Power Supply\"}]},{\"@type\":\"WebSite\",\"@id\":\"https:\/\/gtartistoo.com\/#website\",\"url\":\"https:\/\/gtartistoo.com\/\",\"name\":\"gtartistoo.com\",\"description\":\"\",\"publisher\":{\"@id\":\"https:\/\/gtartistoo.com\/#organization\"},\"potentialAction\":[{\"@type\":\"SearchAction\",\"target\":{\"@type\":\"EntryPoint\",\"urlTemplate\":\"https:\/\/gtartistoo.com\/?s={search_term_string}\"},\"query-input\":{\"@type\":\"PropertyValueSpecification\",\"valueRequired\":true,\"valueName\":\"search_term_string\"}}],\"inLanguage\":\"fr-FR\"},{\"@type\":\"Organization\",\"@id\":\"https:\/\/gtartistoo.com\/#organization\",\"name\":\"gtartistoo.com\",\"url\":\"https:\/\/gtartistoo.com\/\",\"logo\":{\"@type\":\"ImageObject\",\"inLanguage\":\"fr-FR\",\"@id\":\"https:\/\/gtartistoo.com\/#\/schema\/logo\/image\/\",\"url\":\"https:\/\/gtartistoo.com\/wp-content\/uploads\/2025\/10\/logo.svg\",\"contentUrl\":\"https:\/\/gtartistoo.com\/wp-content\/uploads\/2025\/10\/logo.svg\",\"width\":369,\"height\":124,\"caption\":\"gtartistoo.com\"},\"image\":{\"@id\":\"https:\/\/gtartistoo.com\/#\/schema\/logo\/image\/\"}}]}<\/script>\n<meta property=\"og:availability\" content=\"instock\" \/>\n<meta property=\"product:availability\" content=\"instock\" \/>\n<meta property=\"product:retailer_item_id\" content=\"31566\" \/>\n<meta property=\"product:condition\" content=\"new\" \/>\n<!-- \/ Yoast SEO Premium plugin. -->","yoast_head_json":{"title":"Alimentation sans fil pour tatouage avec \u00e9cran OLED | Tuffking-II","description":"Le bloc d'alimentation sans fil pour tatouage Tuffking-II est dot\u00e9 d'un \u00e9cran OLED, d'un contr\u00f4le pr\u00e9cis de la tension de 4 \u00e0 12 V, d'une connexion RCA et d'une batterie longue dur\u00e9e de 1300 mAh pour les tatoueurs professionnels.","robots":{"index":"index","follow":"follow","max-snippet":"max-snippet:-1","max-image-preview":"max-image-preview:large","max-video-preview":"max-video-preview:-1"},"canonical":"https:\/\/gtartistoo.com\/fr\/boutique\/fournitures-pour-tatouage\/accessoires-dalimentation-pour-tatouage\/tuffking-ii-wireless-tattoo-power-supply\/","og_locale":"fr_FR","og_type":"article","og_title":"Tuffking-II Wireless Tattoo Power Supply","og_description":"Tuffking-II wireless tattoo power supply features an OLED screen, 4\u201312V precise voltage control, RCA connection, and long-lasting 1300mAh battery for professional tattoo artists.","og_url":"https:\/\/gtartistoo.com\/fr\/boutique\/fournitures-pour-tatouage\/accessoires-dalimentation-pour-tatouage\/tuffking-ii-wireless-tattoo-power-supply\/","og_site_name":"gtartistoo.com","article_modified_time":"2026-01-29T05:31:56+00:00","og_image":[{"width":1600,"height":1600,"url":"https:\/\/gtartistoo.com\/wp-content\/uploads\/2026\/01\/tuffking-ii-wireless-tattoo-power-supply-oled.webp","type":"image\/webp"}],"twitter_card":"summary_large_image","twitter_misc":{"Disponibilit\u00e9":"En stock"},"schema":{"@context":"https:\/\/schema.org","@graph":[{"@type":"WebPage","@id":"https:\/\/gtartistoo.com\/shop\/tattoo-supplies\/tattoo-power-accessories\/tuffking-ii-wireless-tattoo-power-supply\/","url":"https:\/\/gtartistoo.com\/shop\/tattoo-supplies\/tattoo-power-accessories\/tuffking-ii-wireless-tattoo-power-supply\/","name":"Alimentation sans fil pour tatouage avec \u00e9cran OLED | Tuffking-II","isPartOf":{"@id":"https:\/\/gtartistoo.com\/#website"},"primaryImageOfPage":{"@id":"https:\/\/gtartistoo.com\/shop\/tattoo-supplies\/tattoo-power-accessories\/tuffking-ii-wireless-tattoo-power-supply\/#primaryimage"},"image":{"@id":"https:\/\/gtartistoo.com\/shop\/tattoo-supplies\/tattoo-power-accessories\/tuffking-ii-wireless-tattoo-power-supply\/#primaryimage"},"thumbnailUrl":"https:\/\/gtartistoo.com\/wp-content\/uploads\/2026\/01\/tuffking-ii-wireless-tattoo-power-supply-oled.webp","datePublished":"2026-01-29T05:31:54+00:00","dateModified":"2026-01-29T05:31:56+00:00","description":"Le bloc d'alimentation sans fil pour tatouage Tuffking-II est dot\u00e9 d'un \u00e9cran OLED, d'un contr\u00f4le pr\u00e9cis de la tension de 4 \u00e0 12 V, d'une connexion RCA et d'une batterie longue dur\u00e9e de 1300 mAh pour les tatoueurs professionnels.","breadcrumb":{"@id":"https:\/\/gtartistoo.com\/shop\/tattoo-supplies\/tattoo-power-accessories\/tuffking-ii-wireless-tattoo-power-supply\/#breadcrumb"},"inLanguage":"fr-FR","potentialAction":[{"@type":"ReadAction","target":["https:\/\/gtartistoo.com\/shop\/tattoo-supplies\/tattoo-power-accessories\/tuffking-ii-wireless-tattoo-power-supply\/"]}]},{"@type":"ImageObject","inLanguage":"fr-FR","@id":"https:\/\/gtartistoo.com\/shop\/tattoo-supplies\/tattoo-power-accessories\/tuffking-ii-wireless-tattoo-power-supply\/#primaryimage","url":"https:\/\/gtartistoo.com\/wp-content\/uploads\/2026\/01\/tuffking-ii-wireless-tattoo-power-supply-oled.webp","contentUrl":"https:\/\/gtartistoo.com\/wp-content\/uploads\/2026\/01\/tuffking-ii-wireless-tattoo-power-supply-oled.webp","width":1600,"height":1600,"caption":"Tuffking-II wireless tattoo power supply with OLED display and RCA connection"},{"@type":"BreadcrumbList","@id":"https:\/\/gtartistoo.com\/shop\/tattoo-supplies\/tattoo-power-accessories\/tuffking-ii-wireless-tattoo-power-supply\/#breadcrumb","itemListElement":[{"@type":"ListItem","position":1,"name":"Home","item":"https:\/\/gtartistoo.com\/"},{"@type":"ListItem","position":2,"name":"Shop","item":"https:\/\/gtartistoo.com\/shop\/"},{"@type":"ListItem","position":3,"name":"Tuffking-II Wireless Tattoo Power Supply"}]},{"@type":"WebSite","@id":"https:\/\/gtartistoo.com\/#website","url":"https:\/\/gtartistoo.com\/","name":"gtartistoo.com","description":"","publisher":{"@id":"https:\/\/gtartistoo.com\/#organization"},"potentialAction":[{"@type":"SearchAction","target":{"@type":"EntryPoint","urlTemplate":"https:\/\/gtartistoo.com\/?s={search_term_string}"},"query-input":{"@type":"PropertyValueSpecification","valueRequired":true,"valueName":"search_term_string"}}],"inLanguage":"fr-FR"},{"@type":"Organization","@id":"https:\/\/gtartistoo.com\/#organization","name":"gtartistoo.com","url":"https:\/\/gtartistoo.com\/","logo":{"@type":"ImageObject","inLanguage":"fr-FR","@id":"https:\/\/gtartistoo.com\/#\/schema\/logo\/image\/","url":"https:\/\/gtartistoo.com\/wp-content\/uploads\/2025\/10\/logo.svg","contentUrl":"https:\/\/gtartistoo.com\/wp-content\/uploads\/2025\/10\/logo.svg","width":369,"height":124,"caption":"gtartistoo.com"},"image":{"@id":"https:\/\/gtartistoo.com\/#\/schema\/logo\/image\/"}}]},"og_availability":"instock","product_availability":"instock","product_retailer_item_id":"31566","product_condition":"new"},"_links":{"self":[{"href":"https:\/\/gtartistoo.com\/fr\/wp-json\/wp\/v2\/product\/31566","targetHints":{"allow":["GET"]}}],"collection":[{"href":"https:\/\/gtartistoo.com\/fr\/wp-json\/wp\/v2\/product"}],"about":[{"href":"https:\/\/gtartistoo.com\/fr\/wp-json\/wp\/v2\/types\/product"}],"replies":[{"embeddable":true,"href":"https:\/\/gtartistoo.com\/fr\/wp-json\/wp\/v2\/comments?post=31566"}],"version-history":[{"count":1,"href":"https:\/\/gtartistoo.com\/fr\/wp-json\/wp\/v2\/product\/31566\/revisions"}],"predecessor-version":[{"id":31577,"href":"https:\/\/gtartistoo.com\/fr\/wp-json\/wp\/v2\/product\/31566\/revisions\/31577"}],"wp:featuredmedia":[{"embeddable":true,"href":"https:\/\/gtartistoo.com\/fr\/wp-json\/wp\/v2\/media\/31573"}],"wp:attachment":[{"href":"https:\/\/gtartistoo.com\/fr\/wp-json\/wp\/v2\/media?parent=31566"}],"wp:term":[{"taxonomy":"product_brand","embeddable":true,"href":"https:\/\/gtartistoo.com\/fr\/wp-json\/wp\/v2\/product_brand?post=31566"},{"taxonomy":"product_cat","embeddable":true,"href":"https:\/\/gtartistoo.com\/fr\/wp-json\/wp\/v2\/product_cat?post=31566"},{"taxonomy":"product_tag","embeddable":true,"href":"https:\/\/gtartistoo.com\/fr\/wp-json\/wp\/v2\/product_tag?post=31566"}],"curies":[{"name":"wp","href":"https:\/\/api.w.org\/{rel}","templated":true}]}}