{"id":31653,"date":"2026-01-27T09:07:06","date_gmt":"2026-01-27T09:07:06","guid":{"rendered":"https:\/\/gtartistoo.com\/?post_type=product&#038;p=31653"},"modified":"2026-03-04T05:51:45","modified_gmt":"2026-03-04T05:51:45","slug":"gtartistoo-encre-de-tatouage-rouge-vif-1oz","status":"publish","type":"product","link":"https:\/\/gtartistoo.com\/fr\/boutique\/encres-de-tatouage\/encre-de-tatouage-en-flacon-unique\/gtartistoo-encre-de-tatouage-rouge-vif-1oz\/","title":{"rendered":"Gtartistoo Encre de tatouage rouge vif - Bouteille de 1 oz"},"content":{"rendered":"<p data-start=\"1618\" data-end=\"1832\">Cette encre de tatouage rouge vif est destin\u00e9e aux travaux de tatouage professionnels qui n\u00e9cessitent un ton rouge constant. Chaque bouteille contient 1 oz d'encre de tatouage. L'emballage permet une distribution contr\u00f4l\u00e9e et pr\u00e9cise pendant l'utilisation.<\/p>\n<h3 data-start=\"1834\" data-end=\"1852\">Caract\u00e9ristiques principales<\/h3>\n<ul data-start=\"1853\" data-end=\"2014\">\n<li data-start=\"1853\" data-end=\"1884\">\n<p data-start=\"1855\" data-end=\"1884\">Couleur rouge vif de l'encre de tatouage<\/p>\n<\/li>\n<li data-start=\"1885\" data-end=\"1917\">\n<p data-start=\"1887\" data-end=\"1917\">Formulation d'une encre unicolore<\/p>\n<\/li>\n<li data-start=\"1918\" data-end=\"1938\">\n<p data-start=\"1920\" data-end=\"1938\">Flacon de 1 oz<\/p>\n<\/li>\n<li data-start=\"1939\" data-end=\"1967\">\n<p data-start=\"1941\" data-end=\"1967\">Embout de distribution de pr\u00e9cision<\/p>\n<\/li>\n<li data-start=\"1968\" data-end=\"2014\">\n<p data-start=\"1970\" data-end=\"2014\">Convient \u00e0 l'\u00e9quipement de tatouage professionnel<\/p>\n<\/li>\n<\/ul>\n<h3 data-start=\"2016\" data-end=\"2046\">Sp\u00e9cifications techniques<\/h3>\n<ul data-start=\"2047\" data-end=\"2144\">\n<li data-start=\"2047\" data-end=\"2068\">\n<p data-start=\"2049\" data-end=\"2068\">Marque : Gtartistoo<\/p>\n<\/li>\n<li data-start=\"2069\" data-end=\"2097\">\n<p data-start=\"2071\" data-end=\"2097\">Type de produit : Encre de tatouage<\/p>\n<\/li>\n<li data-start=\"2098\" data-end=\"2119\">\n<p data-start=\"2100\" data-end=\"2119\">Couleur : Rouge vif<\/p>\n<\/li>\n<li data-start=\"2120\" data-end=\"2144\">\n<p data-start=\"2122\" data-end=\"2144\">Volume : 1 oz (30 ml)<\/p>\n<\/li>\n<\/ul>\n<h3 data-start=\"2146\" data-end=\"2173\">Compatibilit\u00e9 \/ Utilisation<\/h3>\n<p data-start=\"2174\" data-end=\"2413\">Encre de tatouage rouge vif de qualit\u00e9 professionnelle. Flacon de 30 ml (1 oz) avec embout de pr\u00e9cision pour une application r\u00e9guli\u00e8re. Formule tr\u00e8s pigment\u00e9e pour les tatoueurs.<\/p>","protected":false},"excerpt":{"rendered":"<p data-start=\"1113\" data-end=\"1457\">L'encre Gtartistoo Bright Red Tattoo Ink est fournie dans une bouteille de 1 oz et pr\u00e9sente un pigment rouge vif pour les applications de tatouage professionnelles. Cette encre unicolore est destin\u00e9e \u00e0 une utilisation contr\u00f4l\u00e9e en studio, o\u00f9 une manipulation coh\u00e9rente des couleurs est n\u00e9cessaire. Le flacon comprend un embout de distribution de pr\u00e9cision pour permettre une application pr\u00e9cise de l'encre pendant le tatouage.<\/p>\n<p data-start=\"1459\" data-end=\"1484\"><strong data-start=\"1459\" data-end=\"1482\">Points forts du produit :<\/strong><\/p>\n<ul data-start=\"1485\" data-end=\"1565\">\n<li data-start=\"1485\" data-end=\"1510\">\n<p data-start=\"1487\" data-end=\"1510\">Encre de tatouage rouge vif<\/p>\n<\/li>\n<li data-start=\"1511\" data-end=\"1531\">\n<p data-start=\"1513\" data-end=\"1531\">Flacon de 1 oz<\/p>\n<\/li>\n<li data-start=\"1532\" data-end=\"1565\">\n<p data-start=\"1534\" data-end=\"1565\">Con\u00e7u pour une utilisation professionnelle<\/p>\n<\/li>\n<\/ul>","protected":false},"featured_media":31736,"comment_status":"open","ping_status":"closed","template":"","meta":[],"product_brand":[71],"product_cat":[352,72],"product_tag":[],"class_list":{"0":"post-31653","1":"product","2":"type-product","3":"status-publish","4":"has-post-thumbnail","6":"product_brand-gtartistoo","7":"product_cat-single-bottle-tattoo-ink","8":"product_cat-tattoo-inks","10":"first","11":"instock","12":"taxable","13":"shipping-taxable","14":"purchasable","15":"product-type-simple"},"yoast_head":"<!-- This site is optimized with the Yoast SEO Premium plugin v26.2 (Yoast SEO v26.2) - https:\/\/yoast.com\/wordpress\/plugins\/seo\/ -->\n<title>Gtartistoo Bright Red Tattoo Ink \u2013 1 oz Bottle<\/title>\n<meta name=\"description\" content=\"Gtartistoo Bright Red tattoo ink in a 1 oz bottle. Designed for professional tattoo applications requiring consistent red pigment.\" \/>\n<meta name=\"robots\" content=\"index, follow, max-snippet:-1, max-image-preview:large, max-video-preview:-1\" \/>\n<link rel=\"canonical\" href=\"https:\/\/gtartistoo.com\/fr\/boutique\/encres-de-tatouage\/encre-de-tatouage-en-flacon-unique\/gtartistoo-encre-de-tatouage-rouge-vif-1oz\/\" \/>\n<meta property=\"og:locale\" content=\"fr_FR\" \/>\n<meta property=\"og:type\" content=\"article\" \/>\n<meta property=\"og:title\" content=\"Gtartistoo Bright Red Tattoo Ink \u2013 1 oz Bottle\" \/>\n<meta property=\"og:description\" content=\"Gtartistoo Bright Red tattoo ink in a 1 oz bottle. Designed for professional tattoo applications requiring consistent red pigment.\" \/>\n<meta property=\"og:url\" content=\"https:\/\/gtartistoo.com\/fr\/boutique\/encres-de-tatouage\/encre-de-tatouage-en-flacon-unique\/gtartistoo-encre-de-tatouage-rouge-vif-1oz\/\" \/>\n<meta property=\"og:site_name\" content=\"gtartistoo.com\" \/>\n<meta property=\"article:modified_time\" content=\"2026-03-04T05:51:45+00:00\" \/>\n<meta property=\"og:image\" content=\"https:\/\/gtartistoo.com\/wp-content\/uploads\/2026\/01\/Gtartistoo-bright-red-tattoo-ink.jpg\" \/>\n\t<meta property=\"og:image:width\" content=\"800\" \/>\n\t<meta property=\"og:image:height\" content=\"800\" \/>\n\t<meta property=\"og:image:type\" content=\"image\/jpeg\" \/>\n<meta name=\"twitter:card\" content=\"summary_large_image\" \/>\n<meta name=\"twitter:label1\" content=\"Prix\" \/>\n\t<meta name=\"twitter:data1\" content=\"6.99&#036;\" \/>\n\t<meta name=\"twitter:label2\" content=\"Disponibilit\u00e9\" \/>\n\t<meta name=\"twitter:data2\" content=\"En stock\" \/>\n<script type=\"application\/ld+json\" class=\"yoast-schema-graph\">{\"@context\":\"https:\/\/schema.org\",\"@graph\":[{\"@type\":\"WebPage\",\"@id\":\"https:\/\/gtartistoo.com\/shop\/tattoo-inks\/single-bottle-tattoo-ink\/gtartistoo-bright-red-tattoo-ink-1oz\/\",\"url\":\"https:\/\/gtartistoo.com\/shop\/tattoo-inks\/single-bottle-tattoo-ink\/gtartistoo-bright-red-tattoo-ink-1oz\/\",\"name\":\"Gtartistoo Bright Red Tattoo Ink \u2013 1 oz Bottle\",\"isPartOf\":{\"@id\":\"https:\/\/gtartistoo.com\/#website\"},\"primaryImageOfPage\":{\"@id\":\"https:\/\/gtartistoo.com\/shop\/tattoo-inks\/single-bottle-tattoo-ink\/gtartistoo-bright-red-tattoo-ink-1oz\/#primaryimage\"},\"image\":{\"@id\":\"https:\/\/gtartistoo.com\/shop\/tattoo-inks\/single-bottle-tattoo-ink\/gtartistoo-bright-red-tattoo-ink-1oz\/#primaryimage\"},\"thumbnailUrl\":\"https:\/\/gtartistoo.com\/wp-content\/uploads\/2026\/01\/Gtartistoo-bright-red-tattoo-ink.jpg\",\"datePublished\":\"2026-01-27T09:07:06+00:00\",\"dateModified\":\"2026-03-04T05:51:45+00:00\",\"description\":\"Gtartistoo Bright Red tattoo ink in a 1 oz bottle. Designed for professional tattoo applications requiring consistent red pigment.\",\"breadcrumb\":{\"@id\":\"https:\/\/gtartistoo.com\/shop\/tattoo-inks\/single-bottle-tattoo-ink\/gtartistoo-bright-red-tattoo-ink-1oz\/#breadcrumb\"},\"inLanguage\":\"fr-FR\",\"potentialAction\":[{\"@type\":\"ReadAction\",\"target\":[\"https:\/\/gtartistoo.com\/shop\/tattoo-inks\/single-bottle-tattoo-ink\/gtartistoo-bright-red-tattoo-ink-1oz\/\"]}]},{\"@type\":\"ImageObject\",\"inLanguage\":\"fr-FR\",\"@id\":\"https:\/\/gtartistoo.com\/shop\/tattoo-inks\/single-bottle-tattoo-ink\/gtartistoo-bright-red-tattoo-ink-1oz\/#primaryimage\",\"url\":\"https:\/\/gtartistoo.com\/wp-content\/uploads\/2026\/01\/Gtartistoo-bright-red-tattoo-ink.jpg\",\"contentUrl\":\"https:\/\/gtartistoo.com\/wp-content\/uploads\/2026\/01\/Gtartistoo-bright-red-tattoo-ink.jpg\",\"width\":800,\"height\":800,\"caption\":\"Gtartistoo Bright Red tattoo ink\"},{\"@type\":\"BreadcrumbList\",\"@id\":\"https:\/\/gtartistoo.com\/shop\/tattoo-inks\/single-bottle-tattoo-ink\/gtartistoo-bright-red-tattoo-ink-1oz\/#breadcrumb\",\"itemListElement\":[{\"@type\":\"ListItem\",\"position\":1,\"name\":\"Home\",\"item\":\"https:\/\/gtartistoo.com\/\"},{\"@type\":\"ListItem\",\"position\":2,\"name\":\"Shop\",\"item\":\"https:\/\/gtartistoo.com\/shop\/\"},{\"@type\":\"ListItem\",\"position\":3,\"name\":\"Gtartistoo Bright Red Tattoo Ink \u2013 1 oz Bottle\"}]},{\"@type\":\"WebSite\",\"@id\":\"https:\/\/gtartistoo.com\/#website\",\"url\":\"https:\/\/gtartistoo.com\/\",\"name\":\"gtartistoo.com\",\"description\":\"\",\"publisher\":{\"@id\":\"https:\/\/gtartistoo.com\/#organization\"},\"potentialAction\":[{\"@type\":\"SearchAction\",\"target\":{\"@type\":\"EntryPoint\",\"urlTemplate\":\"https:\/\/gtartistoo.com\/?s={search_term_string}\"},\"query-input\":{\"@type\":\"PropertyValueSpecification\",\"valueRequired\":true,\"valueName\":\"search_term_string\"}}],\"inLanguage\":\"fr-FR\"},{\"@type\":\"Organization\",\"@id\":\"https:\/\/gtartistoo.com\/#organization\",\"name\":\"gtartistoo.com\",\"url\":\"https:\/\/gtartistoo.com\/\",\"logo\":{\"@type\":\"ImageObject\",\"inLanguage\":\"fr-FR\",\"@id\":\"https:\/\/gtartistoo.com\/#\/schema\/logo\/image\/\",\"url\":\"https:\/\/gtartistoo.com\/wp-content\/uploads\/2025\/10\/logo.svg\",\"contentUrl\":\"https:\/\/gtartistoo.com\/wp-content\/uploads\/2025\/10\/logo.svg\",\"width\":369,\"height\":124,\"caption\":\"gtartistoo.com\"},\"image\":{\"@id\":\"https:\/\/gtartistoo.com\/#\/schema\/logo\/image\/\"}}]}<\/script>\n<meta property=\"product:price:amount\" content=\"6.99\" \/>\n<meta property=\"product:price:currency\" content=\"USD\" \/>\n<meta property=\"og:availability\" content=\"instock\" \/>\n<meta property=\"product:availability\" content=\"instock\" \/>\n<meta property=\"product:retailer_item_id\" content=\"31653\" \/>\n<meta property=\"product:condition\" content=\"new\" \/>\n<!-- \/ Yoast SEO Premium plugin. -->","yoast_head_json":{"title":"Gtartistoo Encre de tatouage rouge vif - Bouteille de 1 oz","description":"Encre de tatouage Gtartistoo Bright Red en bouteille de 1 oz. Con\u00e7ue pour les applications de tatouage professionnel n\u00e9cessitant un pigment rouge constant.","robots":{"index":"index","follow":"follow","max-snippet":"max-snippet:-1","max-image-preview":"max-image-preview:large","max-video-preview":"max-video-preview:-1"},"canonical":"https:\/\/gtartistoo.com\/fr\/boutique\/encres-de-tatouage\/encre-de-tatouage-en-flacon-unique\/gtartistoo-encre-de-tatouage-rouge-vif-1oz\/","og_locale":"fr_FR","og_type":"article","og_title":"Gtartistoo Bright Red Tattoo Ink \u2013 1 oz Bottle","og_description":"Gtartistoo Bright Red tattoo ink in a 1 oz bottle. Designed for professional tattoo applications requiring consistent red pigment.","og_url":"https:\/\/gtartistoo.com\/fr\/boutique\/encres-de-tatouage\/encre-de-tatouage-en-flacon-unique\/gtartistoo-encre-de-tatouage-rouge-vif-1oz\/","og_site_name":"gtartistoo.com","article_modified_time":"2026-03-04T05:51:45+00:00","og_image":[{"width":800,"height":800,"url":"https:\/\/gtartistoo.com\/wp-content\/uploads\/2026\/01\/Gtartistoo-bright-red-tattoo-ink.jpg","type":"image\/jpeg"}],"twitter_card":"summary_large_image","twitter_misc":{"Prix":"6.99&#36;","Disponibilit\u00e9":"En stock"},"schema":{"@context":"https:\/\/schema.org","@graph":[{"@type":"WebPage","@id":"https:\/\/gtartistoo.com\/shop\/tattoo-inks\/single-bottle-tattoo-ink\/gtartistoo-bright-red-tattoo-ink-1oz\/","url":"https:\/\/gtartistoo.com\/shop\/tattoo-inks\/single-bottle-tattoo-ink\/gtartistoo-bright-red-tattoo-ink-1oz\/","name":"Gtartistoo Encre de tatouage rouge vif - Bouteille de 1 oz","isPartOf":{"@id":"https:\/\/gtartistoo.com\/#website"},"primaryImageOfPage":{"@id":"https:\/\/gtartistoo.com\/shop\/tattoo-inks\/single-bottle-tattoo-ink\/gtartistoo-bright-red-tattoo-ink-1oz\/#primaryimage"},"image":{"@id":"https:\/\/gtartistoo.com\/shop\/tattoo-inks\/single-bottle-tattoo-ink\/gtartistoo-bright-red-tattoo-ink-1oz\/#primaryimage"},"thumbnailUrl":"https:\/\/gtartistoo.com\/wp-content\/uploads\/2026\/01\/Gtartistoo-bright-red-tattoo-ink.jpg","datePublished":"2026-01-27T09:07:06+00:00","dateModified":"2026-03-04T05:51:45+00:00","description":"Encre de tatouage Gtartistoo Bright Red en bouteille de 1 oz. Con\u00e7ue pour les applications de tatouage professionnel n\u00e9cessitant un pigment rouge constant.","breadcrumb":{"@id":"https:\/\/gtartistoo.com\/shop\/tattoo-inks\/single-bottle-tattoo-ink\/gtartistoo-bright-red-tattoo-ink-1oz\/#breadcrumb"},"inLanguage":"fr-FR","potentialAction":[{"@type":"ReadAction","target":["https:\/\/gtartistoo.com\/shop\/tattoo-inks\/single-bottle-tattoo-ink\/gtartistoo-bright-red-tattoo-ink-1oz\/"]}]},{"@type":"ImageObject","inLanguage":"fr-FR","@id":"https:\/\/gtartistoo.com\/shop\/tattoo-inks\/single-bottle-tattoo-ink\/gtartistoo-bright-red-tattoo-ink-1oz\/#primaryimage","url":"https:\/\/gtartistoo.com\/wp-content\/uploads\/2026\/01\/Gtartistoo-bright-red-tattoo-ink.jpg","contentUrl":"https:\/\/gtartistoo.com\/wp-content\/uploads\/2026\/01\/Gtartistoo-bright-red-tattoo-ink.jpg","width":800,"height":800,"caption":"Gtartistoo Bright Red tattoo ink"},{"@type":"BreadcrumbList","@id":"https:\/\/gtartistoo.com\/shop\/tattoo-inks\/single-bottle-tattoo-ink\/gtartistoo-bright-red-tattoo-ink-1oz\/#breadcrumb","itemListElement":[{"@type":"ListItem","position":1,"name":"Home","item":"https:\/\/gtartistoo.com\/"},{"@type":"ListItem","position":2,"name":"Shop","item":"https:\/\/gtartistoo.com\/shop\/"},{"@type":"ListItem","position":3,"name":"Gtartistoo Bright Red Tattoo Ink \u2013 1 oz Bottle"}]},{"@type":"WebSite","@id":"https:\/\/gtartistoo.com\/#website","url":"https:\/\/gtartistoo.com\/","name":"gtartistoo.com","description":"","publisher":{"@id":"https:\/\/gtartistoo.com\/#organization"},"potentialAction":[{"@type":"SearchAction","target":{"@type":"EntryPoint","urlTemplate":"https:\/\/gtartistoo.com\/?s={search_term_string}"},"query-input":{"@type":"PropertyValueSpecification","valueRequired":true,"valueName":"search_term_string"}}],"inLanguage":"fr-FR"},{"@type":"Organization","@id":"https:\/\/gtartistoo.com\/#organization","name":"gtartistoo.com","url":"https:\/\/gtartistoo.com\/","logo":{"@type":"ImageObject","inLanguage":"fr-FR","@id":"https:\/\/gtartistoo.com\/#\/schema\/logo\/image\/","url":"https:\/\/gtartistoo.com\/wp-content\/uploads\/2025\/10\/logo.svg","contentUrl":"https:\/\/gtartistoo.com\/wp-content\/uploads\/2025\/10\/logo.svg","width":369,"height":124,"caption":"gtartistoo.com"},"image":{"@id":"https:\/\/gtartistoo.com\/#\/schema\/logo\/image\/"}}]},"product_price_amount":"6.99","product_price_currency":"USD","og_availability":"instock","product_availability":"instock","product_retailer_item_id":"31653","product_condition":"new"},"_links":{"self":[{"href":"https:\/\/gtartistoo.com\/fr\/wp-json\/wp\/v2\/product\/31653","targetHints":{"allow":["GET"]}}],"collection":[{"href":"https:\/\/gtartistoo.com\/fr\/wp-json\/wp\/v2\/product"}],"about":[{"href":"https:\/\/gtartistoo.com\/fr\/wp-json\/wp\/v2\/types\/product"}],"replies":[{"embeddable":true,"href":"https:\/\/gtartistoo.com\/fr\/wp-json\/wp\/v2\/comments?post=31653"}],"version-history":[{"count":3,"href":"https:\/\/gtartistoo.com\/fr\/wp-json\/wp\/v2\/product\/31653\/revisions"}],"predecessor-version":[{"id":31737,"href":"https:\/\/gtartistoo.com\/fr\/wp-json\/wp\/v2\/product\/31653\/revisions\/31737"}],"wp:featuredmedia":[{"embeddable":true,"href":"https:\/\/gtartistoo.com\/fr\/wp-json\/wp\/v2\/media\/31736"}],"wp:attachment":[{"href":"https:\/\/gtartistoo.com\/fr\/wp-json\/wp\/v2\/media?parent=31653"}],"wp:term":[{"taxonomy":"product_brand","embeddable":true,"href":"https:\/\/gtartistoo.com\/fr\/wp-json\/wp\/v2\/product_brand?post=31653"},{"taxonomy":"product_cat","embeddable":true,"href":"https:\/\/gtartistoo.com\/fr\/wp-json\/wp\/v2\/product_cat?post=31653"},{"taxonomy":"product_tag","embeddable":true,"href":"https:\/\/gtartistoo.com\/fr\/wp-json\/wp\/v2\/product_tag?post=31653"}],"curies":[{"name":"wp","href":"https:\/\/api.w.org\/{rel}","templated":true}]}}