{"id":31659,"date":"2026-01-27T09:14:21","date_gmt":"2026-01-27T09:14:21","guid":{"rendered":"https:\/\/gtartistoo.com\/?post_type=product&#038;p=31659"},"modified":"2026-03-04T05:51:44","modified_gmt":"2026-03-04T05:51:44","slug":"gtartistoo-encre-de-tatouage-jaune-dor-1oz","status":"publish","type":"product","link":"https:\/\/gtartistoo.com\/fr\/boutique\/encres-de-tatouage\/encre-de-tatouage-en-flacon-unique\/gtartistoo-encre-de-tatouage-jaune-dor-1oz\/","title":{"rendered":"Gtartistoo Encre de tatouage jaune d'or - Bouteille de 1 oz"},"content":{"rendered":"<p data-start=\"1465\" data-end=\"1674\">Cette encre de tatouage jaune d'or est destin\u00e9e aux travaux de tatouage professionnels qui n\u00e9cessitent un ton jaune constant. Chaque bouteille contient 1 oz d'encre de tatouage. L'emballage permet une distribution contr\u00f4l\u00e9e et pr\u00e9cise.<\/p>\n<h3 data-start=\"1676\" data-end=\"1694\">Caract\u00e9ristiques principales<\/h3>\n<ul data-start=\"1695\" data-end=\"1859\">\n<li data-start=\"1695\" data-end=\"1729\">\n<p data-start=\"1697\" data-end=\"1729\">Encre de tatouage jaune d'or<\/p>\n<\/li>\n<li data-start=\"1730\" data-end=\"1762\">\n<p data-start=\"1732\" data-end=\"1762\">Formulation d'une encre unicolore<\/p>\n<\/li>\n<li data-start=\"1763\" data-end=\"1783\">\n<p data-start=\"1765\" data-end=\"1783\">Flacon de 1 oz<\/p>\n<\/li>\n<li data-start=\"1784\" data-end=\"1812\">\n<p data-start=\"1786\" data-end=\"1812\">Embout de distribution de pr\u00e9cision<\/p>\n<\/li>\n<li data-start=\"1813\" data-end=\"1859\">\n<p data-start=\"1815\" data-end=\"1859\">Convient \u00e0 l'\u00e9quipement de tatouage professionnel<\/p>\n<\/li>\n<\/ul>\n<h3 data-start=\"1861\" data-end=\"1891\">Sp\u00e9cifications techniques<\/h3>\n<ul data-start=\"1892\" data-end=\"1992\">\n<li data-start=\"1892\" data-end=\"1913\">\n<p data-start=\"1894\" data-end=\"1913\">Marque : Gtartistoo<\/p>\n<\/li>\n<li data-start=\"1914\" data-end=\"1942\">\n<p data-start=\"1916\" data-end=\"1942\">Type de produit : Encre de tatouage<\/p>\n<\/li>\n<li data-start=\"1943\" data-end=\"1967\">\n<p data-start=\"1945\" data-end=\"1967\">Couleur : jaune d'or<\/p>\n<\/li>\n<li data-start=\"1968\" data-end=\"1992\">\n<p data-start=\"1970\" data-end=\"1992\">Volume : 1 oz (30 ml)<\/p>\n<\/li>\n<\/ul>\n<h3 data-start=\"1994\" data-end=\"2021\">Compatibilit\u00e9 \/ Utilisation<\/h3>\n<p data-start=\"2022\" data-end=\"2261\">Encre de tatouage jaune d'or de qualit\u00e9 professionnelle. Flacon de 30 ml (1 oz) avec embout de pr\u00e9cision pour une application r\u00e9guli\u00e8re. Formule \u00e0 haute pigmentation pour les tatoueurs.<\/p>","protected":false},"excerpt":{"rendered":"<p data-start=\"950\" data-end=\"1301\">L'encre Gtartistoo Golden Yellow Tattoo Ink est fournie dans une bouteille de 1 oz et pr\u00e9sente un pigment jaune dor\u00e9 pour les applications de tatouage professionnelles. Cette encre unicolore est destin\u00e9e \u00e0 une utilisation contr\u00f4l\u00e9e en studio, o\u00f9 une manipulation coh\u00e9rente des couleurs est n\u00e9cessaire. Le flacon comprend une pointe de distribution de pr\u00e9cision pour permettre une application pr\u00e9cise de l'encre pendant le travail de tatouage.<\/p>\n<p data-start=\"1303\" data-end=\"1328\"><strong data-start=\"1303\" data-end=\"1326\">Points forts du produit :<\/strong><\/p>\n<ul data-start=\"1329\" data-end=\"1412\">\n<li data-start=\"1329\" data-end=\"1357\">\n<p data-start=\"1331\" data-end=\"1357\">Encre de tatouage jaune d'or<\/p>\n<\/li>\n<li data-start=\"1358\" data-end=\"1378\">\n<p data-start=\"1360\" data-end=\"1378\">Flacon de 1 oz<\/p>\n<\/li>\n<li data-start=\"1379\" data-end=\"1412\">\n<p data-start=\"1381\" data-end=\"1412\">Con\u00e7u pour une utilisation professionnelle<\/p>\n<\/li>\n<\/ul>","protected":false},"featured_media":31734,"comment_status":"open","ping_status":"closed","template":"","meta":[],"product_brand":[71],"product_cat":[352,72],"product_tag":[],"class_list":{"0":"post-31659","1":"product","2":"type-product","3":"status-publish","4":"has-post-thumbnail","6":"product_brand-gtartistoo","7":"product_cat-single-bottle-tattoo-ink","8":"product_cat-tattoo-inks","10":"first","11":"instock","12":"taxable","13":"shipping-taxable","14":"purchasable","15":"product-type-simple"},"yoast_head":"<!-- This site is optimized with the Yoast SEO Premium plugin v26.2 (Yoast SEO v26.2) - https:\/\/yoast.com\/wordpress\/plugins\/seo\/ -->\n<title>Gtartistoo Golden Yellow Tattoo Ink \u2013 1 oz Bottle<\/title>\n<meta name=\"description\" content=\"Gtartistoo Golden Yellow tattoo ink in a 1 oz bottle. Designed for professional tattoo applications requiring consistent yellow pigment.\" \/>\n<meta name=\"robots\" content=\"index, follow, max-snippet:-1, max-image-preview:large, max-video-preview:-1\" \/>\n<link rel=\"canonical\" href=\"https:\/\/gtartistoo.com\/fr\/boutique\/encres-de-tatouage\/encre-de-tatouage-en-flacon-unique\/gtartistoo-encre-de-tatouage-jaune-dor-1oz\/\" \/>\n<meta property=\"og:locale\" content=\"fr_FR\" \/>\n<meta property=\"og:type\" content=\"article\" \/>\n<meta property=\"og:title\" content=\"Gtartistoo Golden Yellow Tattoo Ink \u2013 1 oz Bottle\" \/>\n<meta property=\"og:description\" content=\"Gtartistoo Golden Yellow tattoo ink in a 1 oz bottle. Designed for professional tattoo applications requiring consistent yellow pigment.\" \/>\n<meta property=\"og:url\" content=\"https:\/\/gtartistoo.com\/fr\/boutique\/encres-de-tatouage\/encre-de-tatouage-en-flacon-unique\/gtartistoo-encre-de-tatouage-jaune-dor-1oz\/\" \/>\n<meta property=\"og:site_name\" content=\"gtartistoo.com\" \/>\n<meta property=\"article:modified_time\" content=\"2026-03-04T05:51:44+00:00\" \/>\n<meta property=\"og:image\" content=\"https:\/\/gtartistoo.com\/wp-content\/uploads\/2026\/01\/Gtartistoo-golden-yellow-tattoo-ink.jpg\" \/>\n\t<meta property=\"og:image:width\" content=\"800\" \/>\n\t<meta property=\"og:image:height\" content=\"800\" \/>\n\t<meta property=\"og:image:type\" content=\"image\/jpeg\" \/>\n<meta name=\"twitter:card\" content=\"summary_large_image\" \/>\n<meta name=\"twitter:label1\" content=\"Prix\" \/>\n\t<meta name=\"twitter:data1\" content=\"6.99&#036;\" \/>\n\t<meta name=\"twitter:label2\" content=\"Disponibilit\u00e9\" \/>\n\t<meta name=\"twitter:data2\" content=\"En stock\" \/>\n<script type=\"application\/ld+json\" class=\"yoast-schema-graph\">{\"@context\":\"https:\/\/schema.org\",\"@graph\":[{\"@type\":\"WebPage\",\"@id\":\"https:\/\/gtartistoo.com\/shop\/tattoo-inks\/single-bottle-tattoo-ink\/gtartistoo-golden-yellow-tattoo-ink-1oz\/\",\"url\":\"https:\/\/gtartistoo.com\/shop\/tattoo-inks\/single-bottle-tattoo-ink\/gtartistoo-golden-yellow-tattoo-ink-1oz\/\",\"name\":\"Gtartistoo Golden Yellow Tattoo Ink \u2013 1 oz Bottle\",\"isPartOf\":{\"@id\":\"https:\/\/gtartistoo.com\/#website\"},\"primaryImageOfPage\":{\"@id\":\"https:\/\/gtartistoo.com\/shop\/tattoo-inks\/single-bottle-tattoo-ink\/gtartistoo-golden-yellow-tattoo-ink-1oz\/#primaryimage\"},\"image\":{\"@id\":\"https:\/\/gtartistoo.com\/shop\/tattoo-inks\/single-bottle-tattoo-ink\/gtartistoo-golden-yellow-tattoo-ink-1oz\/#primaryimage\"},\"thumbnailUrl\":\"https:\/\/gtartistoo.com\/wp-content\/uploads\/2026\/01\/Gtartistoo-golden-yellow-tattoo-ink.jpg\",\"datePublished\":\"2026-01-27T09:14:21+00:00\",\"dateModified\":\"2026-03-04T05:51:44+00:00\",\"description\":\"Gtartistoo Golden Yellow tattoo ink in a 1 oz bottle. Designed for professional tattoo applications requiring consistent yellow pigment.\",\"breadcrumb\":{\"@id\":\"https:\/\/gtartistoo.com\/shop\/tattoo-inks\/single-bottle-tattoo-ink\/gtartistoo-golden-yellow-tattoo-ink-1oz\/#breadcrumb\"},\"inLanguage\":\"fr-FR\",\"potentialAction\":[{\"@type\":\"ReadAction\",\"target\":[\"https:\/\/gtartistoo.com\/shop\/tattoo-inks\/single-bottle-tattoo-ink\/gtartistoo-golden-yellow-tattoo-ink-1oz\/\"]}]},{\"@type\":\"ImageObject\",\"inLanguage\":\"fr-FR\",\"@id\":\"https:\/\/gtartistoo.com\/shop\/tattoo-inks\/single-bottle-tattoo-ink\/gtartistoo-golden-yellow-tattoo-ink-1oz\/#primaryimage\",\"url\":\"https:\/\/gtartistoo.com\/wp-content\/uploads\/2026\/01\/Gtartistoo-golden-yellow-tattoo-ink.jpg\",\"contentUrl\":\"https:\/\/gtartistoo.com\/wp-content\/uploads\/2026\/01\/Gtartistoo-golden-yellow-tattoo-ink.jpg\",\"width\":800,\"height\":800,\"caption\":\"Gtartistoo Golden Yellow tattoo ink bottle\"},{\"@type\":\"BreadcrumbList\",\"@id\":\"https:\/\/gtartistoo.com\/shop\/tattoo-inks\/single-bottle-tattoo-ink\/gtartistoo-golden-yellow-tattoo-ink-1oz\/#breadcrumb\",\"itemListElement\":[{\"@type\":\"ListItem\",\"position\":1,\"name\":\"Home\",\"item\":\"https:\/\/gtartistoo.com\/\"},{\"@type\":\"ListItem\",\"position\":2,\"name\":\"Shop\",\"item\":\"https:\/\/gtartistoo.com\/shop\/\"},{\"@type\":\"ListItem\",\"position\":3,\"name\":\"Gtartistoo Golden Yellow Tattoo Ink \u2013 1 oz Bottle\"}]},{\"@type\":\"WebSite\",\"@id\":\"https:\/\/gtartistoo.com\/#website\",\"url\":\"https:\/\/gtartistoo.com\/\",\"name\":\"gtartistoo.com\",\"description\":\"\",\"publisher\":{\"@id\":\"https:\/\/gtartistoo.com\/#organization\"},\"potentialAction\":[{\"@type\":\"SearchAction\",\"target\":{\"@type\":\"EntryPoint\",\"urlTemplate\":\"https:\/\/gtartistoo.com\/?s={search_term_string}\"},\"query-input\":{\"@type\":\"PropertyValueSpecification\",\"valueRequired\":true,\"valueName\":\"search_term_string\"}}],\"inLanguage\":\"fr-FR\"},{\"@type\":\"Organization\",\"@id\":\"https:\/\/gtartistoo.com\/#organization\",\"name\":\"gtartistoo.com\",\"url\":\"https:\/\/gtartistoo.com\/\",\"logo\":{\"@type\":\"ImageObject\",\"inLanguage\":\"fr-FR\",\"@id\":\"https:\/\/gtartistoo.com\/#\/schema\/logo\/image\/\",\"url\":\"https:\/\/gtartistoo.com\/wp-content\/uploads\/2025\/10\/logo.svg\",\"contentUrl\":\"https:\/\/gtartistoo.com\/wp-content\/uploads\/2025\/10\/logo.svg\",\"width\":369,\"height\":124,\"caption\":\"gtartistoo.com\"},\"image\":{\"@id\":\"https:\/\/gtartistoo.com\/#\/schema\/logo\/image\/\"}}]}<\/script>\n<meta property=\"product:price:amount\" content=\"6.99\" \/>\n<meta property=\"product:price:currency\" content=\"USD\" \/>\n<meta property=\"og:availability\" content=\"instock\" \/>\n<meta property=\"product:availability\" content=\"instock\" \/>\n<meta property=\"product:retailer_item_id\" content=\"31659\" \/>\n<meta property=\"product:condition\" content=\"new\" \/>\n<!-- \/ Yoast SEO Premium plugin. -->","yoast_head_json":{"title":"Gtartistoo Encre de tatouage jaune d'or - Bouteille de 1 oz","description":"Encre de tatouage Gtartistoo Golden Yellow en bouteille de 1 oz. Con\u00e7ue pour les applications de tatouage professionnel n\u00e9cessitant un pigment jaune constant.","robots":{"index":"index","follow":"follow","max-snippet":"max-snippet:-1","max-image-preview":"max-image-preview:large","max-video-preview":"max-video-preview:-1"},"canonical":"https:\/\/gtartistoo.com\/fr\/boutique\/encres-de-tatouage\/encre-de-tatouage-en-flacon-unique\/gtartistoo-encre-de-tatouage-jaune-dor-1oz\/","og_locale":"fr_FR","og_type":"article","og_title":"Gtartistoo Golden Yellow Tattoo Ink \u2013 1 oz Bottle","og_description":"Gtartistoo Golden Yellow tattoo ink in a 1 oz bottle. Designed for professional tattoo applications requiring consistent yellow pigment.","og_url":"https:\/\/gtartistoo.com\/fr\/boutique\/encres-de-tatouage\/encre-de-tatouage-en-flacon-unique\/gtartistoo-encre-de-tatouage-jaune-dor-1oz\/","og_site_name":"gtartistoo.com","article_modified_time":"2026-03-04T05:51:44+00:00","og_image":[{"width":800,"height":800,"url":"https:\/\/gtartistoo.com\/wp-content\/uploads\/2026\/01\/Gtartistoo-golden-yellow-tattoo-ink.jpg","type":"image\/jpeg"}],"twitter_card":"summary_large_image","twitter_misc":{"Prix":"6.99&#36;","Disponibilit\u00e9":"En stock"},"schema":{"@context":"https:\/\/schema.org","@graph":[{"@type":"WebPage","@id":"https:\/\/gtartistoo.com\/shop\/tattoo-inks\/single-bottle-tattoo-ink\/gtartistoo-golden-yellow-tattoo-ink-1oz\/","url":"https:\/\/gtartistoo.com\/shop\/tattoo-inks\/single-bottle-tattoo-ink\/gtartistoo-golden-yellow-tattoo-ink-1oz\/","name":"Gtartistoo Encre de tatouage jaune d'or - Bouteille de 1 oz","isPartOf":{"@id":"https:\/\/gtartistoo.com\/#website"},"primaryImageOfPage":{"@id":"https:\/\/gtartistoo.com\/shop\/tattoo-inks\/single-bottle-tattoo-ink\/gtartistoo-golden-yellow-tattoo-ink-1oz\/#primaryimage"},"image":{"@id":"https:\/\/gtartistoo.com\/shop\/tattoo-inks\/single-bottle-tattoo-ink\/gtartistoo-golden-yellow-tattoo-ink-1oz\/#primaryimage"},"thumbnailUrl":"https:\/\/gtartistoo.com\/wp-content\/uploads\/2026\/01\/Gtartistoo-golden-yellow-tattoo-ink.jpg","datePublished":"2026-01-27T09:14:21+00:00","dateModified":"2026-03-04T05:51:44+00:00","description":"Encre de tatouage Gtartistoo Golden Yellow en bouteille de 1 oz. Con\u00e7ue pour les applications de tatouage professionnel n\u00e9cessitant un pigment jaune constant.","breadcrumb":{"@id":"https:\/\/gtartistoo.com\/shop\/tattoo-inks\/single-bottle-tattoo-ink\/gtartistoo-golden-yellow-tattoo-ink-1oz\/#breadcrumb"},"inLanguage":"fr-FR","potentialAction":[{"@type":"ReadAction","target":["https:\/\/gtartistoo.com\/shop\/tattoo-inks\/single-bottle-tattoo-ink\/gtartistoo-golden-yellow-tattoo-ink-1oz\/"]}]},{"@type":"ImageObject","inLanguage":"fr-FR","@id":"https:\/\/gtartistoo.com\/shop\/tattoo-inks\/single-bottle-tattoo-ink\/gtartistoo-golden-yellow-tattoo-ink-1oz\/#primaryimage","url":"https:\/\/gtartistoo.com\/wp-content\/uploads\/2026\/01\/Gtartistoo-golden-yellow-tattoo-ink.jpg","contentUrl":"https:\/\/gtartistoo.com\/wp-content\/uploads\/2026\/01\/Gtartistoo-golden-yellow-tattoo-ink.jpg","width":800,"height":800,"caption":"Gtartistoo Golden Yellow tattoo ink bottle"},{"@type":"BreadcrumbList","@id":"https:\/\/gtartistoo.com\/shop\/tattoo-inks\/single-bottle-tattoo-ink\/gtartistoo-golden-yellow-tattoo-ink-1oz\/#breadcrumb","itemListElement":[{"@type":"ListItem","position":1,"name":"Home","item":"https:\/\/gtartistoo.com\/"},{"@type":"ListItem","position":2,"name":"Shop","item":"https:\/\/gtartistoo.com\/shop\/"},{"@type":"ListItem","position":3,"name":"Gtartistoo Golden Yellow Tattoo Ink \u2013 1 oz Bottle"}]},{"@type":"WebSite","@id":"https:\/\/gtartistoo.com\/#website","url":"https:\/\/gtartistoo.com\/","name":"gtartistoo.com","description":"","publisher":{"@id":"https:\/\/gtartistoo.com\/#organization"},"potentialAction":[{"@type":"SearchAction","target":{"@type":"EntryPoint","urlTemplate":"https:\/\/gtartistoo.com\/?s={search_term_string}"},"query-input":{"@type":"PropertyValueSpecification","valueRequired":true,"valueName":"search_term_string"}}],"inLanguage":"fr-FR"},{"@type":"Organization","@id":"https:\/\/gtartistoo.com\/#organization","name":"gtartistoo.com","url":"https:\/\/gtartistoo.com\/","logo":{"@type":"ImageObject","inLanguage":"fr-FR","@id":"https:\/\/gtartistoo.com\/#\/schema\/logo\/image\/","url":"https:\/\/gtartistoo.com\/wp-content\/uploads\/2025\/10\/logo.svg","contentUrl":"https:\/\/gtartistoo.com\/wp-content\/uploads\/2025\/10\/logo.svg","width":369,"height":124,"caption":"gtartistoo.com"},"image":{"@id":"https:\/\/gtartistoo.com\/#\/schema\/logo\/image\/"}}]},"product_price_amount":"6.99","product_price_currency":"USD","og_availability":"instock","product_availability":"instock","product_retailer_item_id":"31659","product_condition":"new"},"_links":{"self":[{"href":"https:\/\/gtartistoo.com\/fr\/wp-json\/wp\/v2\/product\/31659","targetHints":{"allow":["GET"]}}],"collection":[{"href":"https:\/\/gtartistoo.com\/fr\/wp-json\/wp\/v2\/product"}],"about":[{"href":"https:\/\/gtartistoo.com\/fr\/wp-json\/wp\/v2\/types\/product"}],"replies":[{"embeddable":true,"href":"https:\/\/gtartistoo.com\/fr\/wp-json\/wp\/v2\/comments?post=31659"}],"version-history":[{"count":2,"href":"https:\/\/gtartistoo.com\/fr\/wp-json\/wp\/v2\/product\/31659\/revisions"}],"predecessor-version":[{"id":31735,"href":"https:\/\/gtartistoo.com\/fr\/wp-json\/wp\/v2\/product\/31659\/revisions\/31735"}],"wp:featuredmedia":[{"embeddable":true,"href":"https:\/\/gtartistoo.com\/fr\/wp-json\/wp\/v2\/media\/31734"}],"wp:attachment":[{"href":"https:\/\/gtartistoo.com\/fr\/wp-json\/wp\/v2\/media?parent=31659"}],"wp:term":[{"taxonomy":"product_brand","embeddable":true,"href":"https:\/\/gtartistoo.com\/fr\/wp-json\/wp\/v2\/product_brand?post=31659"},{"taxonomy":"product_cat","embeddable":true,"href":"https:\/\/gtartistoo.com\/fr\/wp-json\/wp\/v2\/product_cat?post=31659"},{"taxonomy":"product_tag","embeddable":true,"href":"https:\/\/gtartistoo.com\/fr\/wp-json\/wp\/v2\/product_tag?post=31659"}],"curies":[{"name":"wp","href":"https:\/\/api.w.org\/{rel}","templated":true}]}}