{"id":31671,"date":"2026-01-28T05:57:27","date_gmt":"2026-01-28T05:57:27","guid":{"rendered":"https:\/\/gtartistoo.com\/?post_type=product&#038;p=31671"},"modified":"2026-03-04T05:51:43","modified_gmt":"2026-03-04T05:51:43","slug":"gtartistoo-encre-de-tatouage-vert-clair-1oz","status":"publish","type":"product","link":"https:\/\/gtartistoo.com\/fr\/boutique\/encres-de-tatouage\/gtartistoo-encre-de-tatouage-vert-clair-1oz\/","title":{"rendered":"Gtartistoo Encre de tatouage vert clair - Bouteille de 1 oz"},"content":{"rendered":"<p data-start=\"1439\" data-end=\"1669\">L'encre de tatouage vert clair Gtartistoo est con\u00e7ue pour les travaux de tatouage professionnels qui n\u00e9cessitent une couleur verte stable. Chaque bouteille contient 1 oz d'encre de tatouage. L'emballage permet une distribution contr\u00f4l\u00e9e et pr\u00e9cise pendant l'utilisation.<\/p>\n<h3 data-start=\"1671\" data-end=\"1700\">Caract\u00e9ristiques principales\uff08bullet list\uff09<\/h3>\n<ul data-start=\"1701\" data-end=\"1871\">\n<li data-start=\"1701\" data-end=\"1733\">\n<p data-start=\"1703\" data-end=\"1733\">Couleur d'encre de tatouage vert clair<\/p>\n<\/li>\n<li data-start=\"1734\" data-end=\"1766\">\n<p data-start=\"1736\" data-end=\"1766\">Formulation d'une encre unicolore<\/p>\n<\/li>\n<li data-start=\"1767\" data-end=\"1795\">\n<p data-start=\"1769\" data-end=\"1795\">Flacon de 30 ml (1 oz)<\/p>\n<\/li>\n<li data-start=\"1796\" data-end=\"1824\">\n<p data-start=\"1798\" data-end=\"1824\">Embout de distribution de pr\u00e9cision<\/p>\n<\/li>\n<li data-start=\"1825\" data-end=\"1871\">\n<p data-start=\"1827\" data-end=\"1871\">Convient \u00e0 l'\u00e9quipement de tatouage professionnel<\/p>\n<\/li>\n<\/ul>\n<h3 data-start=\"1873\" data-end=\"1910\">Sp\u00e9cifications techniques<\/h3>\n<ul data-start=\"1911\" data-end=\"2009\">\n<li data-start=\"1911\" data-end=\"1932\">\n<p data-start=\"1913\" data-end=\"1932\">Marque : Gtartistoo<\/p>\n<\/li>\n<li data-start=\"1933\" data-end=\"1961\">\n<p data-start=\"1935\" data-end=\"1961\">Type de produit : Encre de tatouage<\/p>\n<\/li>\n<li data-start=\"1962\" data-end=\"1984\">\n<p data-start=\"1964\" data-end=\"1984\">Couleur : vert clair<\/p>\n<\/li>\n<li data-start=\"1985\" data-end=\"2009\">\n<p data-start=\"1987\" data-end=\"2009\">Volume : 1 oz (30 ml)<\/p>\n<\/li>\n<\/ul>\n<h3 data-start=\"2011\" data-end=\"2054\">Compatibilit\u00e9 \/ paragraphe d'utilisation<\/h3>\n<p data-start=\"2055\" data-end=\"2310\">Encre de tatouage vert clair de qualit\u00e9 professionnelle. Flacon de 30 ml (1 oz) avec embout de pr\u00e9cision pour une application r\u00e9guli\u00e8re. Formule \u00e0 haute pigmentation pour les tatoueurs.<\/p>","protected":false},"excerpt":{"rendered":"<p data-start=\"943\" data-end=\"1237\">L'encre de tatouage vert clair Gtartistoo est fournie dans une bouteille de 1 oz pour les applications de tatouage professionnelles. Cette encre unicolore est destin\u00e9e \u00e0 un usage contr\u00f4l\u00e9 en studio o\u00f9 une manipulation coh\u00e9rente des couleurs est n\u00e9cessaire. La conception du flacon permet une distribution pr\u00e9cise pendant le travail de tatouage et la configuration de routine.<\/p>\n<p data-start=\"1239\" data-end=\"1262\"><strong data-start=\"1239\" data-end=\"1262\">Points forts du produit :<\/strong><\/p>\n<ul data-start=\"1263\" data-end=\"1365\">\n<li data-start=\"1263\" data-end=\"1287\">\n<p data-start=\"1265\" data-end=\"1287\">Encre de tatouage vert clair<\/p>\n<\/li>\n<li data-start=\"1288\" data-end=\"1306\">\n<p data-start=\"1290\" data-end=\"1306\">Flacon de 1 oz<\/p>\n<\/li>\n<li data-start=\"1307\" data-end=\"1333\">\n<p data-start=\"1309\" data-end=\"1333\">Formulation d'une seule couleur<\/p>\n<\/li>\n<li data-start=\"1334\" data-end=\"1365\">\n<p data-start=\"1336\" data-end=\"1365\">Con\u00e7u pour une utilisation professionnelle<\/p>\n<\/li>\n<\/ul>","protected":false},"featured_media":31730,"comment_status":"open","ping_status":"closed","template":"","meta":[],"product_brand":[71],"product_cat":[352,72],"product_tag":[],"class_list":{"0":"post-31671","1":"product","2":"type-product","3":"status-publish","4":"has-post-thumbnail","6":"product_brand-gtartistoo","7":"product_cat-single-bottle-tattoo-ink","8":"product_cat-tattoo-inks","10":"first","11":"instock","12":"taxable","13":"shipping-taxable","14":"purchasable","15":"product-type-simple"},"yoast_head":"<!-- This site is optimized with the Yoast SEO Premium plugin v26.2 (Yoast SEO v26.2) - https:\/\/yoast.com\/wordpress\/plugins\/seo\/ -->\n<title>Gtartistoo Light Green Tattoo Ink \u2013 1 oz Bottle<\/title>\n<meta name=\"description\" content=\"Gtartistoo Light Green tattoo ink in a 1 oz bottle, designed for professional tattoo applications requiring controlled ink flow and consistent color handling.\" \/>\n<meta name=\"robots\" content=\"index, follow, max-snippet:-1, max-image-preview:large, max-video-preview:-1\" \/>\n<link rel=\"canonical\" href=\"https:\/\/gtartistoo.com\/fr\/boutique\/encres-de-tatouage\/gtartistoo-encre-de-tatouage-vert-clair-1oz\/\" \/>\n<meta property=\"og:locale\" content=\"fr_FR\" \/>\n<meta property=\"og:type\" content=\"article\" \/>\n<meta property=\"og:title\" content=\"Gtartistoo Light Green Tattoo Ink \u2013 1 oz Bottle\" \/>\n<meta property=\"og:description\" content=\"Gtartistoo Light Green tattoo ink in a 1 oz bottle, designed for professional tattoo applications requiring controlled ink flow and consistent color handling.\" \/>\n<meta property=\"og:url\" content=\"https:\/\/gtartistoo.com\/fr\/boutique\/encres-de-tatouage\/gtartistoo-encre-de-tatouage-vert-clair-1oz\/\" \/>\n<meta property=\"og:site_name\" content=\"gtartistoo.com\" \/>\n<meta property=\"article:modified_time\" content=\"2026-03-04T05:51:43+00:00\" \/>\n<meta property=\"og:image\" content=\"https:\/\/gtartistoo.com\/wp-content\/uploads\/2026\/01\/Gtartistoo-light-green-tattoo-ink.jpg\" \/>\n\t<meta property=\"og:image:width\" content=\"800\" \/>\n\t<meta property=\"og:image:height\" content=\"800\" \/>\n\t<meta property=\"og:image:type\" content=\"image\/jpeg\" \/>\n<meta name=\"twitter:card\" content=\"summary_large_image\" \/>\n<meta name=\"twitter:label1\" content=\"Prix\" \/>\n\t<meta name=\"twitter:data1\" content=\"6.99&#036;\" \/>\n\t<meta name=\"twitter:label2\" content=\"Disponibilit\u00e9\" \/>\n\t<meta name=\"twitter:data2\" content=\"En stock\" \/>\n<script type=\"application\/ld+json\" class=\"yoast-schema-graph\">{\"@context\":\"https:\/\/schema.org\",\"@graph\":[{\"@type\":\"WebPage\",\"@id\":\"https:\/\/gtartistoo.com\/shop\/tattoo-inks\/gtartistoo-light-green-tattoo-ink-1oz\/\",\"url\":\"https:\/\/gtartistoo.com\/shop\/tattoo-inks\/gtartistoo-light-green-tattoo-ink-1oz\/\",\"name\":\"Gtartistoo Light Green Tattoo Ink \u2013 1 oz Bottle\",\"isPartOf\":{\"@id\":\"https:\/\/gtartistoo.com\/#website\"},\"primaryImageOfPage\":{\"@id\":\"https:\/\/gtartistoo.com\/shop\/tattoo-inks\/gtartistoo-light-green-tattoo-ink-1oz\/#primaryimage\"},\"image\":{\"@id\":\"https:\/\/gtartistoo.com\/shop\/tattoo-inks\/gtartistoo-light-green-tattoo-ink-1oz\/#primaryimage\"},\"thumbnailUrl\":\"https:\/\/gtartistoo.com\/wp-content\/uploads\/2026\/01\/Gtartistoo-light-green-tattoo-ink.jpg\",\"datePublished\":\"2026-01-28T05:57:27+00:00\",\"dateModified\":\"2026-03-04T05:51:43+00:00\",\"description\":\"Gtartistoo Light Green tattoo ink in a 1 oz bottle, designed for professional tattoo applications requiring controlled ink flow and consistent color handling.\",\"breadcrumb\":{\"@id\":\"https:\/\/gtartistoo.com\/shop\/tattoo-inks\/gtartistoo-light-green-tattoo-ink-1oz\/#breadcrumb\"},\"inLanguage\":\"fr-FR\",\"potentialAction\":[{\"@type\":\"ReadAction\",\"target\":[\"https:\/\/gtartistoo.com\/shop\/tattoo-inks\/gtartistoo-light-green-tattoo-ink-1oz\/\"]}]},{\"@type\":\"ImageObject\",\"inLanguage\":\"fr-FR\",\"@id\":\"https:\/\/gtartistoo.com\/shop\/tattoo-inks\/gtartistoo-light-green-tattoo-ink-1oz\/#primaryimage\",\"url\":\"https:\/\/gtartistoo.com\/wp-content\/uploads\/2026\/01\/Gtartistoo-light-green-tattoo-ink.jpg\",\"contentUrl\":\"https:\/\/gtartistoo.com\/wp-content\/uploads\/2026\/01\/Gtartistoo-light-green-tattoo-ink.jpg\",\"width\":800,\"height\":800,\"caption\":\"Gtartistoo Light Green tattoo ink bottle\"},{\"@type\":\"BreadcrumbList\",\"@id\":\"https:\/\/gtartistoo.com\/shop\/tattoo-inks\/gtartistoo-light-green-tattoo-ink-1oz\/#breadcrumb\",\"itemListElement\":[{\"@type\":\"ListItem\",\"position\":1,\"name\":\"Home\",\"item\":\"https:\/\/gtartistoo.com\/\"},{\"@type\":\"ListItem\",\"position\":2,\"name\":\"Shop\",\"item\":\"https:\/\/gtartistoo.com\/shop\/\"},{\"@type\":\"ListItem\",\"position\":3,\"name\":\"Gtartistoo Light Green Tattoo Ink \u2013 1 oz Bottle\"}]},{\"@type\":\"WebSite\",\"@id\":\"https:\/\/gtartistoo.com\/#website\",\"url\":\"https:\/\/gtartistoo.com\/\",\"name\":\"gtartistoo.com\",\"description\":\"\",\"publisher\":{\"@id\":\"https:\/\/gtartistoo.com\/#organization\"},\"potentialAction\":[{\"@type\":\"SearchAction\",\"target\":{\"@type\":\"EntryPoint\",\"urlTemplate\":\"https:\/\/gtartistoo.com\/?s={search_term_string}\"},\"query-input\":{\"@type\":\"PropertyValueSpecification\",\"valueRequired\":true,\"valueName\":\"search_term_string\"}}],\"inLanguage\":\"fr-FR\"},{\"@type\":\"Organization\",\"@id\":\"https:\/\/gtartistoo.com\/#organization\",\"name\":\"gtartistoo.com\",\"url\":\"https:\/\/gtartistoo.com\/\",\"logo\":{\"@type\":\"ImageObject\",\"inLanguage\":\"fr-FR\",\"@id\":\"https:\/\/gtartistoo.com\/#\/schema\/logo\/image\/\",\"url\":\"https:\/\/gtartistoo.com\/wp-content\/uploads\/2025\/10\/logo.svg\",\"contentUrl\":\"https:\/\/gtartistoo.com\/wp-content\/uploads\/2025\/10\/logo.svg\",\"width\":369,\"height\":124,\"caption\":\"gtartistoo.com\"},\"image\":{\"@id\":\"https:\/\/gtartistoo.com\/#\/schema\/logo\/image\/\"}}]}<\/script>\n<meta property=\"product:price:amount\" content=\"6.99\" \/>\n<meta property=\"product:price:currency\" content=\"USD\" \/>\n<meta property=\"og:availability\" content=\"instock\" \/>\n<meta property=\"product:availability\" content=\"instock\" \/>\n<meta property=\"product:retailer_item_id\" content=\"31671\" \/>\n<meta property=\"product:condition\" content=\"new\" \/>\n<!-- \/ Yoast SEO Premium plugin. -->","yoast_head_json":{"title":"Gtartistoo Encre de tatouage vert clair - Bouteille de 1 oz","description":"Encre de tatouage vert clair Gtartistoo en flacon de 1 oz, con\u00e7ue pour les applications de tatouage professionnel n\u00e9cessitant un flux d'encre contr\u00f4l\u00e9 et une manipulation coh\u00e9rente de la couleur.","robots":{"index":"index","follow":"follow","max-snippet":"max-snippet:-1","max-image-preview":"max-image-preview:large","max-video-preview":"max-video-preview:-1"},"canonical":"https:\/\/gtartistoo.com\/fr\/boutique\/encres-de-tatouage\/gtartistoo-encre-de-tatouage-vert-clair-1oz\/","og_locale":"fr_FR","og_type":"article","og_title":"Gtartistoo Light Green Tattoo Ink \u2013 1 oz Bottle","og_description":"Gtartistoo Light Green tattoo ink in a 1 oz bottle, designed for professional tattoo applications requiring controlled ink flow and consistent color handling.","og_url":"https:\/\/gtartistoo.com\/fr\/boutique\/encres-de-tatouage\/gtartistoo-encre-de-tatouage-vert-clair-1oz\/","og_site_name":"gtartistoo.com","article_modified_time":"2026-03-04T05:51:43+00:00","og_image":[{"width":800,"height":800,"url":"https:\/\/gtartistoo.com\/wp-content\/uploads\/2026\/01\/Gtartistoo-light-green-tattoo-ink.jpg","type":"image\/jpeg"}],"twitter_card":"summary_large_image","twitter_misc":{"Prix":"6.99&#36;","Disponibilit\u00e9":"En stock"},"schema":{"@context":"https:\/\/schema.org","@graph":[{"@type":"WebPage","@id":"https:\/\/gtartistoo.com\/shop\/tattoo-inks\/gtartistoo-light-green-tattoo-ink-1oz\/","url":"https:\/\/gtartistoo.com\/shop\/tattoo-inks\/gtartistoo-light-green-tattoo-ink-1oz\/","name":"Gtartistoo Encre de tatouage vert clair - Bouteille de 1 oz","isPartOf":{"@id":"https:\/\/gtartistoo.com\/#website"},"primaryImageOfPage":{"@id":"https:\/\/gtartistoo.com\/shop\/tattoo-inks\/gtartistoo-light-green-tattoo-ink-1oz\/#primaryimage"},"image":{"@id":"https:\/\/gtartistoo.com\/shop\/tattoo-inks\/gtartistoo-light-green-tattoo-ink-1oz\/#primaryimage"},"thumbnailUrl":"https:\/\/gtartistoo.com\/wp-content\/uploads\/2026\/01\/Gtartistoo-light-green-tattoo-ink.jpg","datePublished":"2026-01-28T05:57:27+00:00","dateModified":"2026-03-04T05:51:43+00:00","description":"Encre de tatouage vert clair Gtartistoo en flacon de 1 oz, con\u00e7ue pour les applications de tatouage professionnel n\u00e9cessitant un flux d'encre contr\u00f4l\u00e9 et une manipulation coh\u00e9rente de la couleur.","breadcrumb":{"@id":"https:\/\/gtartistoo.com\/shop\/tattoo-inks\/gtartistoo-light-green-tattoo-ink-1oz\/#breadcrumb"},"inLanguage":"fr-FR","potentialAction":[{"@type":"ReadAction","target":["https:\/\/gtartistoo.com\/shop\/tattoo-inks\/gtartistoo-light-green-tattoo-ink-1oz\/"]}]},{"@type":"ImageObject","inLanguage":"fr-FR","@id":"https:\/\/gtartistoo.com\/shop\/tattoo-inks\/gtartistoo-light-green-tattoo-ink-1oz\/#primaryimage","url":"https:\/\/gtartistoo.com\/wp-content\/uploads\/2026\/01\/Gtartistoo-light-green-tattoo-ink.jpg","contentUrl":"https:\/\/gtartistoo.com\/wp-content\/uploads\/2026\/01\/Gtartistoo-light-green-tattoo-ink.jpg","width":800,"height":800,"caption":"Gtartistoo Light Green tattoo ink bottle"},{"@type":"BreadcrumbList","@id":"https:\/\/gtartistoo.com\/shop\/tattoo-inks\/gtartistoo-light-green-tattoo-ink-1oz\/#breadcrumb","itemListElement":[{"@type":"ListItem","position":1,"name":"Home","item":"https:\/\/gtartistoo.com\/"},{"@type":"ListItem","position":2,"name":"Shop","item":"https:\/\/gtartistoo.com\/shop\/"},{"@type":"ListItem","position":3,"name":"Gtartistoo Light Green Tattoo Ink \u2013 1 oz Bottle"}]},{"@type":"WebSite","@id":"https:\/\/gtartistoo.com\/#website","url":"https:\/\/gtartistoo.com\/","name":"gtartistoo.com","description":"","publisher":{"@id":"https:\/\/gtartistoo.com\/#organization"},"potentialAction":[{"@type":"SearchAction","target":{"@type":"EntryPoint","urlTemplate":"https:\/\/gtartistoo.com\/?s={search_term_string}"},"query-input":{"@type":"PropertyValueSpecification","valueRequired":true,"valueName":"search_term_string"}}],"inLanguage":"fr-FR"},{"@type":"Organization","@id":"https:\/\/gtartistoo.com\/#organization","name":"gtartistoo.com","url":"https:\/\/gtartistoo.com\/","logo":{"@type":"ImageObject","inLanguage":"fr-FR","@id":"https:\/\/gtartistoo.com\/#\/schema\/logo\/image\/","url":"https:\/\/gtartistoo.com\/wp-content\/uploads\/2025\/10\/logo.svg","contentUrl":"https:\/\/gtartistoo.com\/wp-content\/uploads\/2025\/10\/logo.svg","width":369,"height":124,"caption":"gtartistoo.com"},"image":{"@id":"https:\/\/gtartistoo.com\/#\/schema\/logo\/image\/"}}]},"product_price_amount":"6.99","product_price_currency":"USD","og_availability":"instock","product_availability":"instock","product_retailer_item_id":"31671","product_condition":"new"},"_links":{"self":[{"href":"https:\/\/gtartistoo.com\/fr\/wp-json\/wp\/v2\/product\/31671","targetHints":{"allow":["GET"]}}],"collection":[{"href":"https:\/\/gtartistoo.com\/fr\/wp-json\/wp\/v2\/product"}],"about":[{"href":"https:\/\/gtartistoo.com\/fr\/wp-json\/wp\/v2\/types\/product"}],"replies":[{"embeddable":true,"href":"https:\/\/gtartistoo.com\/fr\/wp-json\/wp\/v2\/comments?post=31671"}],"version-history":[{"count":2,"href":"https:\/\/gtartistoo.com\/fr\/wp-json\/wp\/v2\/product\/31671\/revisions"}],"predecessor-version":[{"id":31731,"href":"https:\/\/gtartistoo.com\/fr\/wp-json\/wp\/v2\/product\/31671\/revisions\/31731"}],"wp:featuredmedia":[{"embeddable":true,"href":"https:\/\/gtartistoo.com\/fr\/wp-json\/wp\/v2\/media\/31730"}],"wp:attachment":[{"href":"https:\/\/gtartistoo.com\/fr\/wp-json\/wp\/v2\/media?parent=31671"}],"wp:term":[{"taxonomy":"product_brand","embeddable":true,"href":"https:\/\/gtartistoo.com\/fr\/wp-json\/wp\/v2\/product_brand?post=31671"},{"taxonomy":"product_cat","embeddable":true,"href":"https:\/\/gtartistoo.com\/fr\/wp-json\/wp\/v2\/product_cat?post=31671"},{"taxonomy":"product_tag","embeddable":true,"href":"https:\/\/gtartistoo.com\/fr\/wp-json\/wp\/v2\/product_tag?post=31671"}],"curies":[{"name":"wp","href":"https:\/\/api.w.org\/{rel}","templated":true}]}}