{"id":29533,"date":"2025-10-21T07:05:13","date_gmt":"2025-10-21T07:05:13","guid":{"rendered":"https:\/\/gtartistoo.com\/?page_id=29533"},"modified":"2026-01-12T07:20:08","modified_gmt":"2026-01-12T07:20:08","slug":"termini-e-condizioni","status":"publish","type":"page","link":"https:\/\/gtartistoo.com\/it\/termini-e-condizioni\/","title":{"rendered":"Termini e condizioni"},"content":{"rendered":"<div data-elementor-type=\"wp-page\" data-elementor-id=\"29533\" class=\"elementor elementor-29533\" data-elementor-post-type=\"page\">\n\t\t\t\t<div class=\"wd-negative-gap elementor-element elementor-element-0dcece5 e-flex e-con-boxed e-con e-parent\" data-id=\"0dcece5\" data-element_type=\"container\" data-e-type=\"container\" data-settings=\"{&quot;ekit_has_onepagescroll_dot&quot;:&quot;yes&quot;}\">\n\t\t\t\t\t<div class=\"e-con-inner\">\n\t\t\t\t<div class=\"elementor-element elementor-element-6601e7e elementor-widget elementor-widget-wd_text_block\" data-id=\"6601e7e\" data-element_type=\"widget\" data-e-type=\"widget\" data-settings=\"{&quot;ekit_we_effect_on&quot;:&quot;none&quot;}\" data-widget_type=\"wd_text_block.default\">\n\t\t\t\t<div class=\"elementor-widget-container\">\n\t\t\t\t\t\t\t<div class=\"wd-text-block reset-last-child text-left color-title\">\n\t\t\t\n\t\t\t<p>I presenti Termini di servizio (di seguito denominati \"Termini\") sono stipulati tra gtartistoo (gestito da Yiwu Yiran E-commerce Co., Ltd., di seguito denominata \"noi\" o \"ci\", con indirizzo presso Room 906, Building 3, Qingyunli, Fotang Town, Yiwu City, Jinhua City, Zhejiang Province) e gli utenti che utilizzano il nostro sito web (dominio: https:\/\/gtartistoo.com, di seguito denominato \"Sito web\") e i servizi correlati (di seguito denominati \"voi\" o \"vostro\"). L'accesso, la navigazione nel Sito web, l'acquisto di prodotti e l'utilizzo di servizi attraverso il Sito web implica che l'utente abbia letto, compreso e accettato di rispettare tutti i contenuti dei presenti Termini, nonch\u00e9 le norme di supporto (se presenti) da noi emanate, come ad esempio il Regolamento del Sito web. <em>Informativa sulla privacy<\/em> e <em>Politica di restituzione e garanzia<\/em> (di seguito denominate collettivamente \"Regole della piattaforma\"). Se l'utente non accetta i presenti Termini o le Regole della piattaforma, \u00e8 pregato di non utilizzare il Sito web e i servizi correlati.<\/p><p><b>1. Ambito di applicazione e definizioni<\/b><\/p><p>Ambito di applicazione: Le presenti Condizioni si applicano a tutti i rapporti giuridici derivanti da tutti i servizi del Sito (compresa la vendita di forniture professionali per tatuaggi, l'evasione degli ordini, l'assistenza post-vendita, la consultazione di informazioni, ecc.) tra l'utente e noi, compresi, a titolo esemplificativo, gli utenti che navigano, gli utenti che acquistano e gli utenti che inviano contenuti (se presenti).<\/p><p>Definizioni chiave:<\/p><ul><li>\"Prodotti\": Si riferiscono alle varie forniture professionali per tatuaggi visualizzate e vendute sul Sito Web, inclusi, a titolo esemplificativo ma non esaustivo, gli inchiostri organici per tatuaggi (ad esempio, set da 15ML a 8 colori\/14 colori\/16 colori, ecc.), le attrezzature per tatuaggi (ad esempio, penne per tatuaggi, macchinette per tatuaggi, ecc.) e i relativi accessori (soggetti alla descrizione nella pagina dei dettagli del prodotto);<\/li><li>\"Ordini\": Si riferiscono alle richieste di acquisto inoltrate dall'utente attraverso il Sito Web, comprese le informazioni sui prodotti, le informazioni sulla consegna, le informazioni sul pagamento e altri contenuti;<\/li><li>\"Servizi\": Si riferiscono a tutti i servizi da noi forniti all'utente in relazione alle forniture professionali per tatuaggi, come la consulenza pre-vendita, l'elaborazione dell'ordine, il monitoraggio della logistica, la manutenzione post-vendita e l'assistenza in garanzia.<\/li><\/ul><p><b>2. Diritti e obblighi dell'utente<\/b><\/p><p>I vostri diritti:<\/p><ul><li>Accedere legittimamente alle informazioni pubbliche sul Sito Web e informarsi su dettagli, prezzi, specifiche e parametri, logistica e politiche post-vendita delle forniture professionali per tatuaggi;<\/li><li>Acquistare forniture professionali per tatuaggi attraverso il Sito Web e ottenere i servizi corrispondenti in conformit\u00e0 ai presenti Termini e alle Regole della Piattaforma;<\/li><li>Inviare richieste, reclami o suggerimenti relativi a prodotti o servizi, e noi risponderemo in conformit\u00e0 con le normative vigenti;<\/li><li>Usufruire legittimamente dei servizi di restituzione, cambio e garanzia da noi promessi (nel rispetto delle norme di legge). <em>Politica di restituzione e garanzia<\/em>).<\/li><\/ul><p>I vostri obblighi:<\/p><ul><li>Fornire informazioni personali veritiere, accurate e complete (come nome, informazioni di contatto, indirizzo di consegna, ecc.) al momento della registrazione o dell'utilizzo del Sito Web, e aggiornare le informazioni in modo tempestivo per garantirne la validit\u00e0;<\/li><li>Rispettare le leggi e i regolamenti nazionali e le presenti Condizioni, e non utilizzare il Sito web per attivit\u00e0 illegali (come la diffusione di informazioni illegali, la frode, il riciclaggio di denaro, ecc.) o violare i diritti di propriet\u00e0 intellettuale, i diritti alla privacy e altri diritti e interessi legittimi di noi o di terzi;<\/li><li>Conservare correttamente le informazioni relative al proprio account (se presenti) e assumersi la responsabilit\u00e0 di tutte le operazioni effettuate utilizzando l'account. In caso di furto dell'account, l'utente dovr\u00e0 informarci immediatamente;<\/li><li>Non deve interferire con il normale funzionamento del sito web attraverso mezzi tecnici (come crawler, virus, software maligni, ecc.), n\u00e9 manomettere o rubare i dati e i contenuti del sito web.<\/li><\/ul><p><b>3. Regole di ordine e di transazione<\/b><\/p><p>Invio e conferma dell'ordine:<\/p><ul><li>Quando inviate un ordine sul Sito Web, dovete confermare che le informazioni sul prodotto (come il colore e le specifiche degli inchiostri per tatuaggi, il modello dell'attrezzatura per tatuaggi), l'indirizzo di consegna, l'importo del pagamento e altri contenuti sono corretti; l'invio di un ordine sar\u00e0 considerato solo come l'emissione di un'offerta di acquisto da parte vostra, e abbiamo il diritto di decidere se accettare l'offerta (cio\u00e8 confermare l'ordine) in base alle scorte, alla conformit\u00e0 del prodotto e ad altri fattori;<\/li><li>La nostra notifica di \"Ordine confermato\" via SMS, e-mail o messaggio sul sito Web sar\u00e0 considerata come l'istituzione di un contratto di vendita tra entrambe le parti; se l'ordine non pu\u00f2 essere confermato per motivi quali scorte insufficienti o prezzi errati, vi informeremo tempestivamente e vi rimborseremo l'importo pagato (se presente).<\/li><\/ul><p>Prezzi e pagamenti:<\/p><ul><li>I prezzi dei prodotti sul Sito web sono soggetti alla visualizzazione in tempo reale sulla pagina dei dettagli del prodotto. Ci riserviamo il diritto di adeguare i prezzi in base alle condizioni di mercato e tali adeguamenti non si applicheranno agli ordini confermati;<\/li><li>Il cliente \u00e8 tenuto a completare il pagamento in modo tempestivo, secondo il metodo di pagamento indicato nell'ordine. Se il pagamento non viene effettuato entro il periodo specificato, l'ordine verr\u00e0 automaticamente annullato (salvo accordi speciali); le spese di gestione sostenute durante il processo di pagamento (come le spese di pagamento transfrontaliere) saranno sostenute in conformit\u00e0 alle regole della piattaforma di pagamento o agli accordi tra le due parti.<\/li><\/ul><p>Logistica e consegna:<\/p><ul><li>Affideremo a fornitori terzi di servizi logistici (come YunExpress, 4PX Express, ecc., in base ai dettagli dell'ordine) la consegna dei prodotti in base all'indirizzo di consegna indicato nell'ordine. I tempi di consegna e il trasporto saranno effettuati in conformit\u00e0 con i termini di consegna e di trasporto. <em>Politica logistica<\/em> pubblicato sul sito web;<\/li><li>Dovrete firmare per i prodotti in modo tempestivo. Prima di firmare, si prega di verificare se la quantit\u00e0, l'aspetto e le specifiche dei prodotti sono coerenti con l'ordine, e di confermare che la confezione dell'inchiostro per tatuaggi sia intatta e che l'attrezzatura per tatuaggi non sia danneggiata; se si scopre che i prodotti sono danneggiati, mancanti o consegnati in modo errato, si dovr\u00e0 rifiutare di firmare e contattare immediatamente il nostro servizio clienti. In caso di mancata contestazione entro il termine indicato, si riterr\u00e0 che i prodotti siano stati consegnati in buone condizioni.<\/li><\/ul><p><b>4. Servizi post-vendita e di garanzia<\/b><\/p><p>Restituzione e cambio:<\/p><ul><li>Se non siete soddisfatti dei prodotti, potete richiedere la restituzione o il cambio entro 7 giorni dal ricevimento dei prodotti, in conformit\u00e0 con le disposizioni del presente documento. <em>Politica di restituzione e garanzia<\/em> (i prodotti devono essere non aperti, non utilizzati, non danneggiati e la confezione deve essere intatta; gli inchiostri per tatuaggi devono rimanere nel loro stato originale sigillato);<\/li><li>Per i resi\/cambi causati da problemi di qualit\u00e0 del prodotto (come inchiostri per tatuaggi deteriorati, attrezzature per tatuaggi non funzionanti), il trasporto di andata e ritorno sar\u00e0 a nostro carico; per i resi\/cambi causati da motivi personali (come acquisto errato, antipatia), il trasporto per la restituzione dei prodotti sar\u00e0 a vostro carico, e noi ci faremo carico solo del trasporto per la ri-consegna (salvo accordi speciali).<\/li><\/ul><p>Servizio di garanzia:<\/p><ul><li>Forniamo un servizio di garanzia di qualit\u00e0 di 1 anno per le attrezzature per tatuaggi vendute sul Sito Web (calcolato a partire dalla data di sottoscrizione dei prodotti) e una garanzia di qualit\u00e0 di 30 giorni per gli inchiostri per tatuaggi dopo la consegna (l'ambito della garanzia include il deterioramento dell'inchiostro, le perdite, ecc.) L'ambito e le procedure di garanzia specifiche sono soggette al <em>Politica di restituzione e garanzia<\/em>;<\/li><li>Il servizio di garanzia non sar\u00e0 valido se il prodotto si guasta a causa delle seguenti circostanze: \u2460 eccessiva lubrificazione dell'apparecchiatura per tatuaggi; \u2461 danni provocati dall'uomo a causa di cadute, urti, ecc.\u2462 Smontaggio o modifica non autorizzata del motore o dei componenti principali dell'apparecchiatura per tatuaggi; \u2463 Sostituzione di parti non fornite da noi; \u2464 Deterioramento degli inchiostri per tatuaggi a causa di una conservazione impropria (come esposizione alla luce solare, contaminazione) dopo l'apertura; \u2465 Danni causati da forza maggiore (come disastri naturali, incidenti).<\/li><\/ul><p>Risposta post-vendita:<\/p><ul><li>\u00c8 possibile presentare una richiesta di assistenza post-vendita attraverso l'ingresso del servizio clienti sul sito Web o via e-mail (service@gtartistoo.com). Quando si presenta la richiesta, \u00e8 necessario fornire il numero d'ordine e le immagini\/video del prodotto (per dimostrare il problema, ad esempio la schermata di errore dell'apparecchiatura per tatuaggi, la situazione di perdita di inchiostro);<\/li><li>Esamineremo la richiesta e forniremo un feedback sul piano di gestione entro 2 giorni lavorativi dal ricevimento della richiesta. Il ciclo generale di riparazione in garanzia \u00e8 di 7-15 giorni lavorativi (esclusi i tempi logistici).<\/li><\/ul><p><b>5. Protezione della privacy<\/b><\/p><p>Attribuiamo grande importanza alla protezione dei vostri dati personali e raccoglieremo, utilizzeremo, memorizzeremo e proteggeremo i vostri dati (come nome, informazioni di contatto, indirizzo di consegna, informazioni di pagamento, ecc. <em>Informativa sulla privacy<\/em>;<\/p><p>Non divulgheremo le informazioni personali dell'utente a terzi senza il suo consenso, a meno che non sia richiesto da leggi, regolamenti governativi o per l'adempimento degli obblighi previsti dai presenti Termini (come ad esempio la fornitura di informazioni sulla consegna al fornitore di servizi logistici incaricato della consegna).<\/p><p><b>6. Usi vietati<\/b><\/p><p>L'utente non deve utilizzare il sito Web e i servizi correlati per le seguenti azioni; in caso contrario, abbiamo il diritto di interrompere i servizi, bloccare gli ordini e riservarci il diritto di perseguire la responsabilit\u00e0 legale:<\/p><ul><li>Violare le leggi e i regolamenti nazionali e diffondere informazioni illegali, violente, pornografiche, diffamatorie e altre informazioni dannose;<\/li><li>Violare i diritti di propriet\u00e0 intellettuale di noi o di terzi (come ad esempio rubare immagini di prodotti e descrizioni di testo dal Sito web, vendere materiale per tatuaggi in violazione);<\/li><li>Falsificare gli ordini, effettuare spazzolature maliziose, ottenere sconti in modo improprio o avanzare pretese maliziose approfittando delle regole post-vendita (come danneggiare intenzionalmente i prodotti per poi richiederne la restituzione);<\/li><li>Interferenza con il normale funzionamento del Sito web, inclusi, a titolo esemplificativo, l'invio di messaggi di spam, l'inserimento di codici maligni e l'attacco ai server;<\/li><li>Altri atti che violano i presenti Termini o danneggiano i diritti e gli interessi legittimi di noi o di altri utenti.<\/li><\/ul><p><b>7. Limitazione di responsabilit\u00e0 ed esonero di responsabilit\u00e0<\/b><\/p><p>Le informazioni sui prodotti (come immagini, parametri, descrizioni) fornite sul sito web sono solo di riferimento. Abbiamo fatto il possibile per garantire l'accuratezza delle informazioni, ma a causa di fattori quali l'illuminazione durante la fotografia, le differenze tra i monitor e le piccole differenze nella produzione dei lotti, l'aspetto e il colore effettivi dei prodotti possono differire leggermente dalle immagini. Faranno fede i prodotti reali;<\/p><p>In caso di ritardi nella consegna dei prodotti, perdite o danni causati da ritardi del fornitore di servizi logistici, cause di forza maggiore (come disastri naturali, epidemie, adeguamenti delle politiche) o informazioni di consegna errate fornite dal cliente, la societ\u00e0 assister\u00e0 il cliente nella negoziazione con le parti interessate per risolvere il problema, ma non si assumer\u00e0 direttamente la responsabilit\u00e0 del risarcimento (ad eccezione dei casi causati da nostra colpa);<\/p><p>Il Sito Web pu\u00f2 contenere link di terze parti (come ad esempio link a piattaforme di pagamento, link a richieste di logistica). Non siamo responsabili del contenuto, dei servizi e della sicurezza dei siti web di terzi. Il rischio di accedere a siti web di terzi \u00e8 a carico dell'utente;<\/p><p>Nella misura consentita dalla legge, ci assumiamo la responsabilit\u00e0 di fornire i servizi \"cos\u00ec come sono\" ai sensi dei presenti Termini. Non garantiamo che i servizi siano ininterrotti o privi di errori, n\u00e9 ci facciamo carico di perdite indirette (quali perdita di profitti, perdite per interruzione dell'attivit\u00e0) sostenute a causa dell'utilizzo dei servizi da parte dell'utente.<\/p><p><b>8. Modifica e risoluzione dei Termini<\/b><\/p><p>Modifica dei Termini: Abbiamo il diritto di aggiornare i presenti Termini in base agli adeguamenti aziendali o alle modifiche legali. I Termini aggiornati saranno pubblicati pubblicamente sulla pagina \"Termini del servizio\" del Sito web. L'uso continuato dei servizi del Sito Web da parte dell'utente dopo la pubblicazione sar\u00e0 considerato come accettazione dei Termini aggiornati;<\/p><p>Risoluzione dei Termini:<\/p><ul><li>L'utente pu\u00f2 interrompere l'utilizzo dei servizi del sito web in qualsiasi momento. In caso di violazione dei presenti Termini, abbiamo il diritto di interrompere immediatamente i servizi (compresi, ma non solo, la chiusura dell'account, l'annullamento dell'ordine, il rifiuto dei servizi post-vendita) e non rimborseremo l'importo pagato (tranne nei casi causati da nostra colpa);<\/li><li>Dopo la risoluzione delle presenti Condizioni, i diritti e gli obblighi esistenti tra entrambe le parti (come gli ordini non completati, le responsabilit\u00e0 post-vendita, gli obblighi di protezione della privacy) dovranno essere eseguiti in conformit\u00e0 alle presenti Condizioni.<\/li><\/ul><p><b>9. Legge applicabile e risoluzione delle controversie<\/b><\/p><p>Le presenti Condizioni sono disciplinate dalle leggi della Repubblica Popolare Cinese (escluse le leggi delle regioni di Hong Kong, Macao e Taiwan);<\/p><p>Le controversie che dovessero insorgere tra l'utente e noi in relazione ai presenti Termini dovranno essere risolte in primo luogo attraverso una negoziazione amichevole; se la negoziazione non dovesse andare a buon fine, ciascuna delle parti potr\u00e0 intentare una causa presso il tribunale del popolo competente per il luogo in cui ha sede la nostra entit\u00e0 operativa (ovvero, Yiwu City, Jinhua City, Zhejiang Province).<\/p><p><b>10. Varie<\/b><\/p><p>I titoli delle presenti Condizioni sono solo a scopo di leggibilit\u00e0 e non influiscono sull'interpretazione del contenuto delle Condizioni stesse;<\/p><p>Se una disposizione dei presenti Termini \u00e8 ritenuta non valida o non applicabile, ci\u00f2 non pregiudica la validit\u00e0 delle altre disposizioni;<\/p><p>In caso di domande sulle presenti Condizioni, l'utente pu\u00f2 contattarci attraverso i seguenti metodi:<\/p><p>Email: service@gtartistoo.com<\/p><p>Indirizzo operativo: Stanza 906, Edificio 3, Qingyunli, Fotang Town, Yiwu City, Jinhua City, Provincia di Zhejiang<\/p><p>Operatore di gtartistoo: Yiwu Yiran E-commerce Co., Ltd.<\/p>\n\t\t\t\t\t<\/div>\n\t\t\t\t\t\t<\/div>\n\t\t\t\t<\/div>\n\t\t\t\t\t<\/div>\n\t\t\t\t<\/div>\n\t\t\t\t<\/div>","protected":false},"excerpt":{"rendered":"<p>These Terms of Service (hereinafter referred to as the &#8220;Terms&#8221;) are entered into between gtartistoo (operated by Yiwu Yiran E-commerce<\/p>","protected":false},"author":1,"featured_media":0,"parent":0,"menu_order":0,"comment_status":"closed","ping_status":"closed","template":"","meta":{"footnotes":""},"class_list":["post-29533","page","type-page","status-publish","hentry"],"yoast_head":"<!-- This site is optimized with the Yoast SEO Premium plugin v26.2 (Yoast SEO v26.2) - https:\/\/yoast.com\/wordpress\/plugins\/seo\/ -->\n<title>Terms and Conditions - gtartistoo.com<\/title>\n<meta name=\"robots\" content=\"noindex, nofollow\" \/>\n<meta property=\"og:locale\" content=\"it_IT\" \/>\n<meta property=\"og:type\" content=\"article\" \/>\n<meta property=\"og:title\" content=\"Terms and Conditions\" \/>\n<meta property=\"og:description\" content=\"These Terms of Service (hereinafter referred to as the &#8220;Terms&#8221;) are entered into between gtartistoo (operated by Yiwu Yiran E-commerce\" \/>\n<meta property=\"og:url\" content=\"https:\/\/gtartistoo.com\/it\/termini-e-condizioni\/\" \/>\n<meta property=\"og:site_name\" content=\"gtartistoo.com\" \/>\n<meta property=\"article:modified_time\" content=\"2026-01-12T07:20:08+00:00\" \/>\n<meta name=\"twitter:card\" content=\"summary_large_image\" \/>\n<meta name=\"twitter:label1\" content=\"Tempo di lettura stimato\" \/>\n\t<meta name=\"twitter:data1\" content=\"9 minuti\" \/>\n<script type=\"application\/ld+json\" class=\"yoast-schema-graph\">{\"@context\":\"https:\/\/schema.org\",\"@graph\":[{\"@type\":\"WebPage\",\"@id\":\"https:\/\/gtartistoo.com\/terms-and-conditions\/\",\"url\":\"https:\/\/gtartistoo.com\/terms-and-conditions\/\",\"name\":\"Terms and Conditions - gtartistoo.com\",\"isPartOf\":{\"@id\":\"https:\/\/gtartistoo.com\/#website\"},\"datePublished\":\"2025-10-21T07:05:13+00:00\",\"dateModified\":\"2026-01-12T07:20:08+00:00\",\"breadcrumb\":{\"@id\":\"https:\/\/gtartistoo.com\/terms-and-conditions\/#breadcrumb\"},\"inLanguage\":\"it-IT\",\"potentialAction\":[{\"@type\":\"ReadAction\",\"target\":[\"https:\/\/gtartistoo.com\/terms-and-conditions\/\"]}]},{\"@type\":\"BreadcrumbList\",\"@id\":\"https:\/\/gtartistoo.com\/terms-and-conditions\/#breadcrumb\",\"itemListElement\":[{\"@type\":\"ListItem\",\"position\":1,\"name\":\"Home\",\"item\":\"https:\/\/gtartistoo.com\/\"},{\"@type\":\"ListItem\",\"position\":2,\"name\":\"Terms and Conditions\"}]},{\"@type\":\"WebSite\",\"@id\":\"https:\/\/gtartistoo.com\/#website\",\"url\":\"https:\/\/gtartistoo.com\/\",\"name\":\"gtartistoo.com\",\"description\":\"\",\"publisher\":{\"@id\":\"https:\/\/gtartistoo.com\/#organization\"},\"potentialAction\":[{\"@type\":\"SearchAction\",\"target\":{\"@type\":\"EntryPoint\",\"urlTemplate\":\"https:\/\/gtartistoo.com\/?s={search_term_string}\"},\"query-input\":{\"@type\":\"PropertyValueSpecification\",\"valueRequired\":true,\"valueName\":\"search_term_string\"}}],\"inLanguage\":\"it-IT\"},{\"@type\":\"Organization\",\"@id\":\"https:\/\/gtartistoo.com\/#organization\",\"name\":\"gtartistoo.com\",\"url\":\"https:\/\/gtartistoo.com\/\",\"logo\":{\"@type\":\"ImageObject\",\"inLanguage\":\"it-IT\",\"@id\":\"https:\/\/gtartistoo.com\/#\/schema\/logo\/image\/\",\"url\":\"https:\/\/gtartistoo.com\/wp-content\/uploads\/2025\/10\/logo.svg\",\"contentUrl\":\"https:\/\/gtartistoo.com\/wp-content\/uploads\/2025\/10\/logo.svg\",\"width\":369,\"height\":124,\"caption\":\"gtartistoo.com\"},\"image\":{\"@id\":\"https:\/\/gtartistoo.com\/#\/schema\/logo\/image\/\"}}]}<\/script>\n<!-- \/ Yoast SEO Premium plugin. -->","yoast_head_json":{"title":"Termini e condizioni - gtartistoo.com","robots":{"index":"noindex","follow":"nofollow"},"og_locale":"it_IT","og_type":"article","og_title":"Terms and Conditions","og_description":"These Terms of Service (hereinafter referred to as the &#8220;Terms&#8221;) are entered into between gtartistoo (operated by Yiwu Yiran E-commerce","og_url":"https:\/\/gtartistoo.com\/it\/termini-e-condizioni\/","og_site_name":"gtartistoo.com","article_modified_time":"2026-01-12T07:20:08+00:00","twitter_card":"summary_large_image","twitter_misc":{"Tempo di lettura stimato":"9 minuti"},"schema":{"@context":"https:\/\/schema.org","@graph":[{"@type":"WebPage","@id":"https:\/\/gtartistoo.com\/terms-and-conditions\/","url":"https:\/\/gtartistoo.com\/terms-and-conditions\/","name":"Termini e condizioni - gtartistoo.com","isPartOf":{"@id":"https:\/\/gtartistoo.com\/#website"},"datePublished":"2025-10-21T07:05:13+00:00","dateModified":"2026-01-12T07:20:08+00:00","breadcrumb":{"@id":"https:\/\/gtartistoo.com\/terms-and-conditions\/#breadcrumb"},"inLanguage":"it-IT","potentialAction":[{"@type":"ReadAction","target":["https:\/\/gtartistoo.com\/terms-and-conditions\/"]}]},{"@type":"BreadcrumbList","@id":"https:\/\/gtartistoo.com\/terms-and-conditions\/#breadcrumb","itemListElement":[{"@type":"ListItem","position":1,"name":"Home","item":"https:\/\/gtartistoo.com\/"},{"@type":"ListItem","position":2,"name":"Terms and Conditions"}]},{"@type":"WebSite","@id":"https:\/\/gtartistoo.com\/#website","url":"https:\/\/gtartistoo.com\/","name":"gtartistoo.com","description":"","publisher":{"@id":"https:\/\/gtartistoo.com\/#organization"},"potentialAction":[{"@type":"SearchAction","target":{"@type":"EntryPoint","urlTemplate":"https:\/\/gtartistoo.com\/?s={search_term_string}"},"query-input":{"@type":"PropertyValueSpecification","valueRequired":true,"valueName":"search_term_string"}}],"inLanguage":"it-IT"},{"@type":"Organization","@id":"https:\/\/gtartistoo.com\/#organization","name":"gtartistoo.com","url":"https:\/\/gtartistoo.com\/","logo":{"@type":"ImageObject","inLanguage":"it-IT","@id":"https:\/\/gtartistoo.com\/#\/schema\/logo\/image\/","url":"https:\/\/gtartistoo.com\/wp-content\/uploads\/2025\/10\/logo.svg","contentUrl":"https:\/\/gtartistoo.com\/wp-content\/uploads\/2025\/10\/logo.svg","width":369,"height":124,"caption":"gtartistoo.com"},"image":{"@id":"https:\/\/gtartistoo.com\/#\/schema\/logo\/image\/"}}]}},"_hostinger_reach_plugin_has_subscription_block":false,"_hostinger_reach_plugin_is_elementor":false,"_links":{"self":[{"href":"https:\/\/gtartistoo.com\/it\/wp-json\/wp\/v2\/pages\/29533","targetHints":{"allow":["GET"]}}],"collection":[{"href":"https:\/\/gtartistoo.com\/it\/wp-json\/wp\/v2\/pages"}],"about":[{"href":"https:\/\/gtartistoo.com\/it\/wp-json\/wp\/v2\/types\/page"}],"author":[{"embeddable":true,"href":"https:\/\/gtartistoo.com\/it\/wp-json\/wp\/v2\/users\/1"}],"replies":[{"embeddable":true,"href":"https:\/\/gtartistoo.com\/it\/wp-json\/wp\/v2\/comments?post=29533"}],"version-history":[{"count":4,"href":"https:\/\/gtartistoo.com\/it\/wp-json\/wp\/v2\/pages\/29533\/revisions"}],"predecessor-version":[{"id":29538,"href":"https:\/\/gtartistoo.com\/it\/wp-json\/wp\/v2\/pages\/29533\/revisions\/29538"}],"wp:attachment":[{"href":"https:\/\/gtartistoo.com\/it\/wp-json\/wp\/v2\/media?parent=29533"}],"curies":[{"name":"wp","href":"https:\/\/api.w.org\/{rel}","templated":true}]}}