{"id":3,"date":"2025-10-13T04:00:44","date_gmt":"2025-10-13T04:00:44","guid":{"rendered":"http:\/\/gtartistoo.com\/?page_id=3"},"modified":"2026-01-12T07:17:35","modified_gmt":"2026-01-12T07:17:35","slug":"informativa-sulla-privacy","status":"publish","type":"page","link":"https:\/\/gtartistoo.com\/it\/informativa-sulla-privacy\/","title":{"rendered":"Informativa sulla privacy"},"content":{"rendered":"<div data-elementor-type=\"wp-page\" data-elementor-id=\"3\" class=\"elementor elementor-3\" data-elementor-post-type=\"page\">\n\t\t\t\t<div class=\"wd-negative-gap elementor-element elementor-element-fa9461d e-flex e-con-boxed e-con e-parent\" data-id=\"fa9461d\" data-element_type=\"container\" data-e-type=\"container\" data-settings=\"{&quot;ekit_has_onepagescroll_dot&quot;:&quot;yes&quot;}\">\n\t\t\t\t\t<div class=\"e-con-inner\">\n\t\t\t\t<div class=\"elementor-element elementor-element-34310a4 elementor-widget elementor-widget-wd_text_block\" data-id=\"34310a4\" data-element_type=\"widget\" data-e-type=\"widget\" data-settings=\"{&quot;ekit_we_effect_on&quot;:&quot;none&quot;}\" data-widget_type=\"wd_text_block.default\">\n\t\t\t\t<div class=\"elementor-widget-container\">\n\t\t\t\t\t\t\t<div class=\"wd-text-block reset-last-child text-left color-title\">\n\t\t\t\n\t\t\t<p>Prendiamo la vostra privacy sul serio e questa dichiarazione sulla privacy spiega come raccogliamo, utilizziamo, condividiamo ed elaboriamo le vostre informazioni.<\/p><p><strong><u>Raccolta e utilizzo dei dati personali<\/u><\/strong><\/p><p>I dati personali sono informazioni che possono essere utilizzate per identificare direttamente o indirettamente l'utente. I dati personali comprendono anche dati anonimi collegati a informazioni che possono essere utilizzate per identificare direttamente o indirettamente l'utente. I dati personali non comprendono i dati che sono stati irreversibilmente resi anonimi o aggregati in modo da non consentirci pi\u00f9 di identificarvi, sia in combinazione con altre informazioni che in altro modo.<\/p><p><strong><u>Promuovere la sicurezza<\/u><\/strong><\/p><p>Rispettiamo i principi di legalit\u00e0, legittimit\u00e0 e trasparenza, utilizziamo ed elaboriamo i dati minimi entro uno scopo limitato e adottiamo misure tecniche e amministrative per proteggere la sicurezza dei dati. Utilizziamo i dati personali per contribuire alla verifica degli account e delle attivit\u00e0 degli utenti, nonch\u00e9 per promuovere la sicurezza, ad esempio monitorando le frodi e indagando su attivit\u00e0 sospette o potenzialmente illegali o su violazioni dei nostri termini o delle nostre politiche. Tale trattamento si basa sul nostro legittimo interesse a garantire la sicurezza dei nostri prodotti e servizi.<\/p><p>Di seguito sono descritti i tipi di dati personali che possiamo raccogliere e il modo in cui possiamo utilizzarli:<\/p><p><strong><u>Quali dati personali raccogliamo<\/u><\/strong><\/p><p>\u2160. Dati forniti dall'utente:\u00a0<\/p><p>Raccogliamo i dati personali che ci fornite quando utilizzate i nostri prodotti e servizi o interagite in altro modo con noi, ad esempio quando create un account, ci contattate, partecipate a un sondaggio online, utilizzate la nostra guida online o lo strumento di chat online. Se l'utente effettua un acquisto, raccogliamo dati personali in relazione all'acquisto. Questi dati comprendono i dati di pagamento, come il numero della carta di credito o di debito e altre informazioni sulla carta, e altre informazioni sull'account e sull'autenticazione, nonch\u00e9 i dati di fatturazione, spedizione e contatto.<\/p><p>\u2161. Dati sull'utilizzo dei nostri servizi e prodotti:<\/p><p>Quando visitate i nostri siti web, possiamo raccogliere dati sul tipo di dispositivo che utilizzate, l'identificativo univoco del vostro dispositivo, l'indirizzo IP del vostro dispositivo, il vostro sistema operativo, il tipo di browser Internet che utilizzate, informazioni sull'utilizzo, informazioni diagnostiche e informazioni sulla posizione da o sui computer, telefoni o altri dispositivi su cui installate o accedete ai nostri prodotti o servizi. Se disponibili, i nostri servizi possono utilizzare il GPS, l'indirizzo IP dell'utente e altre tecnologie per determinare la posizione approssimativa di un dispositivo e consentirci di migliorare i nostri prodotti e servizi.<\/p><p><strong><u>Come utilizziamo i vostri dati personali<\/u><\/strong><\/p><p>In generale, utilizziamo i dati personali per fornire, migliorare e sviluppare i nostri prodotti e servizi, per comunicare con voi, per offrirvi pubblicit\u00e0 e servizi mirati e per proteggere noi e i nostri clienti.<\/p><p>\u2160. Fornire, migliorare e sviluppare i nostri prodotti e servizi:<\/p><p>Utilizziamo i dati personali per aiutarci a fornire, migliorare e sviluppare i nostri prodotti, servizi e pubblicit\u00e0. Ci\u00f2 include l'utilizzo dei dati personali per scopi quali l'analisi dei dati, la ricerca e la revisione contabile. Tale trattamento si basa sul nostro legittimo interesse a offrirvi prodotti e servizi e per la continuit\u00e0 aziendale.<\/p><p>\u2161. Comunicare con voi:<\/p><p>Previo consenso esplicito dell'utente, possiamo utilizzare i dati personali per inviare comunicazioni di marketing in relazione ai nostri prodotti e servizi, comunicare con l'utente in merito al suo conto o alle sue transazioni e informarlo sulle nostre politiche e condizioni. Se non desiderate pi\u00f9 ricevere comunicazioni via e-mail per scopi di marketing, vi preghiamo di contattarci per rifiutare. Possiamo inoltre utilizzare i vostri dati per elaborare e rispondere alle vostre richieste quando ci contattate.<\/p><p>NOTA: per tutti gli utilizzi dei vostri dati sopra descritti che richiedono il vostro previo consenso esplicito, ricordate che potete revocare il vostro consenso contattandoci.<\/p><p><strong><u>Definizione di \u201ccookie\u201d<\/u><\/strong><\/p><p>I cookie sono piccoli pezzi di testo utilizzati per memorizzare informazioni sui browser web. I cookie sono ampiamente utilizzati per memorizzare e ricevere identificatori e altre informazioni su computer, telefoni e altri dispositivi. Utilizziamo anche altre tecnologie, tra cui i dati memorizzati sul browser o sul dispositivo dell'utente, gli identificatori associati al dispositivo e altri software, per scopi simili. Nella presente Informativa sui cookie, ci riferiamo a tutte queste tecnologie come \u201ccookie\u201d.\u201d<\/p><p><strong><u>Utilizzo dei cookie<\/u><\/strong><\/p><p>Utilizziamo i cookie per fornire, proteggere e migliorare i nostri prodotti e servizi, ad esempio personalizzando i contenuti, offrendo e misurando le pubblicit\u00e0, comprendendo il comportamento degli utenti e fornendo un'esperienza pi\u00f9 sicura. Si noti che i cookie specifici che possiamo utilizzare variano a seconda dei siti web e dei servizi specifici utilizzati.<\/p><p><strong><u>I bambini<\/u><\/strong><\/p><p>I nostri prodotti e servizi sono destinati agli adulti. Di conseguenza, non raccogliamo, utilizziamo o divulghiamo consapevolmente dati di minori di 16 anni. Se veniamo a conoscenza di aver raccolto i dati personali di un minore di 16 anni, o dell'et\u00e0 minima equivalente a seconda della giurisdizione, ci attiveremo per cancellare i dati il prima possibile. Vi preghiamo di contattarci immediatamente se venite a conoscenza che un minore di 16 anni ci ha fornito dati personali.<\/p><p><strong><u>I vostri diritti<\/u><\/strong><\/p><p>Adottiamo misure ragionevoli per garantire che i vostri dati personali siano accurati, completi e aggiornati. Avete il diritto di accedere, correggere o cancellare i dati personali che raccogliamo. Avete inoltre il diritto di limitare o opporvi, in qualsiasi momento, all'ulteriore trattamento dei vostri dati personali. Avete il diritto di ricevere i vostri dati personali in un formato strutturato e standard. Potete presentare un reclamo all'autorit\u00e0 competente per la protezione dei dati in merito al trattamento dei vostri dati personali.  Per proteggere la privacy e la sicurezza dei vostri dati personali, potremmo richiedervi dei dati che ci permettano di confermare la vostra identit\u00e0 e il vostro diritto di accesso a tali dati, nonch\u00e9 di cercare e fornirvi i dati personali che conserviamo. In alcuni casi, le leggi o i requisiti normativi applicabili ci consentono o ci impongono di rifiutare di fornire o cancellare alcuni o tutti i dati personali da noi conservati. Potete contattarci per esercitare i vostri diritti. Risponderemo alla vostra richiesta in tempi ragionevoli, e in ogni caso in meno di 30 giorni.<\/p><p><strong><u>Siti web e servizi di terze parti<\/u><\/strong><\/p><p>Quando un cliente gestisce un link a un sito web di terzi che ha un rapporto con noi, non ci assumiamo alcun obbligo o responsabilit\u00e0 per tale politica a causa della politica sulla privacy della terza parte. I nostri siti web, prodotti e servizi possono contenere link o la possibilit\u00e0 di accedere a siti web, prodotti e servizi di terzi. Non siamo responsabili delle pratiche sulla privacy adottate da tali terze parti, n\u00e9 siamo responsabili delle informazioni o dei contenuti dei loro prodotti e servizi. La presente Informativa sulla privacy si applica esclusivamente ai dati raccolti da noi attraverso i nostri prodotti e servizi. Vi invitiamo a leggere le norme sulla privacy di qualsiasi terza parte prima di procedere all'utilizzo dei loro siti web, prodotti o servizi.<\/p><p><strong><u>Sicurezza, integrit\u00e0 e conservazione dei dati<\/u><\/strong><\/p><p>Utilizziamo ragionevoli misure di sicurezza tecniche, amministrative e fisiche per salvaguardare e impedire l'accesso non autorizzato ai vostri dati e per utilizzare correttamente i dati raccolti. Conserveremo i vostri dati personali per tutto il tempo necessario a soddisfare gli scopi delineati nella presente Informativa sulla privacy, a meno che un periodo di conservazione pi\u00f9 lungo sia richiesto o consentito dalla legge.<\/p><p><strong><u>Modifiche alla presente Informativa sulla privacy<\/u><\/strong><\/p><p>Potremmo modificare periodicamente la presente Informativa sulla privacy per tenere il passo con le nuove tecnologie, le pratiche del settore e i requisiti normativi, tra le altre ragioni.  L'uso continuato dei nostri prodotti e servizi dopo la data di entrata in vigore dell'Informativa sulla privacy implica l'accettazione dell'Informativa sulla privacy modificata. Se l'utente non accetta l'Informativa sulla privacy rivista, \u00e8 pregato di astenersi dall'utilizzare i nostri prodotti o servizi e di contattarci per chiudere qualsiasi account eventualmente creato.<\/p><p><strong><u>Contatto<\/u><\/strong><\/p><p>In caso di domande relative alla presente Informativa sulla privacy o alla sua applicazione, ecco come potete contattarci:\u00a0<a href=\"mailto:service@gtartistoo.com\"><u>service@gtartistoo.com<\/u><\/a><\/p>\n\t\t\t\t\t<\/div>\n\t\t\t\t\t\t<\/div>\n\t\t\t\t<\/div>\n\t\t\t\t\t<\/div>\n\t\t\t\t<\/div>\n\t\t\t\t<\/div>","protected":false},"excerpt":{"rendered":"<p>Prendiamo la vostra privacy sul serio e questa dichiarazione sulla privacy spiega come raccogliamo, utilizziamo, condividiamo ed elaboriamo le vostre informazioni. Raccolta<\/p>","protected":false},"author":1,"featured_media":0,"parent":0,"menu_order":0,"comment_status":"closed","ping_status":"open","template":"elementor_header_footer","meta":{"footnotes":""},"class_list":["post-3","page","type-page","status-publish","hentry"],"yoast_head":"<!-- This site is optimized with the Yoast SEO Premium plugin v26.2 (Yoast SEO v26.2) - https:\/\/yoast.com\/wordpress\/plugins\/seo\/ -->\n<title>Privacy Policy - gtartistoo.com<\/title>\n<meta name=\"robots\" content=\"noindex, nofollow\" \/>\n<meta property=\"og:locale\" content=\"it_IT\" \/>\n<meta property=\"og:type\" content=\"article\" \/>\n<meta property=\"og:title\" content=\"Privacy Policy\" \/>\n<meta property=\"og:description\" content=\"We take your privacy seriously and this privacy statement explains how we collect, use, share and process your information. Collection\" \/>\n<meta property=\"og:url\" content=\"https:\/\/gtartistoo.com\/it\/informativa-sulla-privacy\/\" \/>\n<meta property=\"og:site_name\" content=\"gtartistoo.com\" \/>\n<meta property=\"article:modified_time\" content=\"2026-01-12T07:17:35+00:00\" \/>\n<meta name=\"twitter:card\" content=\"summary_large_image\" \/>\n<meta name=\"twitter:label1\" content=\"Tempo di lettura stimato\" \/>\n\t<meta name=\"twitter:data1\" content=\"6 minuti\" \/>\n<script type=\"application\/ld+json\" class=\"yoast-schema-graph\">{\"@context\":\"https:\/\/schema.org\",\"@graph\":[{\"@type\":\"WebPage\",\"@id\":\"https:\/\/gtartistoo.com\/privacy-policy\/\",\"url\":\"https:\/\/gtartistoo.com\/privacy-policy\/\",\"name\":\"Privacy Policy - gtartistoo.com\",\"isPartOf\":{\"@id\":\"https:\/\/gtartistoo.com\/#website\"},\"datePublished\":\"2025-10-13T04:00:44+00:00\",\"dateModified\":\"2026-01-12T07:17:35+00:00\",\"breadcrumb\":{\"@id\":\"https:\/\/gtartistoo.com\/privacy-policy\/#breadcrumb\"},\"inLanguage\":\"it-IT\",\"potentialAction\":[{\"@type\":\"ReadAction\",\"target\":[\"https:\/\/gtartistoo.com\/privacy-policy\/\"]}]},{\"@type\":\"BreadcrumbList\",\"@id\":\"https:\/\/gtartistoo.com\/privacy-policy\/#breadcrumb\",\"itemListElement\":[{\"@type\":\"ListItem\",\"position\":1,\"name\":\"Home\",\"item\":\"https:\/\/gtartistoo.com\/\"},{\"@type\":\"ListItem\",\"position\":2,\"name\":\"Privacy Policy\"}]},{\"@type\":\"WebSite\",\"@id\":\"https:\/\/gtartistoo.com\/#website\",\"url\":\"https:\/\/gtartistoo.com\/\",\"name\":\"gtartistoo.com\",\"description\":\"\",\"publisher\":{\"@id\":\"https:\/\/gtartistoo.com\/#organization\"},\"potentialAction\":[{\"@type\":\"SearchAction\",\"target\":{\"@type\":\"EntryPoint\",\"urlTemplate\":\"https:\/\/gtartistoo.com\/?s={search_term_string}\"},\"query-input\":{\"@type\":\"PropertyValueSpecification\",\"valueRequired\":true,\"valueName\":\"search_term_string\"}}],\"inLanguage\":\"it-IT\"},{\"@type\":\"Organization\",\"@id\":\"https:\/\/gtartistoo.com\/#organization\",\"name\":\"gtartistoo.com\",\"url\":\"https:\/\/gtartistoo.com\/\",\"logo\":{\"@type\":\"ImageObject\",\"inLanguage\":\"it-IT\",\"@id\":\"https:\/\/gtartistoo.com\/#\/schema\/logo\/image\/\",\"url\":\"https:\/\/gtartistoo.com\/wp-content\/uploads\/2025\/10\/logo.svg\",\"contentUrl\":\"https:\/\/gtartistoo.com\/wp-content\/uploads\/2025\/10\/logo.svg\",\"width\":369,\"height\":124,\"caption\":\"gtartistoo.com\"},\"image\":{\"@id\":\"https:\/\/gtartistoo.com\/#\/schema\/logo\/image\/\"}}]}<\/script>\n<!-- \/ Yoast SEO Premium plugin. -->","yoast_head_json":{"title":"Informativa sulla privacy - gtartistoo.com","robots":{"index":"noindex","follow":"nofollow"},"og_locale":"it_IT","og_type":"article","og_title":"Privacy Policy","og_description":"We take your privacy seriously and this privacy statement explains how we collect, use, share and process your information. Collection","og_url":"https:\/\/gtartistoo.com\/it\/informativa-sulla-privacy\/","og_site_name":"gtartistoo.com","article_modified_time":"2026-01-12T07:17:35+00:00","twitter_card":"summary_large_image","twitter_misc":{"Tempo di lettura stimato":"6 minuti"},"schema":{"@context":"https:\/\/schema.org","@graph":[{"@type":"WebPage","@id":"https:\/\/gtartistoo.com\/privacy-policy\/","url":"https:\/\/gtartistoo.com\/privacy-policy\/","name":"Informativa sulla privacy - gtartistoo.com","isPartOf":{"@id":"https:\/\/gtartistoo.com\/#website"},"datePublished":"2025-10-13T04:00:44+00:00","dateModified":"2026-01-12T07:17:35+00:00","breadcrumb":{"@id":"https:\/\/gtartistoo.com\/privacy-policy\/#breadcrumb"},"inLanguage":"it-IT","potentialAction":[{"@type":"ReadAction","target":["https:\/\/gtartistoo.com\/privacy-policy\/"]}]},{"@type":"BreadcrumbList","@id":"https:\/\/gtartistoo.com\/privacy-policy\/#breadcrumb","itemListElement":[{"@type":"ListItem","position":1,"name":"Home","item":"https:\/\/gtartistoo.com\/"},{"@type":"ListItem","position":2,"name":"Privacy Policy"}]},{"@type":"WebSite","@id":"https:\/\/gtartistoo.com\/#website","url":"https:\/\/gtartistoo.com\/","name":"gtartistoo.com","description":"","publisher":{"@id":"https:\/\/gtartistoo.com\/#organization"},"potentialAction":[{"@type":"SearchAction","target":{"@type":"EntryPoint","urlTemplate":"https:\/\/gtartistoo.com\/?s={search_term_string}"},"query-input":{"@type":"PropertyValueSpecification","valueRequired":true,"valueName":"search_term_string"}}],"inLanguage":"it-IT"},{"@type":"Organization","@id":"https:\/\/gtartistoo.com\/#organization","name":"gtartistoo.com","url":"https:\/\/gtartistoo.com\/","logo":{"@type":"ImageObject","inLanguage":"it-IT","@id":"https:\/\/gtartistoo.com\/#\/schema\/logo\/image\/","url":"https:\/\/gtartistoo.com\/wp-content\/uploads\/2025\/10\/logo.svg","contentUrl":"https:\/\/gtartistoo.com\/wp-content\/uploads\/2025\/10\/logo.svg","width":369,"height":124,"caption":"gtartistoo.com"},"image":{"@id":"https:\/\/gtartistoo.com\/#\/schema\/logo\/image\/"}}]}},"_hostinger_reach_plugin_has_subscription_block":false,"_hostinger_reach_plugin_is_elementor":false,"_links":{"self":[{"href":"https:\/\/gtartistoo.com\/it\/wp-json\/wp\/v2\/pages\/3","targetHints":{"allow":["GET"]}}],"collection":[{"href":"https:\/\/gtartistoo.com\/it\/wp-json\/wp\/v2\/pages"}],"about":[{"href":"https:\/\/gtartistoo.com\/it\/wp-json\/wp\/v2\/types\/page"}],"author":[{"embeddable":true,"href":"https:\/\/gtartistoo.com\/it\/wp-json\/wp\/v2\/users\/1"}],"replies":[{"embeddable":true,"href":"https:\/\/gtartistoo.com\/it\/wp-json\/wp\/v2\/comments?post=3"}],"version-history":[{"count":12,"href":"https:\/\/gtartistoo.com\/it\/wp-json\/wp\/v2\/pages\/3\/revisions"}],"predecessor-version":[{"id":29469,"href":"https:\/\/gtartistoo.com\/it\/wp-json\/wp\/v2\/pages\/3\/revisions\/29469"}],"wp:attachment":[{"href":"https:\/\/gtartistoo.com\/it\/wp-json\/wp\/v2\/media?parent=3"}],"curies":[{"name":"wp","href":"https:\/\/api.w.org\/{rel}","templated":true}]}}