{"id":30573,"date":"2026-01-29T05:31:55","date_gmt":"2026-01-29T05:31:55","guid":{"rendered":"https:\/\/gtartistoo.com\/?post_type=product&#038;p=30573"},"modified":"2026-01-29T05:31:56","modified_gmt":"2026-01-29T05:31:56","slug":"cnc-e400-wireless-tattoo-pen-machine-black","status":"publish","type":"product","link":"https:\/\/gtartistoo.com\/it\/negozio\/macchina-per-tatuaggi\/cnc-e400-wireless-tattoo-pen-machine-black\/","title":{"rendered":"Macchina per tatuaggi CNC E400 senza fili - Nero"},"content":{"rendered":"<h1 class=\"header-iWP5WJ auto-hide-last-sibling-br\">Penna per tatuaggi senza fili E400: Prestazioni di livello professionale per un tatuaggio senza problemi<\/h1>\n<div class=\"auto-hide-last-sibling-br paragraph-pP9ZLC paragraph-element br-paragraph-space\">La penna per tatuaggi E400 Wireless \u00e8 fatta su misura per gli artisti del tatuaggio e combina affidabilit\u00e0 di lunga durata, regolazione precisa e funzionamento stabile per supportare ogni fase del processo creativo, dai contorni fini alle texture pi\u00f9 ricche.<\/div>\n<h3 class=\"header-iWP5WJ auto-hide-last-sibling-br\">Doppia batteria RCA da 1800 mAh: Zero tempi di inattivit\u00e0 per sessioni ininterrotte<\/h3>\n<div class=\"auto-hide-last-sibling-br paragraph-pP9ZLC paragraph-element br-paragraph-space\">Dotata di due batterie RCA da 1800 mAh ad alta capacit\u00e0, la penna offre fino a 10 ore di utilizzo continuo in modalit\u00e0 wireless, sufficienti per sessioni di tatuaggio di un'intera giornata. Quando una batteria \u00e8 in uso, l'altra pu\u00f2 essere ricaricata in parallelo; una rapida sostituzione consente di continuare a lavorare senza pause, eliminando la frustrazione delle interruzioni di corrente a met\u00e0 sessione e garantendo una produttivit\u00e0 senza interruzioni.<\/div>\n<h3 class=\"header-iWP5WJ auto-hide-last-sibling-br\">Regolazione a 7 corse e profondit\u00e0 dell'ago da 0 a 4,5 mm: Precisione per ogni tecnica<\/h3>\n<div class=\"auto-hide-last-sibling-br paragraph-pP9ZLC paragraph-element br-paragraph-space\">Offre 7 lunghezze di corsa personalizzabili (2,4 mm-4,2 mm) e una gamma flessibile di profondit\u00e0 dell'ago (0-4,5 mm), consentendo di regolare con precisione l'utensile per adattarlo alle esigenze dei clienti.\u00a0<em>esattamente<\/em>\u00a0ci\u00f2 che la vostra arte richiede:<\/div>\n<div class=\"container-Uxvbjy md-box-line-break wrapper-GYqxgQ undefined\"><\/div>\n<ul class=\"auto-hide-last-sibling-br\">\n<li>Utilizzare tratti pi\u00f9 corti (2,4 mm-3,0 mm) per un rivestimento nitido e preciso;<\/li>\n<li>Optate per pennellate medie (3,2 mm-3,8 mm) per ottenere un colore vibrante;<\/li>\n<li>Scegliere tratti pi\u00f9 lunghi (4,0 mm-4,2 mm) per ottenere un'ombreggiatura morbida e uniforme.\n<div class=\"container-Uxvbjy md-box-line-break wrapper-GYqxgQ undefined\"><\/div>\n<p>Questa adattabilit\u00e0 fa s\u00ec che l'E400 sia adatto a stili tradizionali e audaci, a un micro-realismo delicato e a tutto ci\u00f2 che sta in mezzo.<\/li>\n<\/ul>\n<h3 class=\"header-iWP5WJ auto-hide-last-sibling-br\">Motore brushless senza nucleo + design antirollio: Funzionamento stabile e senza fatica<\/h3>\n<div class=\"auto-hide-last-sibling-br paragraph-pP9ZLC paragraph-element br-paragraph-space\">Alimentata da un motore coreless senza spazzole e da un sistema di azionamento diretto, la penna funziona con vibrazioni bassissime e rumori minimi, fondamentali per ridurre l'affaticamento della mano durante sessioni di oltre 4 ore. Il design antiscivolo del corpo mantiene la penna saldamente posizionata sulla postazione di lavoro (anche con inchiostro o gel nelle vicinanze), evitando spostamenti accidentali che potrebbero rovinare i dettagli pi\u00f9 fini. Il sistema di trasmissione diretta assicura inoltre un trasferimento costante della potenza all'ago, in modo che ogni linea e sfumatura rimanga uniforme.<\/div>\n<h3 class=\"header-iWP5WJ auto-hide-last-sibling-br\">Doppia modalit\u00e0 e 3 memorie preimpostate: Risparmia tempo, aumenta la creativit\u00e0<\/h3>\n<div class=\"auto-hide-last-sibling-br paragraph-pP9ZLC paragraph-element br-paragraph-space\">Passate da una modalit\u00e0 specializzata all'altra con un solo tocco:<\/div>\n<div class=\"container-Uxvbjy md-box-line-break wrapper-GYqxgQ undefined\"><\/div>\n<ul class=\"auto-hide-last-sibling-br\">\n<li><strong>Modalit\u00e0 normale<\/strong>: Per il tatuaggio standard (rivestimento, ombreggiatura, colore);<\/li>\n<li><strong>Modalit\u00e0 Stippling<\/strong>: Per dettagli strutturati (ad esempio, struttura della pelle, ciocche di capelli).\n<div class=\"container-Uxvbjy md-box-line-break wrapper-GYqxgQ undefined\"><\/div>\n<p>Include anche una funzione jump-start (accensione istantanea per una rapida configurazione) e 3 preimpostazioni di memoria, per salvare le impostazioni preferite (ad esempio, lunghezza della corsa + tensione) per diversi tipi di ago (fodere rotonde, shader magnum) o progetti. Niente pi\u00f9 regolazioni ripetute: basta selezionare la preimpostazione e iniziare a creare.<\/li>\n<\/ul>\n<h3 class=\"header-iWP5WJ auto-hide-last-sibling-br\">Display a colori HD: Controllo in tempo reale a colpo d'occhio<\/h3>\n<div class=\"auto-hide-last-sibling-br paragraph-pP9ZLC paragraph-element br-paragraph-space\">Uno schermo a colori HD integrato mostra le informazioni principali in tempo reale: livello della batteria (per non rimanere a secco all'improvviso), tensione corrente, lunghezza della corsa e modalit\u00e0 attiva. L'interfaccia \u00e8 intuitiva, senza menu complicati, in modo da poter modificare le impostazioni durante la seduta senza distogliere l'attenzione dalla pelle del cliente.<\/div>","protected":false},"excerpt":{"rendered":"<p>E400 Wireless Tattoo Pen: Professional-Grade Performance for Seamless Tattooing The E400 Wireless Tattoo Pen is tailor-made for tattoo artists, combining<\/p>","protected":false},"featured_media":30561,"comment_status":"open","ping_status":"closed","template":"","meta":[],"product_brand":[248],"product_cat":[77],"product_tag":[],"class_list":{"0":"post-30573","1":"product","2":"type-product","3":"status-publish","4":"has-post-thumbnail","6":"product_brand-cnc","7":"product_cat-tattoo-machine","9":"first","10":"instock","11":"taxable","12":"shipping-taxable","13":"purchasable","14":"product-type-simple"},"yoast_head":"<!-- This site is optimized with the Yoast SEO Premium plugin v26.2 (Yoast SEO v26.2) - https:\/\/yoast.com\/wordpress\/plugins\/seo\/ -->\n<title>Tattoo Supplies Shop | Professional Tattoo Equipment<\/title>\n<meta name=\"description\" content=\"The E400 Wireless Tattoo Pen is tailor-made for tattoo artists, combining long-lasting reliability, precise adjustability, and stable operation to support every stage of your creative process\u2014from fine outlines to rich textures.\" \/>\n<meta name=\"robots\" content=\"index, follow, max-snippet:-1, max-image-preview:large, max-video-preview:-1\" \/>\n<link rel=\"canonical\" href=\"https:\/\/gtartistoo.com\/it\/negozio\/macchina-per-tatuaggi\/cnc-e400-wireless-tattoo-pen-machine-black\/\" \/>\n<meta property=\"og:locale\" content=\"it_IT\" \/>\n<meta property=\"og:type\" content=\"article\" \/>\n<meta property=\"og:title\" content=\"CNC E400 Wireless Tattoo Pen Machine - Black\" \/>\n<meta property=\"og:description\" content=\"The E400 Wireless Tattoo Pen is tailor-made for tattoo artists, combining long-lasting reliability, precise adjustability, and stable operation to support every stage of your creative process\u2014from fine outlines to rich textures.\" \/>\n<meta property=\"og:url\" content=\"https:\/\/gtartistoo.com\/it\/negozio\/macchina-per-tatuaggi\/cnc-e400-wireless-tattoo-pen-machine-black\/\" \/>\n<meta property=\"og:site_name\" content=\"gtartistoo.com\" \/>\n<meta property=\"article:modified_time\" content=\"2026-01-29T05:31:56+00:00\" \/>\n<meta property=\"og:image\" content=\"https:\/\/gtartistoo.com\/wp-content\/uploads\/2025\/12\/CNC-E400-5.jpg\" \/>\n\t<meta property=\"og:image:width\" content=\"1600\" \/>\n\t<meta property=\"og:image:height\" content=\"1600\" \/>\n\t<meta property=\"og:image:type\" content=\"image\/jpeg\" \/>\n<meta name=\"twitter:card\" content=\"summary_large_image\" \/>\n<meta name=\"twitter:label1\" content=\"Prezzo\" \/>\n\t<meta name=\"twitter:data1\" content=\"309.98&#036;\" \/>\n\t<meta name=\"twitter:label2\" content=\"Disponibilit\u00e0\" \/>\n\t<meta name=\"twitter:data2\" content=\"In stock\" \/>\n<script type=\"application\/ld+json\" class=\"yoast-schema-graph\">{\"@context\":\"https:\/\/schema.org\",\"@graph\":[{\"@type\":\"WebPage\",\"@id\":\"https:\/\/gtartistoo.com\/shop\/tattoo-machine\/cnc-e400-wireless-tattoo-pen-machine-black\/\",\"url\":\"https:\/\/gtartistoo.com\/shop\/tattoo-machine\/cnc-e400-wireless-tattoo-pen-machine-black\/\",\"name\":\"Tattoo Supplies Shop | Professional Tattoo Equipment\",\"isPartOf\":{\"@id\":\"https:\/\/gtartistoo.com\/#website\"},\"primaryImageOfPage\":{\"@id\":\"https:\/\/gtartistoo.com\/shop\/tattoo-machine\/cnc-e400-wireless-tattoo-pen-machine-black\/#primaryimage\"},\"image\":{\"@id\":\"https:\/\/gtartistoo.com\/shop\/tattoo-machine\/cnc-e400-wireless-tattoo-pen-machine-black\/#primaryimage\"},\"thumbnailUrl\":\"https:\/\/gtartistoo.com\/wp-content\/uploads\/2025\/12\/CNC-E400-5.jpg\",\"datePublished\":\"2026-01-29T05:31:55+00:00\",\"dateModified\":\"2026-01-29T05:31:56+00:00\",\"description\":\"The E400 Wireless Tattoo Pen is tailor-made for tattoo artists, combining long-lasting reliability, precise adjustability, and stable operation to support every stage of your creative process\u2014from fine outlines to rich textures.\",\"breadcrumb\":{\"@id\":\"https:\/\/gtartistoo.com\/shop\/tattoo-machine\/cnc-e400-wireless-tattoo-pen-machine-black\/#breadcrumb\"},\"inLanguage\":\"it-IT\",\"potentialAction\":[{\"@type\":\"ReadAction\",\"target\":[\"https:\/\/gtartistoo.com\/shop\/tattoo-machine\/cnc-e400-wireless-tattoo-pen-machine-black\/\"]}]},{\"@type\":\"ImageObject\",\"inLanguage\":\"it-IT\",\"@id\":\"https:\/\/gtartistoo.com\/shop\/tattoo-machine\/cnc-e400-wireless-tattoo-pen-machine-black\/#primaryimage\",\"url\":\"https:\/\/gtartistoo.com\/wp-content\/uploads\/2025\/12\/CNC-E400-5.jpg\",\"contentUrl\":\"https:\/\/gtartistoo.com\/wp-content\/uploads\/2025\/12\/CNC-E400-5.jpg\",\"width\":1600,\"height\":1600},{\"@type\":\"BreadcrumbList\",\"@id\":\"https:\/\/gtartistoo.com\/shop\/tattoo-machine\/cnc-e400-wireless-tattoo-pen-machine-black\/#breadcrumb\",\"itemListElement\":[{\"@type\":\"ListItem\",\"position\":1,\"name\":\"Home\",\"item\":\"https:\/\/gtartistoo.com\/\"},{\"@type\":\"ListItem\",\"position\":2,\"name\":\"Shop\",\"item\":\"https:\/\/gtartistoo.com\/shop\/\"},{\"@type\":\"ListItem\",\"position\":3,\"name\":\"CNC E400 Wireless Tattoo Pen Machine &#8211; Black\"}]},{\"@type\":\"WebSite\",\"@id\":\"https:\/\/gtartistoo.com\/#website\",\"url\":\"https:\/\/gtartistoo.com\/\",\"name\":\"gtartistoo.com\",\"description\":\"\",\"publisher\":{\"@id\":\"https:\/\/gtartistoo.com\/#organization\"},\"potentialAction\":[{\"@type\":\"SearchAction\",\"target\":{\"@type\":\"EntryPoint\",\"urlTemplate\":\"https:\/\/gtartistoo.com\/?s={search_term_string}\"},\"query-input\":{\"@type\":\"PropertyValueSpecification\",\"valueRequired\":true,\"valueName\":\"search_term_string\"}}],\"inLanguage\":\"it-IT\"},{\"@type\":\"Organization\",\"@id\":\"https:\/\/gtartistoo.com\/#organization\",\"name\":\"gtartistoo.com\",\"url\":\"https:\/\/gtartistoo.com\/\",\"logo\":{\"@type\":\"ImageObject\",\"inLanguage\":\"it-IT\",\"@id\":\"https:\/\/gtartistoo.com\/#\/schema\/logo\/image\/\",\"url\":\"https:\/\/gtartistoo.com\/wp-content\/uploads\/2025\/10\/logo.svg\",\"contentUrl\":\"https:\/\/gtartistoo.com\/wp-content\/uploads\/2025\/10\/logo.svg\",\"width\":369,\"height\":124,\"caption\":\"gtartistoo.com\"},\"image\":{\"@id\":\"https:\/\/gtartistoo.com\/#\/schema\/logo\/image\/\"}}]}<\/script>\n<meta property=\"product:price:amount\" content=\"309.98\" \/>\n<meta property=\"product:price:currency\" content=\"USD\" \/>\n<meta property=\"og:availability\" content=\"instock\" \/>\n<meta property=\"product:availability\" content=\"instock\" \/>\n<meta property=\"product:retailer_item_id\" content=\"30573\" \/>\n<meta property=\"product:condition\" content=\"new\" \/>\n<!-- \/ Yoast SEO Premium plugin. -->","yoast_head_json":{"title":"Negozio di forniture per tatuaggi e attrezzature per tatuaggi professionali","description":"La penna per tatuaggi E400 Wireless \u00e8 fatta su misura per gli artisti del tatuaggio e combina affidabilit\u00e0 di lunga durata, regolazione precisa e funzionamento stabile per supportare ogni fase del processo creativo, dai contorni fini alle texture pi\u00f9 ricche.","robots":{"index":"index","follow":"follow","max-snippet":"max-snippet:-1","max-image-preview":"max-image-preview:large","max-video-preview":"max-video-preview:-1"},"canonical":"https:\/\/gtartistoo.com\/it\/negozio\/macchina-per-tatuaggi\/cnc-e400-wireless-tattoo-pen-machine-black\/","og_locale":"it_IT","og_type":"article","og_title":"CNC E400 Wireless Tattoo Pen Machine - Black","og_description":"The E400 Wireless Tattoo Pen is tailor-made for tattoo artists, combining long-lasting reliability, precise adjustability, and stable operation to support every stage of your creative process\u2014from fine outlines to rich textures.","og_url":"https:\/\/gtartistoo.com\/it\/negozio\/macchina-per-tatuaggi\/cnc-e400-wireless-tattoo-pen-machine-black\/","og_site_name":"gtartistoo.com","article_modified_time":"2026-01-29T05:31:56+00:00","og_image":[{"width":1600,"height":1600,"url":"https:\/\/gtartistoo.com\/wp-content\/uploads\/2025\/12\/CNC-E400-5.jpg","type":"image\/jpeg"}],"twitter_card":"summary_large_image","twitter_misc":{"Prezzo":"309.98&#36;","Disponibilit\u00e0":"In stock"},"schema":{"@context":"https:\/\/schema.org","@graph":[{"@type":"WebPage","@id":"https:\/\/gtartistoo.com\/shop\/tattoo-machine\/cnc-e400-wireless-tattoo-pen-machine-black\/","url":"https:\/\/gtartistoo.com\/shop\/tattoo-machine\/cnc-e400-wireless-tattoo-pen-machine-black\/","name":"Negozio di forniture per tatuaggi e attrezzature per tatuaggi professionali","isPartOf":{"@id":"https:\/\/gtartistoo.com\/#website"},"primaryImageOfPage":{"@id":"https:\/\/gtartistoo.com\/shop\/tattoo-machine\/cnc-e400-wireless-tattoo-pen-machine-black\/#primaryimage"},"image":{"@id":"https:\/\/gtartistoo.com\/shop\/tattoo-machine\/cnc-e400-wireless-tattoo-pen-machine-black\/#primaryimage"},"thumbnailUrl":"https:\/\/gtartistoo.com\/wp-content\/uploads\/2025\/12\/CNC-E400-5.jpg","datePublished":"2026-01-29T05:31:55+00:00","dateModified":"2026-01-29T05:31:56+00:00","description":"La penna per tatuaggi E400 Wireless \u00e8 fatta su misura per gli artisti del tatuaggio e combina affidabilit\u00e0 di lunga durata, regolazione precisa e funzionamento stabile per supportare ogni fase del processo creativo, dai contorni fini alle texture pi\u00f9 ricche.","breadcrumb":{"@id":"https:\/\/gtartistoo.com\/shop\/tattoo-machine\/cnc-e400-wireless-tattoo-pen-machine-black\/#breadcrumb"},"inLanguage":"it-IT","potentialAction":[{"@type":"ReadAction","target":["https:\/\/gtartistoo.com\/shop\/tattoo-machine\/cnc-e400-wireless-tattoo-pen-machine-black\/"]}]},{"@type":"ImageObject","inLanguage":"it-IT","@id":"https:\/\/gtartistoo.com\/shop\/tattoo-machine\/cnc-e400-wireless-tattoo-pen-machine-black\/#primaryimage","url":"https:\/\/gtartistoo.com\/wp-content\/uploads\/2025\/12\/CNC-E400-5.jpg","contentUrl":"https:\/\/gtartistoo.com\/wp-content\/uploads\/2025\/12\/CNC-E400-5.jpg","width":1600,"height":1600},{"@type":"BreadcrumbList","@id":"https:\/\/gtartistoo.com\/shop\/tattoo-machine\/cnc-e400-wireless-tattoo-pen-machine-black\/#breadcrumb","itemListElement":[{"@type":"ListItem","position":1,"name":"Home","item":"https:\/\/gtartistoo.com\/"},{"@type":"ListItem","position":2,"name":"Shop","item":"https:\/\/gtartistoo.com\/shop\/"},{"@type":"ListItem","position":3,"name":"CNC E400 Wireless Tattoo Pen Machine &#8211; Black"}]},{"@type":"WebSite","@id":"https:\/\/gtartistoo.com\/#website","url":"https:\/\/gtartistoo.com\/","name":"gtartistoo.com","description":"","publisher":{"@id":"https:\/\/gtartistoo.com\/#organization"},"potentialAction":[{"@type":"SearchAction","target":{"@type":"EntryPoint","urlTemplate":"https:\/\/gtartistoo.com\/?s={search_term_string}"},"query-input":{"@type":"PropertyValueSpecification","valueRequired":true,"valueName":"search_term_string"}}],"inLanguage":"it-IT"},{"@type":"Organization","@id":"https:\/\/gtartistoo.com\/#organization","name":"gtartistoo.com","url":"https:\/\/gtartistoo.com\/","logo":{"@type":"ImageObject","inLanguage":"it-IT","@id":"https:\/\/gtartistoo.com\/#\/schema\/logo\/image\/","url":"https:\/\/gtartistoo.com\/wp-content\/uploads\/2025\/10\/logo.svg","contentUrl":"https:\/\/gtartistoo.com\/wp-content\/uploads\/2025\/10\/logo.svg","width":369,"height":124,"caption":"gtartistoo.com"},"image":{"@id":"https:\/\/gtartistoo.com\/#\/schema\/logo\/image\/"}}]},"product_price_amount":"309.98","product_price_currency":"USD","og_availability":"instock","product_availability":"instock","product_retailer_item_id":"30573","product_condition":"new"},"_links":{"self":[{"href":"https:\/\/gtartistoo.com\/it\/wp-json\/wp\/v2\/product\/30573","targetHints":{"allow":["GET"]}}],"collection":[{"href":"https:\/\/gtartistoo.com\/it\/wp-json\/wp\/v2\/product"}],"about":[{"href":"https:\/\/gtartistoo.com\/it\/wp-json\/wp\/v2\/types\/product"}],"replies":[{"embeddable":true,"href":"https:\/\/gtartistoo.com\/it\/wp-json\/wp\/v2\/comments?post=30573"}],"version-history":[{"count":1,"href":"https:\/\/gtartistoo.com\/it\/wp-json\/wp\/v2\/product\/30573\/revisions"}],"predecessor-version":[{"id":30574,"href":"https:\/\/gtartistoo.com\/it\/wp-json\/wp\/v2\/product\/30573\/revisions\/30574"}],"wp:featuredmedia":[{"embeddable":true,"href":"https:\/\/gtartistoo.com\/it\/wp-json\/wp\/v2\/media\/30561"}],"wp:attachment":[{"href":"https:\/\/gtartistoo.com\/it\/wp-json\/wp\/v2\/media?parent=30573"}],"wp:term":[{"taxonomy":"product_brand","embeddable":true,"href":"https:\/\/gtartistoo.com\/it\/wp-json\/wp\/v2\/product_brand?post=30573"},{"taxonomy":"product_cat","embeddable":true,"href":"https:\/\/gtartistoo.com\/it\/wp-json\/wp\/v2\/product_cat?post=30573"},{"taxonomy":"product_tag","embeddable":true,"href":"https:\/\/gtartistoo.com\/it\/wp-json\/wp\/v2\/product_tag?post=30573"}],"curies":[{"name":"wp","href":"https:\/\/api.w.org\/{rel}","templated":true}]}}