{"id":31491,"date":"2026-01-29T05:31:44","date_gmt":"2026-01-29T05:31:44","guid":{"rendered":"https:\/\/gtartistoo.com\/?post_type=product&#038;p=31491"},"modified":"2026-01-29T05:31:56","modified_gmt":"2026-01-29T05:31:56","slug":"stencil-stuff-tattoo-stencil-transfer-gel","status":"publish","type":"product","link":"https:\/\/gtartistoo.com\/it\/negozio\/forniture-per-tatuaggi\/stencil-stuff-tattoo-stencil-transfer-gel\/","title":{"rendered":"Stencil Stuff Tattoo Stencil Transfer Gel"},"content":{"rendered":"<h2 data-start=\"429\" data-end=\"473\">Gel di trasferimento professionale per tatuaggi<\/h2>\n<p data-start=\"475\" data-end=\"795\"><strong data-start=\"475\" data-end=\"520\">Stencil Stuff Tattoo Stencil Transfer Gel<\/strong> \u00e8 una soluzione di livello professionale progettata per garantire trasferimenti di stencil puliti, nitidi e affidabili. Fin dalla prima applicazione, gli artisti possono notare chiaramente la differenza in termini di precisione e coerenza. Di conseguenza, il posizionamento delle opere d'arte diventa pi\u00f9 veloce, pi\u00f9 facile e pi\u00f9 accurato.<\/p>\n<hr data-start=\"797\" data-end=\"800\" \/>\n<h2 data-start=\"802\" data-end=\"849\">Trasferimenti puliti, senza sbavature e di lunga durata<\/h2>\n<p data-start=\"851\" data-end=\"1199\">Durante il processo di tatuaggio, la chiarezza dello stencil \u00e8 fondamentale. <strong data-start=\"910\" data-end=\"923\">Pertanto<\/strong>, Questo gel di trasferimento \u00e8 formulato in modo da garantire un'eccellente adesione, evitando al contempo sbavature o sbiadimenti. Inoltre, una volta applicato, lo stencil rimane nitido per tutta la durata della sessione. <strong data-start=\"1100\" data-end=\"1115\">Inoltre<\/strong>, La formula consente applicazioni multiple senza compromettere la definizione della linea.<\/p>\n<hr data-start=\"1201\" data-end=\"1204\" \/>\n<h2 data-start=\"1206\" data-end=\"1252\">Formula delicata, sicura per la pelle e vegan-friendly<\/h2>\n<p data-start=\"1254\" data-end=\"1570\">La sicurezza del cliente viene sempre al primo posto. <strong data-start=\"1288\" data-end=\"1307\">Per questo motivo<\/strong>, Stencil Stuff \u00e8 realizzato con ingredienti puliti e vegani, delicati per la maggior parte dei tipi di pelle. <strong data-start=\"1406\" data-end=\"1421\">Inoltre<\/strong>, La formula non irritante riduce il rischio di arrossamenti o fastidi, rendendola adatta sia agli studi professionali che ai clienti con pelle sensibile.<\/p>\n<hr data-start=\"1572\" data-end=\"1575\" \/>\n<h2 data-start=\"1577\" data-end=\"1623\">Applicazione facile con risultati professionali<\/h2>\n<p data-start=\"1625\" data-end=\"1941\">L'applicazione del gel \u00e8 semplice ed efficace. <strong data-start=\"1667\" data-end=\"1695\">Con solo una piccola quantit\u00e0<\/strong>, gli artisti possono ottenere un'adesione ottimale e risultati di lunga durata. <strong data-start=\"1760\" data-end=\"1773\">Nel frattempo<\/strong>, La texture liscia assicura una copertura uniforme, che contribuisce a mantenere costante la qualit\u00e0 dello stencil. <strong data-start=\"1866\" data-end=\"1882\">Di conseguenza<\/strong>, Si spreca meno prodotto e si migliora l'efficienza del flusso di lavoro.<\/p>\n<hr data-start=\"1943\" data-end=\"1946\" \/>\n<h2 data-start=\"1948\" data-end=\"1989\">Misure disponibili per ogni esigenza dello studio<\/h2>\n<p data-start=\"1991\" data-end=\"2211\">Per soddisfare le diverse esigenze di utilizzo, questo gel di trasferimento per tatuaggi \u00e8 disponibile in diverse dimensioni. <strong data-start=\"2094\" data-end=\"2172\">Sia che siate in viaggio, che lavoriate quotidianamente o che gestite uno studio ad alto volume<\/strong>, \u00e8 disponibile un'opzione adeguata.<\/p>\n<ul data-start=\"2213\" data-end=\"2370\">\n<li data-start=\"2213\" data-end=\"2257\">\n<p data-start=\"2215\" data-end=\"2257\"><strong data-start=\"2215\" data-end=\"2223\">1 oz<\/strong> - Ideale per l'uso in viaggio o in prova<\/p>\n<\/li>\n<li data-start=\"2258\" data-end=\"2309\">\n<p data-start=\"2260\" data-end=\"2309\"><strong data-start=\"2260\" data-end=\"2268\">4 oz<\/strong> - Adatto a sessioni regolari in studio<\/p>\n<\/li>\n<li data-start=\"2310\" data-end=\"2370\">\n<p data-start=\"2312\" data-end=\"2370\"><strong data-start=\"2312\" data-end=\"2320\">8 oz<\/strong> - La scelta migliore per un uso professionale e ad alto volume<\/p>\n<\/li>\n<\/ul>\n<hr data-start=\"2372\" data-end=\"2375\" \/>\n<h2 data-start=\"2377\" data-end=\"2403\">Specifiche del prodotto<\/h2>\n<ul data-start=\"2405\" data-end=\"2603\">\n<li data-start=\"2405\" data-end=\"2433\">\n<p data-start=\"2407\" data-end=\"2433\"><strong data-start=\"2407\" data-end=\"2417\">Marchio:<\/strong> Materiale per stencil<\/p>\n<\/li>\n<li data-start=\"2434\" data-end=\"2458\">\n<p data-start=\"2436\" data-end=\"2458\"><strong data-start=\"2436\" data-end=\"2446\">Colore:<\/strong> Bianco sporco<\/p>\n<\/li>\n<li data-start=\"2459\" data-end=\"2483\">\n<p data-start=\"2461\" data-end=\"2483\"><strong data-start=\"2461\" data-end=\"2471\">Stile:<\/strong> Versatile<\/p>\n<\/li>\n<li data-start=\"2484\" data-end=\"2525\">\n<p data-start=\"2486\" data-end=\"2525\"><strong data-start=\"2486\" data-end=\"2507\">Resistenza all'acqua:<\/strong> Resistente all'acqua<\/p>\n<\/li>\n<li data-start=\"2526\" data-end=\"2571\">\n<p data-start=\"2528\" data-end=\"2571\"><strong data-start=\"2528\" data-end=\"2540\">Formula:<\/strong> Vegan-friendly e sicuro per la pelle<\/p>\n<\/li>\n<li data-start=\"2572\" data-end=\"2603\">\n<p data-start=\"2574\" data-end=\"2603\"><strong data-start=\"2574\" data-end=\"2585\">Origine:<\/strong> Prodotto negli Stati Uniti<\/p>\n<\/li>\n<\/ul>\n<hr data-start=\"2605\" data-end=\"2608\" \/>\n<h2 data-start=\"2610\" data-end=\"2657\">Perch\u00e9 gli artisti del tatuaggio scelgono questo gel di trasferimento<\/h2>\n<p data-start=\"2659\" data-end=\"2911\"><strong data-start=\"2659\" data-end=\"2670\">In generale<\/strong>, Stencil Stuff Tattoo Stencil Transfer Gel combina precisione, sicurezza e facilit\u00e0 d'uso in un'unica soluzione professionale. <strong data-start=\"2790\" data-end=\"2805\">Come risultato<\/strong>, Gli artisti possono concentrarsi maggiormente sul loro mestiere, garantendo al tempo stesso trasferimenti di stencil puliti e precisi per ogni tatuaggio.<\/p>","protected":false},"excerpt":{"rendered":"<p>Un gel professionale per il trasferimento di stencil per tatuaggi progettato per trasferimenti puliti, nitidi e senza sbavature. Delicato sulla pelle, vegano e affidabile per i tatuatori di tutto il mondo.<\/p>","protected":false},"featured_media":31496,"comment_status":"open","ping_status":"closed","template":"","meta":[],"product_brand":[344],"product_cat":[83],"product_tag":[345],"class_list":{"0":"post-31491","1":"product","2":"type-product","3":"status-publish","4":"has-post-thumbnail","6":"product_brand-stencil-stuff","7":"product_cat-tattoo-supplies","8":"product_tag-tattoo-stencil","10":"first","11":"instock","12":"taxable","13":"shipping-taxable","14":"purchasable","15":"product-type-variable"},"yoast_head":"<!-- This site is optimized with the Yoast SEO Premium plugin v26.2 (Yoast SEO v26.2) - https:\/\/yoast.com\/wordpress\/plugins\/seo\/ -->\n<title>Stencil Stuff Tattoo Stencil Transfer Gel | Tattoo Transfer Solution<\/title>\n<meta name=\"description\" content=\"Stencil Stuff Tattoo Stencil Transfer Gel delivers clean, sharp, and long-lasting stencil transfers. Vegan-friendly, skin-safe formula trusted by professional tattoo artists. Available in 1oz, 4oz, and 8oz sizes.\" \/>\n<meta name=\"robots\" content=\"index, follow, max-snippet:-1, max-image-preview:large, max-video-preview:-1\" \/>\n<link rel=\"canonical\" href=\"https:\/\/gtartistoo.com\/it\/negozio\/forniture-per-tatuaggi\/stencil-stuff-tattoo-stencil-transfer-gel\/\" \/>\n<meta property=\"og:locale\" content=\"it_IT\" \/>\n<meta property=\"og:type\" content=\"article\" \/>\n<meta property=\"og:title\" content=\"Stencil Stuff Tattoo Stencil Transfer Gel\" \/>\n<meta property=\"og:description\" content=\"Stencil Stuff Tattoo Stencil Transfer Gel delivers clean, sharp, and long-lasting stencil transfers. Vegan-friendly, skin-safe formula trusted by professional tattoo artists. Available in 1oz, 4oz, and 8oz sizes.\" \/>\n<meta property=\"og:url\" content=\"https:\/\/gtartistoo.com\/it\/negozio\/forniture-per-tatuaggi\/stencil-stuff-tattoo-stencil-transfer-gel\/\" \/>\n<meta property=\"og:site_name\" content=\"gtartistoo.com\" \/>\n<meta property=\"article:modified_time\" content=\"2026-01-29T05:31:56+00:00\" \/>\n<meta property=\"og:image\" content=\"https:\/\/gtartistoo.com\/wp-content\/uploads\/2026\/01\/stencil-stuff-tattoo-stencil-transfer-gel1.webp\" \/>\n\t<meta property=\"og:image:width\" content=\"800\" \/>\n\t<meta property=\"og:image:height\" content=\"800\" \/>\n\t<meta property=\"og:image:type\" content=\"image\/webp\" \/>\n<meta name=\"twitter:card\" content=\"summary_large_image\" \/>\n<meta name=\"twitter:label1\" content=\"Disponibilit\u00e0\" \/>\n\t<meta name=\"twitter:data1\" content=\"In stock\" \/>\n<script type=\"application\/ld+json\" class=\"yoast-schema-graph\">{\"@context\":\"https:\/\/schema.org\",\"@graph\":[{\"@type\":\"WebPage\",\"@id\":\"https:\/\/gtartistoo.com\/shop\/tattoo-supplies\/stencil-stuff-tattoo-stencil-transfer-gel\/\",\"url\":\"https:\/\/gtartistoo.com\/shop\/tattoo-supplies\/stencil-stuff-tattoo-stencil-transfer-gel\/\",\"name\":\"Stencil Stuff Tattoo Stencil Transfer Gel | Tattoo Transfer Solution\",\"isPartOf\":{\"@id\":\"https:\/\/gtartistoo.com\/#website\"},\"primaryImageOfPage\":{\"@id\":\"https:\/\/gtartistoo.com\/shop\/tattoo-supplies\/stencil-stuff-tattoo-stencil-transfer-gel\/#primaryimage\"},\"image\":{\"@id\":\"https:\/\/gtartistoo.com\/shop\/tattoo-supplies\/stencil-stuff-tattoo-stencil-transfer-gel\/#primaryimage\"},\"thumbnailUrl\":\"https:\/\/gtartistoo.com\/wp-content\/uploads\/2026\/01\/stencil-stuff-tattoo-stencil-transfer-gel1.webp\",\"datePublished\":\"2026-01-29T05:31:44+00:00\",\"dateModified\":\"2026-01-29T05:31:56+00:00\",\"description\":\"Stencil Stuff Tattoo Stencil Transfer Gel delivers clean, sharp, and long-lasting stencil transfers. Vegan-friendly, skin-safe formula trusted by professional tattoo artists. Available in 1oz, 4oz, and 8oz sizes.\",\"breadcrumb\":{\"@id\":\"https:\/\/gtartistoo.com\/shop\/tattoo-supplies\/stencil-stuff-tattoo-stencil-transfer-gel\/#breadcrumb\"},\"inLanguage\":\"it-IT\",\"potentialAction\":[{\"@type\":\"ReadAction\",\"target\":[\"https:\/\/gtartistoo.com\/shop\/tattoo-supplies\/stencil-stuff-tattoo-stencil-transfer-gel\/\"]}]},{\"@type\":\"ImageObject\",\"inLanguage\":\"it-IT\",\"@id\":\"https:\/\/gtartistoo.com\/shop\/tattoo-supplies\/stencil-stuff-tattoo-stencil-transfer-gel\/#primaryimage\",\"url\":\"https:\/\/gtartistoo.com\/wp-content\/uploads\/2026\/01\/stencil-stuff-tattoo-stencil-transfer-gel1.webp\",\"contentUrl\":\"https:\/\/gtartistoo.com\/wp-content\/uploads\/2026\/01\/stencil-stuff-tattoo-stencil-transfer-gel1.webp\",\"width\":800,\"height\":800,\"caption\":\"Stencil Stuff tattoo stencil transfer gel for clean and precise tattoo transfers\"},{\"@type\":\"BreadcrumbList\",\"@id\":\"https:\/\/gtartistoo.com\/shop\/tattoo-supplies\/stencil-stuff-tattoo-stencil-transfer-gel\/#breadcrumb\",\"itemListElement\":[{\"@type\":\"ListItem\",\"position\":1,\"name\":\"Home\",\"item\":\"https:\/\/gtartistoo.com\/\"},{\"@type\":\"ListItem\",\"position\":2,\"name\":\"Shop\",\"item\":\"https:\/\/gtartistoo.com\/shop\/\"},{\"@type\":\"ListItem\",\"position\":3,\"name\":\"Stencil Stuff Tattoo Stencil Transfer Gel\"}]},{\"@type\":\"WebSite\",\"@id\":\"https:\/\/gtartistoo.com\/#website\",\"url\":\"https:\/\/gtartistoo.com\/\",\"name\":\"gtartistoo.com\",\"description\":\"\",\"publisher\":{\"@id\":\"https:\/\/gtartistoo.com\/#organization\"},\"potentialAction\":[{\"@type\":\"SearchAction\",\"target\":{\"@type\":\"EntryPoint\",\"urlTemplate\":\"https:\/\/gtartistoo.com\/?s={search_term_string}\"},\"query-input\":{\"@type\":\"PropertyValueSpecification\",\"valueRequired\":true,\"valueName\":\"search_term_string\"}}],\"inLanguage\":\"it-IT\"},{\"@type\":\"Organization\",\"@id\":\"https:\/\/gtartistoo.com\/#organization\",\"name\":\"gtartistoo.com\",\"url\":\"https:\/\/gtartistoo.com\/\",\"logo\":{\"@type\":\"ImageObject\",\"inLanguage\":\"it-IT\",\"@id\":\"https:\/\/gtartistoo.com\/#\/schema\/logo\/image\/\",\"url\":\"https:\/\/gtartistoo.com\/wp-content\/uploads\/2025\/10\/logo.svg\",\"contentUrl\":\"https:\/\/gtartistoo.com\/wp-content\/uploads\/2025\/10\/logo.svg\",\"width\":369,\"height\":124,\"caption\":\"gtartistoo.com\"},\"image\":{\"@id\":\"https:\/\/gtartistoo.com\/#\/schema\/logo\/image\/\"}}]}<\/script>\n<meta property=\"og:availability\" content=\"instock\" \/>\n<meta property=\"product:availability\" content=\"instock\" \/>\n<meta property=\"product:retailer_item_id\" content=\"31491\" \/>\n<meta property=\"product:condition\" content=\"new\" \/>\n<!-- \/ Yoast SEO Premium plugin. -->","yoast_head_json":{"title":"Stencil Stuff Gel di trasferimento per tatuaggi e soluzione di trasferimento per tatuaggi","description":"Stencil Stuff Tattoo Stencil Transfer Gel garantisce trasferimenti puliti, nitidi e di lunga durata. Formula vegana e sicura per la pelle, apprezzata dai tatuatori professionisti. Disponibile nei formati da 1 oz, 4 oz e 8 oz.","robots":{"index":"index","follow":"follow","max-snippet":"max-snippet:-1","max-image-preview":"max-image-preview:large","max-video-preview":"max-video-preview:-1"},"canonical":"https:\/\/gtartistoo.com\/it\/negozio\/forniture-per-tatuaggi\/stencil-stuff-tattoo-stencil-transfer-gel\/","og_locale":"it_IT","og_type":"article","og_title":"Stencil Stuff Tattoo Stencil Transfer Gel","og_description":"Stencil Stuff Tattoo Stencil Transfer Gel delivers clean, sharp, and long-lasting stencil transfers. Vegan-friendly, skin-safe formula trusted by professional tattoo artists. Available in 1oz, 4oz, and 8oz sizes.","og_url":"https:\/\/gtartistoo.com\/it\/negozio\/forniture-per-tatuaggi\/stencil-stuff-tattoo-stencil-transfer-gel\/","og_site_name":"gtartistoo.com","article_modified_time":"2026-01-29T05:31:56+00:00","og_image":[{"width":800,"height":800,"url":"https:\/\/gtartistoo.com\/wp-content\/uploads\/2026\/01\/stencil-stuff-tattoo-stencil-transfer-gel1.webp","type":"image\/webp"}],"twitter_card":"summary_large_image","twitter_misc":{"Disponibilit\u00e0":"In stock"},"schema":{"@context":"https:\/\/schema.org","@graph":[{"@type":"WebPage","@id":"https:\/\/gtartistoo.com\/shop\/tattoo-supplies\/stencil-stuff-tattoo-stencil-transfer-gel\/","url":"https:\/\/gtartistoo.com\/shop\/tattoo-supplies\/stencil-stuff-tattoo-stencil-transfer-gel\/","name":"Stencil Stuff Gel di trasferimento per tatuaggi e soluzione di trasferimento per tatuaggi","isPartOf":{"@id":"https:\/\/gtartistoo.com\/#website"},"primaryImageOfPage":{"@id":"https:\/\/gtartistoo.com\/shop\/tattoo-supplies\/stencil-stuff-tattoo-stencil-transfer-gel\/#primaryimage"},"image":{"@id":"https:\/\/gtartistoo.com\/shop\/tattoo-supplies\/stencil-stuff-tattoo-stencil-transfer-gel\/#primaryimage"},"thumbnailUrl":"https:\/\/gtartistoo.com\/wp-content\/uploads\/2026\/01\/stencil-stuff-tattoo-stencil-transfer-gel1.webp","datePublished":"2026-01-29T05:31:44+00:00","dateModified":"2026-01-29T05:31:56+00:00","description":"Stencil Stuff Tattoo Stencil Transfer Gel garantisce trasferimenti puliti, nitidi e di lunga durata. Formula vegana e sicura per la pelle, apprezzata dai tatuatori professionisti. Disponibile nei formati da 1 oz, 4 oz e 8 oz.","breadcrumb":{"@id":"https:\/\/gtartistoo.com\/shop\/tattoo-supplies\/stencil-stuff-tattoo-stencil-transfer-gel\/#breadcrumb"},"inLanguage":"it-IT","potentialAction":[{"@type":"ReadAction","target":["https:\/\/gtartistoo.com\/shop\/tattoo-supplies\/stencil-stuff-tattoo-stencil-transfer-gel\/"]}]},{"@type":"ImageObject","inLanguage":"it-IT","@id":"https:\/\/gtartistoo.com\/shop\/tattoo-supplies\/stencil-stuff-tattoo-stencil-transfer-gel\/#primaryimage","url":"https:\/\/gtartistoo.com\/wp-content\/uploads\/2026\/01\/stencil-stuff-tattoo-stencil-transfer-gel1.webp","contentUrl":"https:\/\/gtartistoo.com\/wp-content\/uploads\/2026\/01\/stencil-stuff-tattoo-stencil-transfer-gel1.webp","width":800,"height":800,"caption":"Stencil Stuff tattoo stencil transfer gel for clean and precise tattoo transfers"},{"@type":"BreadcrumbList","@id":"https:\/\/gtartistoo.com\/shop\/tattoo-supplies\/stencil-stuff-tattoo-stencil-transfer-gel\/#breadcrumb","itemListElement":[{"@type":"ListItem","position":1,"name":"Home","item":"https:\/\/gtartistoo.com\/"},{"@type":"ListItem","position":2,"name":"Shop","item":"https:\/\/gtartistoo.com\/shop\/"},{"@type":"ListItem","position":3,"name":"Stencil Stuff Tattoo Stencil Transfer Gel"}]},{"@type":"WebSite","@id":"https:\/\/gtartistoo.com\/#website","url":"https:\/\/gtartistoo.com\/","name":"gtartistoo.com","description":"","publisher":{"@id":"https:\/\/gtartistoo.com\/#organization"},"potentialAction":[{"@type":"SearchAction","target":{"@type":"EntryPoint","urlTemplate":"https:\/\/gtartistoo.com\/?s={search_term_string}"},"query-input":{"@type":"PropertyValueSpecification","valueRequired":true,"valueName":"search_term_string"}}],"inLanguage":"it-IT"},{"@type":"Organization","@id":"https:\/\/gtartistoo.com\/#organization","name":"gtartistoo.com","url":"https:\/\/gtartistoo.com\/","logo":{"@type":"ImageObject","inLanguage":"it-IT","@id":"https:\/\/gtartistoo.com\/#\/schema\/logo\/image\/","url":"https:\/\/gtartistoo.com\/wp-content\/uploads\/2025\/10\/logo.svg","contentUrl":"https:\/\/gtartistoo.com\/wp-content\/uploads\/2025\/10\/logo.svg","width":369,"height":124,"caption":"gtartistoo.com"},"image":{"@id":"https:\/\/gtartistoo.com\/#\/schema\/logo\/image\/"}}]},"og_availability":"instock","product_availability":"instock","product_retailer_item_id":"31491","product_condition":"new"},"_links":{"self":[{"href":"https:\/\/gtartistoo.com\/it\/wp-json\/wp\/v2\/product\/31491","targetHints":{"allow":["GET"]}}],"collection":[{"href":"https:\/\/gtartistoo.com\/it\/wp-json\/wp\/v2\/product"}],"about":[{"href":"https:\/\/gtartistoo.com\/it\/wp-json\/wp\/v2\/types\/product"}],"replies":[{"embeddable":true,"href":"https:\/\/gtartistoo.com\/it\/wp-json\/wp\/v2\/comments?post=31491"}],"version-history":[{"count":2,"href":"https:\/\/gtartistoo.com\/it\/wp-json\/wp\/v2\/product\/31491\/revisions"}],"predecessor-version":[{"id":31504,"href":"https:\/\/gtartistoo.com\/it\/wp-json\/wp\/v2\/product\/31491\/revisions\/31504"}],"wp:featuredmedia":[{"embeddable":true,"href":"https:\/\/gtartistoo.com\/it\/wp-json\/wp\/v2\/media\/31496"}],"wp:attachment":[{"href":"https:\/\/gtartistoo.com\/it\/wp-json\/wp\/v2\/media?parent=31491"}],"wp:term":[{"taxonomy":"product_brand","embeddable":true,"href":"https:\/\/gtartistoo.com\/it\/wp-json\/wp\/v2\/product_brand?post=31491"},{"taxonomy":"product_cat","embeddable":true,"href":"https:\/\/gtartistoo.com\/it\/wp-json\/wp\/v2\/product_cat?post=31491"},{"taxonomy":"product_tag","embeddable":true,"href":"https:\/\/gtartistoo.com\/it\/wp-json\/wp\/v2\/product_tag?post=31491"}],"curies":[{"name":"wp","href":"https:\/\/api.w.org\/{rel}","templated":true}]}}