{"id":31505,"date":"2026-01-29T05:31:52","date_gmt":"2026-01-29T05:31:52","guid":{"rendered":"https:\/\/gtartistoo.com\/?post_type=product&#038;p=31505"},"modified":"2026-01-29T05:31:56","modified_gmt":"2026-01-29T05:31:56","slug":"tuffking-tp-046r2-macchina-per-tatuaggi-senza-fili","status":"publish","type":"product","link":"https:\/\/gtartistoo.com\/it\/negozio\/macchina-per-tatuaggi\/tuffking-tp-046r2-macchina-per-tatuaggi-senza-fili\/","title":{"rendered":"Tuffking TP-046R2 Macchina a penna per tatuaggi senza fili"},"content":{"rendered":"<p data-start=\"1301\" data-end=\"1653\">Il <strong data-start=\"1305\" data-end=\"1354\">Tuffking TP-046R2 macchina per tatuaggi senza fili<\/strong> \u00e8 stata progettata per i tatuatori professionisti che richiedono precisione, stabilit\u00e0 e affidabilit\u00e0 durante le lunghe sessioni di lavoro. Costruita con un motore coreless recentemente aggiornato e un corpo in lega di alluminio resistente, questa penna per tatuaggi offre una potenza costante e un movimento fluido dell'ago sia per il rivestimento che per l'ombreggiatura.<\/p>\n<p data-start=\"1655\" data-end=\"1991\">Inoltre, il TP-046R2 \u00e8 dotato di un sistema avanzato di controllo della tensione con una <strong data-start=\"1729\" data-end=\"1755\">Gamma regolabile 4-12V<\/strong>, permettendo agli artisti di adattarsi rapidamente ai diversi stili di tatuaggio. Grazie al circuito hardware aggiornato e all'algoritmo software ottimizzato, le variazioni di tensione sono pi\u00f9 rapide e precise, garantendo un'uscita stabile anche in caso di utilizzo continuo.<\/p>\n<p data-start=\"1993\" data-end=\"2276\">Inoltre, l'alta risoluzione <strong data-start=\"2026\" data-end=\"2042\">Display OLED<\/strong> Il display mostra chiaramente il voltaggio, lo stato della batteria e il tempo di lavoro in un colpo d'occhio. La doppia modalit\u00e0 di avvio - avvio standard e avvio avanzato - rende questa macchinetta per tatuaggi wireless adatta a vari aghi per cartucce e a diversi scenari di lavoro.<\/p>\n<p data-start=\"2278\" data-end=\"2612\">Per garantire sicurezza e durata, Tuffking ha integrato molteplici sistemi di protezione, tra cui <strong data-start=\"2368\" data-end=\"2462\">protezione da sovraccarico, protezione da blocco della cartuccia e protezione da cortocircuito in uscita<\/strong>. Quando si verifica una condizione anomala, gli avvisi chiari sullo schermo aiutano gli artisti a reagire immediatamente, garantendo un processo di tatuaggio pi\u00f9 sicuro e controllato.<\/p>\n<h2 data-start=\"2278\" data-end=\"2612\">Caratteristiche principali<\/h2>\n<ul>\n<li data-start=\"2671\" data-end=\"2734\">\n<p data-start=\"2673\" data-end=\"2734\">Prestazioni elevate <strong data-start=\"2690\" data-end=\"2708\">motore senza nucleo<\/strong> per un'erogazione di potenza stabile<\/p>\n<\/li>\n<li data-start=\"2735\" data-end=\"2798\">\n<p data-start=\"2737\" data-end=\"2798\">Regolabile <strong data-start=\"2748\" data-end=\"2773\">Tensione di lavoro 4-12V<\/strong> per il rivestimento e l'ombreggiatura<\/p>\n<\/li>\n<li data-start=\"2799\" data-end=\"2857\">\n<p data-start=\"2801\" data-end=\"2857\"><strong data-start=\"2801\" data-end=\"2820\">Batteria da 1700mAh<\/strong> fino a 8 ore di lavoro<\/p>\n<\/li>\n<li data-start=\"2858\" data-end=\"2911\">\n<p data-start=\"2860\" data-end=\"2911\"><strong data-start=\"2860\" data-end=\"2876\">Display OLED<\/strong> con informazioni chiare e in tempo reale<\/p>\n<\/li>\n<li data-start=\"2912\" data-end=\"2969\">\n<p data-start=\"2914\" data-end=\"2969\">Doppia modalit\u00e0 di avvio per diverse applicazioni di tatuaggio<\/p>\n<\/li>\n<li data-start=\"2970\" data-end=\"3024\">\n<p data-start=\"2972\" data-end=\"3024\">Protezioni di sicurezza multiple per un funzionamento affidabile<\/p>\n<\/li>\n<\/ul>\n<h2 data-start=\"3065\" data-end=\"3092\">Specifiche tecniche<\/h2>\n<ul data-start=\"3094\" data-end=\"3601\">\n<li data-start=\"3094\" data-end=\"3121\">\n<p data-start=\"3096\" data-end=\"3121\"><strong data-start=\"3096\" data-end=\"3106\">Modello:<\/strong> TP-046R2-1PC<\/p>\n<\/li>\n<li data-start=\"3122\" data-end=\"3145\">\n<p data-start=\"3124\" data-end=\"3145\"><strong data-start=\"3124\" data-end=\"3134\">Marchio:<\/strong> Tuffking<\/p>\n<\/li>\n<li data-start=\"3146\" data-end=\"3182\">\n<p data-start=\"3148\" data-end=\"3182\"><strong data-start=\"3148\" data-end=\"3164\">Velocit\u00e0 del motore:<\/strong> Fino a 12000 giri al minuto<\/p>\n<\/li>\n<li data-start=\"3183\" data-end=\"3211\">\n<p data-start=\"3185\" data-end=\"3211\"><strong data-start=\"3185\" data-end=\"3203\">Lunghezza della corsa:<\/strong> 3,5 mm<\/p>\n<\/li>\n<li data-start=\"3212\" data-end=\"3241\">\n<p data-start=\"3214\" data-end=\"3241\"><strong data-start=\"3214\" data-end=\"3233\">Tensione di uscita:<\/strong> 4-12V<\/p>\n<\/li>\n<li data-start=\"3242\" data-end=\"3275\">\n<p data-start=\"3244\" data-end=\"3275\"><strong data-start=\"3244\" data-end=\"3265\">Capacit\u00e0 della batteria:<\/strong> 1700mAh<\/p>\n<\/li>\n<li data-start=\"3276\" data-end=\"3311\">\n<p data-start=\"3278\" data-end=\"3311\"><strong data-start=\"3278\" data-end=\"3295\">Orario di lavoro:<\/strong> Circa 8 ore<\/p>\n<\/li>\n<li data-start=\"3312\" data-end=\"3350\">\n<p data-start=\"3314\" data-end=\"3350\"><strong data-start=\"3314\" data-end=\"3332\">Tempo di ricarica:<\/strong> Circa 2,5 ore<\/p>\n<\/li>\n<li data-start=\"3351\" data-end=\"3389\">\n<p data-start=\"3353\" data-end=\"3389\"><strong data-start=\"3353\" data-end=\"3376\">Interfaccia di ricarica:<\/strong> USB Tipo-C<\/p>\n<\/li>\n<li data-start=\"3390\" data-end=\"3421\">\n<p data-start=\"3392\" data-end=\"3421\"><strong data-start=\"3392\" data-end=\"3404\">Display:<\/strong> OLED da 0,66 pollici<\/p>\n<\/li>\n<li data-start=\"3422\" data-end=\"3478\">\n<p data-start=\"3424\" data-end=\"3478\"><strong data-start=\"3424\" data-end=\"3437\">Materiale:<\/strong> Lega di alluminio (superficie anodizzata dura)<\/p>\n<\/li>\n<li data-start=\"3479\" data-end=\"3499\">\n<p data-start=\"3481\" data-end=\"3499\"><strong data-start=\"3481\" data-end=\"3492\">Peso:<\/strong> 238g<\/p>\n<\/li>\n<li data-start=\"3500\" data-end=\"3525\">\n<p data-start=\"3502\" data-end=\"3525\"><strong data-start=\"3502\" data-end=\"3511\">Dimensioni:<\/strong> 140 \u00d7 35 mm<\/p>\n<\/li>\n<li data-start=\"3526\" data-end=\"3601\">\n<p data-start=\"3528\" data-end=\"3601\"><strong data-start=\"3528\" data-end=\"3553\">Compatibilit\u00e0 con gli aghi:<\/strong> Compatibile con la maggior parte degli aghi delle cartucce per tatuaggi<\/p>\n<\/li>\n<\/ul>","protected":false},"excerpt":{"rendered":"<p>The Tuffking TP-046R2 wireless tattoo pen machine is designed for professional tattoo artists who demand precision, stability, and reliability during<\/p>","protected":false},"featured_media":31519,"comment_status":"open","ping_status":"closed","template":"","meta":[],"product_brand":[346],"product_cat":[77],"product_tag":[259],"class_list":{"0":"post-31505","1":"product","2":"type-product","3":"status-publish","4":"has-post-thumbnail","6":"product_brand-tuffking","7":"product_cat-tattoo-machine","8":"product_tag-wireless-tattoo-pen","10":"first","11":"instock","12":"taxable","13":"shipping-taxable","14":"purchasable","15":"product-type-variable"},"yoast_head":"<!-- This site is optimized with the Yoast SEO Premium plugin v26.2 (Yoast SEO v26.2) - https:\/\/yoast.com\/wordpress\/plugins\/seo\/ -->\n<title>Tuffking TP-046R2 Wireless Tattoo Pen Machine<\/title>\n<meta name=\"description\" content=\"Tuffking TP-046R2 wireless tattoo pen features a high-performance coreless motor, 4\u201312V adjustable output, 1700mAh battery, OLED display, and dual start modes.\" \/>\n<meta name=\"robots\" content=\"index, follow, max-snippet:-1, max-image-preview:large, max-video-preview:-1\" \/>\n<link rel=\"canonical\" href=\"https:\/\/gtartistoo.com\/it\/negozio\/macchina-per-tatuaggi\/tuffking-tp-046r2-macchina-per-tatuaggi-senza-fili\/\" \/>\n<meta property=\"og:locale\" content=\"it_IT\" \/>\n<meta property=\"og:type\" content=\"article\" \/>\n<meta property=\"og:title\" content=\"Tuffking TP-046R2 Wireless Tattoo Pen Machine\" \/>\n<meta property=\"og:description\" content=\"Tuffking TP-046R2 wireless tattoo pen features a high-performance coreless motor, 4\u201312V adjustable output, 1700mAh battery, OLED display, and dual start modes.\" \/>\n<meta property=\"og:url\" content=\"https:\/\/gtartistoo.com\/it\/negozio\/macchina-per-tatuaggi\/tuffking-tp-046r2-macchina-per-tatuaggi-senza-fili\/\" \/>\n<meta property=\"og:site_name\" content=\"gtartistoo.com\" \/>\n<meta property=\"article:modified_time\" content=\"2026-01-29T05:31:56+00:00\" \/>\n<meta property=\"og:image\" content=\"https:\/\/gtartistoo.com\/wp-content\/uploads\/2026\/01\/wireless-tattoo-machine-coreless-motor.jpg\" \/>\n\t<meta property=\"og:image:width\" content=\"1600\" \/>\n\t<meta property=\"og:image:height\" content=\"1600\" \/>\n\t<meta property=\"og:image:type\" content=\"image\/jpeg\" \/>\n<meta name=\"twitter:card\" content=\"summary_large_image\" \/>\n<meta name=\"twitter:label1\" content=\"Disponibilit\u00e0\" \/>\n\t<meta name=\"twitter:data1\" content=\"In stock\" \/>\n<script type=\"application\/ld+json\" class=\"yoast-schema-graph\">{\"@context\":\"https:\/\/schema.org\",\"@graph\":[{\"@type\":\"WebPage\",\"@id\":\"https:\/\/gtartistoo.com\/shop\/tattoo-machine\/tuffking-tp-046r2-wireless-tattoo-pen-machine\/\",\"url\":\"https:\/\/gtartistoo.com\/shop\/tattoo-machine\/tuffking-tp-046r2-wireless-tattoo-pen-machine\/\",\"name\":\"Tuffking TP-046R2 Wireless Tattoo Pen Machine\",\"isPartOf\":{\"@id\":\"https:\/\/gtartistoo.com\/#website\"},\"primaryImageOfPage\":{\"@id\":\"https:\/\/gtartistoo.com\/shop\/tattoo-machine\/tuffking-tp-046r2-wireless-tattoo-pen-machine\/#primaryimage\"},\"image\":{\"@id\":\"https:\/\/gtartistoo.com\/shop\/tattoo-machine\/tuffking-tp-046r2-wireless-tattoo-pen-machine\/#primaryimage\"},\"thumbnailUrl\":\"https:\/\/gtartistoo.com\/wp-content\/uploads\/2026\/01\/wireless-tattoo-machine-coreless-motor.jpg\",\"datePublished\":\"2026-01-29T05:31:52+00:00\",\"dateModified\":\"2026-01-29T05:31:56+00:00\",\"description\":\"Tuffking TP-046R2 wireless tattoo pen features a high-performance coreless motor, 4\u201312V adjustable output, 1700mAh battery, OLED display, and dual start modes.\",\"breadcrumb\":{\"@id\":\"https:\/\/gtartistoo.com\/shop\/tattoo-machine\/tuffking-tp-046r2-wireless-tattoo-pen-machine\/#breadcrumb\"},\"inLanguage\":\"it-IT\",\"potentialAction\":[{\"@type\":\"ReadAction\",\"target\":[\"https:\/\/gtartistoo.com\/shop\/tattoo-machine\/tuffking-tp-046r2-wireless-tattoo-pen-machine\/\"]}]},{\"@type\":\"ImageObject\",\"inLanguage\":\"it-IT\",\"@id\":\"https:\/\/gtartistoo.com\/shop\/tattoo-machine\/tuffking-tp-046r2-wireless-tattoo-pen-machine\/#primaryimage\",\"url\":\"https:\/\/gtartistoo.com\/wp-content\/uploads\/2026\/01\/wireless-tattoo-machine-coreless-motor.jpg\",\"contentUrl\":\"https:\/\/gtartistoo.com\/wp-content\/uploads\/2026\/01\/wireless-tattoo-machine-coreless-motor.jpg\",\"width\":1600,\"height\":1600},{\"@type\":\"BreadcrumbList\",\"@id\":\"https:\/\/gtartistoo.com\/shop\/tattoo-machine\/tuffking-tp-046r2-wireless-tattoo-pen-machine\/#breadcrumb\",\"itemListElement\":[{\"@type\":\"ListItem\",\"position\":1,\"name\":\"Home\",\"item\":\"https:\/\/gtartistoo.com\/\"},{\"@type\":\"ListItem\",\"position\":2,\"name\":\"Shop\",\"item\":\"https:\/\/gtartistoo.com\/shop\/\"},{\"@type\":\"ListItem\",\"position\":3,\"name\":\"Tuffking TP-046R2 Wireless Tattoo Pen Machine\"}]},{\"@type\":\"WebSite\",\"@id\":\"https:\/\/gtartistoo.com\/#website\",\"url\":\"https:\/\/gtartistoo.com\/\",\"name\":\"gtartistoo.com\",\"description\":\"\",\"publisher\":{\"@id\":\"https:\/\/gtartistoo.com\/#organization\"},\"potentialAction\":[{\"@type\":\"SearchAction\",\"target\":{\"@type\":\"EntryPoint\",\"urlTemplate\":\"https:\/\/gtartistoo.com\/?s={search_term_string}\"},\"query-input\":{\"@type\":\"PropertyValueSpecification\",\"valueRequired\":true,\"valueName\":\"search_term_string\"}}],\"inLanguage\":\"it-IT\"},{\"@type\":\"Organization\",\"@id\":\"https:\/\/gtartistoo.com\/#organization\",\"name\":\"gtartistoo.com\",\"url\":\"https:\/\/gtartistoo.com\/\",\"logo\":{\"@type\":\"ImageObject\",\"inLanguage\":\"it-IT\",\"@id\":\"https:\/\/gtartistoo.com\/#\/schema\/logo\/image\/\",\"url\":\"https:\/\/gtartistoo.com\/wp-content\/uploads\/2025\/10\/logo.svg\",\"contentUrl\":\"https:\/\/gtartistoo.com\/wp-content\/uploads\/2025\/10\/logo.svg\",\"width\":369,\"height\":124,\"caption\":\"gtartistoo.com\"},\"image\":{\"@id\":\"https:\/\/gtartistoo.com\/#\/schema\/logo\/image\/\"}}]}<\/script>\n<meta property=\"og:availability\" content=\"instock\" \/>\n<meta property=\"product:availability\" content=\"instock\" \/>\n<meta property=\"product:retailer_item_id\" content=\"31505\" \/>\n<meta property=\"product:condition\" content=\"new\" \/>\n<!-- \/ Yoast SEO Premium plugin. -->","yoast_head_json":{"title":"Tuffking TP-046R2 Macchina a penna per tatuaggi senza fili","description":"La penna per tatuaggi wireless Tuffking TP-046R2 \u00e8 dotata di un motore coreless ad alte prestazioni, uscita regolabile da 4-12V, batteria da 1700 mAh, display OLED e doppia modalit\u00e0 di avvio.","robots":{"index":"index","follow":"follow","max-snippet":"max-snippet:-1","max-image-preview":"max-image-preview:large","max-video-preview":"max-video-preview:-1"},"canonical":"https:\/\/gtartistoo.com\/it\/negozio\/macchina-per-tatuaggi\/tuffking-tp-046r2-macchina-per-tatuaggi-senza-fili\/","og_locale":"it_IT","og_type":"article","og_title":"Tuffking TP-046R2 Wireless Tattoo Pen Machine","og_description":"Tuffking TP-046R2 wireless tattoo pen features a high-performance coreless motor, 4\u201312V adjustable output, 1700mAh battery, OLED display, and dual start modes.","og_url":"https:\/\/gtartistoo.com\/it\/negozio\/macchina-per-tatuaggi\/tuffking-tp-046r2-macchina-per-tatuaggi-senza-fili\/","og_site_name":"gtartistoo.com","article_modified_time":"2026-01-29T05:31:56+00:00","og_image":[{"width":1600,"height":1600,"url":"https:\/\/gtartistoo.com\/wp-content\/uploads\/2026\/01\/wireless-tattoo-machine-coreless-motor.jpg","type":"image\/jpeg"}],"twitter_card":"summary_large_image","twitter_misc":{"Disponibilit\u00e0":"In stock"},"schema":{"@context":"https:\/\/schema.org","@graph":[{"@type":"WebPage","@id":"https:\/\/gtartistoo.com\/shop\/tattoo-machine\/tuffking-tp-046r2-wireless-tattoo-pen-machine\/","url":"https:\/\/gtartistoo.com\/shop\/tattoo-machine\/tuffking-tp-046r2-wireless-tattoo-pen-machine\/","name":"Tuffking TP-046R2 Macchina a penna per tatuaggi senza fili","isPartOf":{"@id":"https:\/\/gtartistoo.com\/#website"},"primaryImageOfPage":{"@id":"https:\/\/gtartistoo.com\/shop\/tattoo-machine\/tuffking-tp-046r2-wireless-tattoo-pen-machine\/#primaryimage"},"image":{"@id":"https:\/\/gtartistoo.com\/shop\/tattoo-machine\/tuffking-tp-046r2-wireless-tattoo-pen-machine\/#primaryimage"},"thumbnailUrl":"https:\/\/gtartistoo.com\/wp-content\/uploads\/2026\/01\/wireless-tattoo-machine-coreless-motor.jpg","datePublished":"2026-01-29T05:31:52+00:00","dateModified":"2026-01-29T05:31:56+00:00","description":"La penna per tatuaggi wireless Tuffking TP-046R2 \u00e8 dotata di un motore coreless ad alte prestazioni, uscita regolabile da 4-12V, batteria da 1700 mAh, display OLED e doppia modalit\u00e0 di avvio.","breadcrumb":{"@id":"https:\/\/gtartistoo.com\/shop\/tattoo-machine\/tuffking-tp-046r2-wireless-tattoo-pen-machine\/#breadcrumb"},"inLanguage":"it-IT","potentialAction":[{"@type":"ReadAction","target":["https:\/\/gtartistoo.com\/shop\/tattoo-machine\/tuffking-tp-046r2-wireless-tattoo-pen-machine\/"]}]},{"@type":"ImageObject","inLanguage":"it-IT","@id":"https:\/\/gtartistoo.com\/shop\/tattoo-machine\/tuffking-tp-046r2-wireless-tattoo-pen-machine\/#primaryimage","url":"https:\/\/gtartistoo.com\/wp-content\/uploads\/2026\/01\/wireless-tattoo-machine-coreless-motor.jpg","contentUrl":"https:\/\/gtartistoo.com\/wp-content\/uploads\/2026\/01\/wireless-tattoo-machine-coreless-motor.jpg","width":1600,"height":1600},{"@type":"BreadcrumbList","@id":"https:\/\/gtartistoo.com\/shop\/tattoo-machine\/tuffking-tp-046r2-wireless-tattoo-pen-machine\/#breadcrumb","itemListElement":[{"@type":"ListItem","position":1,"name":"Home","item":"https:\/\/gtartistoo.com\/"},{"@type":"ListItem","position":2,"name":"Shop","item":"https:\/\/gtartistoo.com\/shop\/"},{"@type":"ListItem","position":3,"name":"Tuffking TP-046R2 Wireless Tattoo Pen Machine"}]},{"@type":"WebSite","@id":"https:\/\/gtartistoo.com\/#website","url":"https:\/\/gtartistoo.com\/","name":"gtartistoo.com","description":"","publisher":{"@id":"https:\/\/gtartistoo.com\/#organization"},"potentialAction":[{"@type":"SearchAction","target":{"@type":"EntryPoint","urlTemplate":"https:\/\/gtartistoo.com\/?s={search_term_string}"},"query-input":{"@type":"PropertyValueSpecification","valueRequired":true,"valueName":"search_term_string"}}],"inLanguage":"it-IT"},{"@type":"Organization","@id":"https:\/\/gtartistoo.com\/#organization","name":"gtartistoo.com","url":"https:\/\/gtartistoo.com\/","logo":{"@type":"ImageObject","inLanguage":"it-IT","@id":"https:\/\/gtartistoo.com\/#\/schema\/logo\/image\/","url":"https:\/\/gtartistoo.com\/wp-content\/uploads\/2025\/10\/logo.svg","contentUrl":"https:\/\/gtartistoo.com\/wp-content\/uploads\/2025\/10\/logo.svg","width":369,"height":124,"caption":"gtartistoo.com"},"image":{"@id":"https:\/\/gtartistoo.com\/#\/schema\/logo\/image\/"}}]},"og_availability":"instock","product_availability":"instock","product_retailer_item_id":"31505","product_condition":"new"},"_links":{"self":[{"href":"https:\/\/gtartistoo.com\/it\/wp-json\/wp\/v2\/product\/31505","targetHints":{"allow":["GET"]}}],"collection":[{"href":"https:\/\/gtartistoo.com\/it\/wp-json\/wp\/v2\/product"}],"about":[{"href":"https:\/\/gtartistoo.com\/it\/wp-json\/wp\/v2\/types\/product"}],"replies":[{"embeddable":true,"href":"https:\/\/gtartistoo.com\/it\/wp-json\/wp\/v2\/comments?post=31505"}],"version-history":[{"count":1,"href":"https:\/\/gtartistoo.com\/it\/wp-json\/wp\/v2\/product\/31505\/revisions"}],"predecessor-version":[{"id":31525,"href":"https:\/\/gtartistoo.com\/it\/wp-json\/wp\/v2\/product\/31505\/revisions\/31525"}],"wp:featuredmedia":[{"embeddable":true,"href":"https:\/\/gtartistoo.com\/it\/wp-json\/wp\/v2\/media\/31519"}],"wp:attachment":[{"href":"https:\/\/gtartistoo.com\/it\/wp-json\/wp\/v2\/media?parent=31505"}],"wp:term":[{"taxonomy":"product_brand","embeddable":true,"href":"https:\/\/gtartistoo.com\/it\/wp-json\/wp\/v2\/product_brand?post=31505"},{"taxonomy":"product_cat","embeddable":true,"href":"https:\/\/gtartistoo.com\/it\/wp-json\/wp\/v2\/product_cat?post=31505"},{"taxonomy":"product_tag","embeddable":true,"href":"https:\/\/gtartistoo.com\/it\/wp-json\/wp\/v2\/product_tag?post=31505"}],"curies":[{"name":"wp","href":"https:\/\/api.w.org\/{rel}","templated":true}]}}