{"id":31526,"date":"2026-01-29T05:31:53","date_gmt":"2026-01-29T05:31:53","guid":{"rendered":"https:\/\/gtartistoo.com\/?post_type=product&#038;p=31526"},"modified":"2026-01-29T05:31:56","modified_gmt":"2026-01-29T05:31:56","slug":"tuffking-atk-2523-wireless-tattoo-pen-machine","status":"publish","type":"product","link":"https:\/\/gtartistoo.com\/it\/negozio\/macchina-per-tatuaggi\/tuffking-atk-2523-wireless-tattoo-pen-machine\/","title":{"rendered":"Tuffking ATK-2523 Macchina a penna per tatuaggi senza fili"},"content":{"rendered":"<h2 data-start=\"1536\" data-end=\"1595\">Macchina professionale a penna per tatuaggi senza fili per artisti<\/h2>\n<p data-start=\"1597\" data-end=\"1899\">La Tuffking ATK-2523 \u00e8 una macchinetta wireless ad alte prestazioni costruita per tatuatori professionisti che richiedono precisione, stabilit\u00e0 e flessibilit\u00e0. A differenza delle tradizionali macchinette con cavo, questa penna per tatuaggi senza fili permette di muoversi senza limitazioni, rendendo le lunghe sessioni pi\u00f9 comode ed efficienti.<\/p>\n<p data-start=\"1901\" data-end=\"2055\">Inoltre, il corpo ergonomico in lega di alluminio garantisce un equilibrio eccellente, mentre la solida struttura interna riduce al minimo le vibrazioni e il rumore durante il funzionamento.<\/p>\n<hr data-start=\"2057\" data-end=\"2060\" \/>\n<h2 data-start=\"2062\" data-end=\"2113\">Corsa regolabile per diversi stili di tatuaggio<\/h2>\n<p data-start=\"2115\" data-end=\"2310\">Uno dei vantaggi principali di questa penna per tatuaggi \u00e8 la lunghezza regolabile del tratto che va da <strong data-start=\"2213\" data-end=\"2231\">Da 2,0 mm a 4,2 mm<\/strong>. Pertanto, gli artisti possono facilmente mettere a punto la macchina per le diverse tecniche.<\/p>\n<h3 data-start=\"2312\" data-end=\"2364\">Ideale per rivestimenti, ombreggiature e confezioni di colore<\/h3>\n<ul data-start=\"2365\" data-end=\"2477\">\n<li data-start=\"2365\" data-end=\"2401\">\n<p data-start=\"2367\" data-end=\"2401\">Corsa breve per un rivestimento dettagliato<\/p>\n<\/li>\n<li data-start=\"2402\" data-end=\"2438\">\n<p data-start=\"2404\" data-end=\"2438\">Tratto medio per un'ombreggiatura uniforme<\/p>\n<\/li>\n<li data-start=\"2439\" data-end=\"2477\">\n<p data-start=\"2441\" data-end=\"2477\">Tratto lungo per un colore deciso<\/p>\n<\/li>\n<\/ul>\n<p data-start=\"2479\" data-end=\"2571\">Di conseguenza, una sola macchina pu\u00f2 gestire pi\u00f9 stili di tatuaggio senza dover cambiare frequentemente gli strumenti.<\/p>\n<hr data-start=\"2573\" data-end=\"2576\" \/>\n<h2 data-start=\"2578\" data-end=\"2626\">Potenza stabile e lunga durata della batteria<\/h2>\n<p data-start=\"2628\" data-end=\"2896\">L'ATK-2523 \u00e8 dotato di un <strong data-start=\"2660\" data-end=\"2692\">Batteria ricaricabile da 1600 mAh<\/strong>, fornendo fino a <strong data-start=\"2710\" data-end=\"2737\">6 ore di lavoro<\/strong> con una carica completa. Inoltre, l'interfaccia di ricarica rapida Type-C consente di ricaricare la batteria in circa 2 ore, riducendo i tempi di inattivit\u00e0 tra le sessioni.<\/p>\n<p data-start=\"2898\" data-end=\"3041\">Inoltre, il display OLED mostra chiaramente la tensione, il livello della batteria e lo stato di funzionamento, garantendo un controllo preciso durante l'intero processo di tatuaggio.<\/p>\n<hr data-start=\"3043\" data-end=\"3046\" \/>\n<h2 data-start=\"3048\" data-end=\"3103\">Motore a batteria affidabile e design a basse vibrazioni<\/h2>\n<p data-start=\"3105\" data-end=\"3364\">Grazie al potente motore cordless, questa macchinetta per tatuaggi wireless offre una coppia costante e un movimento fluido dell'ago. Inoltre, la struttura interna integrata riduce significativamente le vibrazioni, consentendo linee pi\u00f9 pulite e una migliore risposta della pelle.<\/p>\n<p data-start=\"3366\" data-end=\"3475\">Di conseguenza, gli artisti hanno un controllo migliore e i clienti possono godere di un'esperienza di tatuaggio pi\u00f9 confortevole.<\/p>\n<hr data-start=\"3477\" data-end=\"3480\" \/>\n<h2 data-start=\"3482\" data-end=\"3540\">Ampia compatibilit\u00e0 e caratteristiche di sicurezza professionali<\/h2>\n<p data-start=\"3542\" data-end=\"3698\">Questa macchina per tatuaggi \u00e8 compatibile con la maggior parte degli aghi a cartuccia standard presenti sul mercato. Inoltre, sono integrate diverse protezioni di sicurezza, tra cui:<\/p>\n<ul data-start=\"3699\" data-end=\"3779\">\n<li data-start=\"3699\" data-end=\"3724\">\n<p data-start=\"3701\" data-end=\"3724\">Protezione da sovraccarico<\/p>\n<\/li>\n<li data-start=\"3725\" data-end=\"3753\">\n<p data-start=\"3727\" data-end=\"3753\">Protezione da cortocircuito<\/p>\n<\/li>\n<li data-start=\"3754\" data-end=\"3779\">\n<p data-start=\"3756\" data-end=\"3779\">Protezione contro l'inceppamento degli aghi<\/p>\n<\/li>\n<\/ul>\n<p data-start=\"3781\" data-end=\"3861\">Di conseguenza, la macchina rimane affidabile anche in caso di uso professionale prolungato.<\/p>\n<hr data-start=\"3863\" data-end=\"3866\" \/>\n<h2 data-start=\"3868\" data-end=\"3900\">Specifiche del prodotto<\/h2>\n<ul data-start=\"3901\" data-end=\"4145\">\n<li data-start=\"3901\" data-end=\"3926\">\n<p data-start=\"3903\" data-end=\"3926\">Motore: Motore a batteria<\/p>\n<\/li>\n<li data-start=\"3927\" data-end=\"3956\">\n<p data-start=\"3929\" data-end=\"3956\">Capacit\u00e0 della batteria: 1600mAh<\/p>\n<\/li>\n<li data-start=\"3957\" data-end=\"3983\">\n<p data-start=\"3959\" data-end=\"3983\">Tensione di lavoro: 4-12V<\/p>\n<\/li>\n<li data-start=\"3984\" data-end=\"4016\">\n<p data-start=\"3986\" data-end=\"4016\">Corsa regolabile: 2,0-4,2 mm<\/p>\n<\/li>\n<li data-start=\"4017\" data-end=\"4048\">\n<p data-start=\"4019\" data-end=\"4048\">Tempo di lavoro: circa 6 ore<\/p>\n<\/li>\n<li data-start=\"4049\" data-end=\"4081\">\n<p data-start=\"4051\" data-end=\"4081\">Tempo di ricarica: circa 2 ore<\/p>\n<\/li>\n<li data-start=\"4082\" data-end=\"4120\">\n<p data-start=\"4084\" data-end=\"4120\">Interfaccia di ricarica: Tipo-C (5V\/2A)<\/p>\n<\/li>\n<li data-start=\"4121\" data-end=\"4145\">\n<p data-start=\"4123\" data-end=\"4145\">Peso: Circa 237 g<\/p>\n<\/li>\n<\/ul>","protected":false},"excerpt":{"rendered":"<p>Tuffking ATK-2523 \u00e8 una macchinetta per tatuaggi professionale senza fili progettata per garantire precisione e versatilit\u00e0. Con un intervallo di corsa regolabile da 2,0 mm a 4,2 mm, si adatta facilmente al rivestimento, all'ombreggiatura e al confezionamento del colore. Inoltre, il potente motore cordless e la tensione di uscita stabile garantiscono prestazioni costanti durante le lunghe sessioni di tatuaggio.<\/p>","protected":false},"featured_media":31531,"comment_status":"open","ping_status":"closed","template":"","meta":[],"product_brand":[346],"product_cat":[77],"product_tag":[347,259],"class_list":{"0":"post-31526","1":"product","2":"type-product","3":"status-publish","4":"has-post-thumbnail","6":"product_brand-tuffking","7":"product_cat-tattoo-machine","8":"product_tag-tuffking-tattoo-machine","9":"product_tag-wireless-tattoo-pen","11":"first","12":"instock","13":"taxable","14":"shipping-taxable","15":"purchasable","16":"product-type-variable"},"yoast_head":"<!-- This site is optimized with the Yoast SEO Premium plugin v26.2 (Yoast SEO v26.2) - https:\/\/yoast.com\/wordpress\/plugins\/seo\/ -->\n<title>Tuffking ATK-2523 Wireless Tattoo Pen Machine<\/title>\n<meta name=\"description\" content=\"Tuffking ATK-2523 wireless tattoo pen machine features an adjustable 2.0\u20134.2mm stroke, stable motor output, and long-lasting 1600mAh battery. As a result, it delivers smooth lining, shading, and color packing with reliable performance for professional tattoo artists.\" \/>\n<meta name=\"robots\" content=\"index, follow, max-snippet:-1, max-image-preview:large, max-video-preview:-1\" \/>\n<link rel=\"canonical\" href=\"https:\/\/gtartistoo.com\/it\/negozio\/macchina-per-tatuaggi\/tuffking-atk-2523-wireless-tattoo-pen-machine\/\" \/>\n<meta property=\"og:locale\" content=\"it_IT\" \/>\n<meta property=\"og:type\" content=\"article\" \/>\n<meta property=\"og:title\" content=\"Tuffking ATK-2523 Wireless Tattoo Pen Machine\" \/>\n<meta property=\"og:description\" content=\"Tuffking ATK-2523 wireless tattoo pen machine features an adjustable 2.0\u20134.2mm stroke, stable motor output, and long-lasting 1600mAh battery. As a result, it delivers smooth lining, shading, and color packing with reliable performance for professional tattoo artists.\" \/>\n<meta property=\"og:url\" content=\"https:\/\/gtartistoo.com\/it\/negozio\/macchina-per-tatuaggi\/tuffking-atk-2523-wireless-tattoo-pen-machine\/\" \/>\n<meta property=\"og:site_name\" content=\"gtartistoo.com\" \/>\n<meta property=\"article:modified_time\" content=\"2026-01-29T05:31:56+00:00\" \/>\n<meta property=\"og:image\" content=\"https:\/\/gtartistoo.com\/wp-content\/uploads\/2026\/01\/tattoo-pen-machine-adjustable-stroke-red-device-with-dual-batteries.webp\" \/>\n\t<meta property=\"og:image:width\" content=\"1200\" \/>\n\t<meta property=\"og:image:height\" content=\"1200\" \/>\n\t<meta property=\"og:image:type\" content=\"image\/webp\" \/>\n<meta name=\"twitter:card\" content=\"summary_large_image\" \/>\n<meta name=\"twitter:label1\" content=\"Disponibilit\u00e0\" \/>\n\t<meta name=\"twitter:data1\" content=\"In stock\" \/>\n<script type=\"application\/ld+json\" class=\"yoast-schema-graph\">{\"@context\":\"https:\/\/schema.org\",\"@graph\":[{\"@type\":\"WebPage\",\"@id\":\"https:\/\/gtartistoo.com\/shop\/tattoo-machine\/tuffking-atk-2523-wireless-tattoo-pen-machine\/\",\"url\":\"https:\/\/gtartistoo.com\/shop\/tattoo-machine\/tuffking-atk-2523-wireless-tattoo-pen-machine\/\",\"name\":\"Tuffking ATK-2523 Wireless Tattoo Pen Machine\",\"isPartOf\":{\"@id\":\"https:\/\/gtartistoo.com\/#website\"},\"primaryImageOfPage\":{\"@id\":\"https:\/\/gtartistoo.com\/shop\/tattoo-machine\/tuffking-atk-2523-wireless-tattoo-pen-machine\/#primaryimage\"},\"image\":{\"@id\":\"https:\/\/gtartistoo.com\/shop\/tattoo-machine\/tuffking-atk-2523-wireless-tattoo-pen-machine\/#primaryimage\"},\"thumbnailUrl\":\"https:\/\/gtartistoo.com\/wp-content\/uploads\/2026\/01\/tattoo-pen-machine-adjustable-stroke-red-device-with-dual-batteries.webp\",\"datePublished\":\"2026-01-29T05:31:53+00:00\",\"dateModified\":\"2026-01-29T05:31:56+00:00\",\"description\":\"Tuffking ATK-2523 wireless tattoo pen machine features an adjustable 2.0\u20134.2mm stroke, stable motor output, and long-lasting 1600mAh battery. As a result, it delivers smooth lining, shading, and color packing with reliable performance for professional tattoo artists.\",\"breadcrumb\":{\"@id\":\"https:\/\/gtartistoo.com\/shop\/tattoo-machine\/tuffking-atk-2523-wireless-tattoo-pen-machine\/#breadcrumb\"},\"inLanguage\":\"it-IT\",\"potentialAction\":[{\"@type\":\"ReadAction\",\"target\":[\"https:\/\/gtartistoo.com\/shop\/tattoo-machine\/tuffking-atk-2523-wireless-tattoo-pen-machine\/\"]}]},{\"@type\":\"ImageObject\",\"inLanguage\":\"it-IT\",\"@id\":\"https:\/\/gtartistoo.com\/shop\/tattoo-machine\/tuffking-atk-2523-wireless-tattoo-pen-machine\/#primaryimage\",\"url\":\"https:\/\/gtartistoo.com\/wp-content\/uploads\/2026\/01\/tattoo-pen-machine-adjustable-stroke-red-device-with-dual-batteries.webp\",\"contentUrl\":\"https:\/\/gtartistoo.com\/wp-content\/uploads\/2026\/01\/tattoo-pen-machine-adjustable-stroke-red-device-with-dual-batteries.webp\",\"width\":1200,\"height\":1200,\"caption\":\"Tuffking ATK-2523 cordless tattoo pen adjustable stroke 2.0\u20134.2mm\"},{\"@type\":\"BreadcrumbList\",\"@id\":\"https:\/\/gtartistoo.com\/shop\/tattoo-machine\/tuffking-atk-2523-wireless-tattoo-pen-machine\/#breadcrumb\",\"itemListElement\":[{\"@type\":\"ListItem\",\"position\":1,\"name\":\"Home\",\"item\":\"https:\/\/gtartistoo.com\/\"},{\"@type\":\"ListItem\",\"position\":2,\"name\":\"Shop\",\"item\":\"https:\/\/gtartistoo.com\/shop\/\"},{\"@type\":\"ListItem\",\"position\":3,\"name\":\"Tuffking ATK-2523 Wireless Tattoo Pen Machine\"}]},{\"@type\":\"WebSite\",\"@id\":\"https:\/\/gtartistoo.com\/#website\",\"url\":\"https:\/\/gtartistoo.com\/\",\"name\":\"gtartistoo.com\",\"description\":\"\",\"publisher\":{\"@id\":\"https:\/\/gtartistoo.com\/#organization\"},\"potentialAction\":[{\"@type\":\"SearchAction\",\"target\":{\"@type\":\"EntryPoint\",\"urlTemplate\":\"https:\/\/gtartistoo.com\/?s={search_term_string}\"},\"query-input\":{\"@type\":\"PropertyValueSpecification\",\"valueRequired\":true,\"valueName\":\"search_term_string\"}}],\"inLanguage\":\"it-IT\"},{\"@type\":\"Organization\",\"@id\":\"https:\/\/gtartistoo.com\/#organization\",\"name\":\"gtartistoo.com\",\"url\":\"https:\/\/gtartistoo.com\/\",\"logo\":{\"@type\":\"ImageObject\",\"inLanguage\":\"it-IT\",\"@id\":\"https:\/\/gtartistoo.com\/#\/schema\/logo\/image\/\",\"url\":\"https:\/\/gtartistoo.com\/wp-content\/uploads\/2025\/10\/logo.svg\",\"contentUrl\":\"https:\/\/gtartistoo.com\/wp-content\/uploads\/2025\/10\/logo.svg\",\"width\":369,\"height\":124,\"caption\":\"gtartistoo.com\"},\"image\":{\"@id\":\"https:\/\/gtartistoo.com\/#\/schema\/logo\/image\/\"}}]}<\/script>\n<meta property=\"og:availability\" content=\"instock\" \/>\n<meta property=\"product:availability\" content=\"instock\" \/>\n<meta property=\"product:retailer_item_id\" content=\"31526\" \/>\n<meta property=\"product:condition\" content=\"new\" \/>\n<!-- \/ Yoast SEO Premium plugin. -->","yoast_head_json":{"title":"Tuffking ATK-2523 Macchina a penna per tatuaggi senza fili","description":"La macchina per tatuaggi wireless Tuffking ATK-2523 \u00e8 dotata di un tratto regolabile da 2,0 a 4,2 mm, di un motore stabile e di una batteria di lunga durata da 1600 mAh. Di conseguenza, offre un rivestimento, un'ombreggiatura e un'impacchettamento del colore uniformi con prestazioni affidabili per i tatuatori professionisti.","robots":{"index":"index","follow":"follow","max-snippet":"max-snippet:-1","max-image-preview":"max-image-preview:large","max-video-preview":"max-video-preview:-1"},"canonical":"https:\/\/gtartistoo.com\/it\/negozio\/macchina-per-tatuaggi\/tuffking-atk-2523-wireless-tattoo-pen-machine\/","og_locale":"it_IT","og_type":"article","og_title":"Tuffking ATK-2523 Wireless Tattoo Pen Machine","og_description":"Tuffking ATK-2523 wireless tattoo pen machine features an adjustable 2.0\u20134.2mm stroke, stable motor output, and long-lasting 1600mAh battery. As a result, it delivers smooth lining, shading, and color packing with reliable performance for professional tattoo artists.","og_url":"https:\/\/gtartistoo.com\/it\/negozio\/macchina-per-tatuaggi\/tuffking-atk-2523-wireless-tattoo-pen-machine\/","og_site_name":"gtartistoo.com","article_modified_time":"2026-01-29T05:31:56+00:00","og_image":[{"width":1200,"height":1200,"url":"https:\/\/gtartistoo.com\/wp-content\/uploads\/2026\/01\/tattoo-pen-machine-adjustable-stroke-red-device-with-dual-batteries.webp","type":"image\/webp"}],"twitter_card":"summary_large_image","twitter_misc":{"Disponibilit\u00e0":"In stock"},"schema":{"@context":"https:\/\/schema.org","@graph":[{"@type":"WebPage","@id":"https:\/\/gtartistoo.com\/shop\/tattoo-machine\/tuffking-atk-2523-wireless-tattoo-pen-machine\/","url":"https:\/\/gtartistoo.com\/shop\/tattoo-machine\/tuffking-atk-2523-wireless-tattoo-pen-machine\/","name":"Tuffking ATK-2523 Macchina a penna per tatuaggi senza fili","isPartOf":{"@id":"https:\/\/gtartistoo.com\/#website"},"primaryImageOfPage":{"@id":"https:\/\/gtartistoo.com\/shop\/tattoo-machine\/tuffking-atk-2523-wireless-tattoo-pen-machine\/#primaryimage"},"image":{"@id":"https:\/\/gtartistoo.com\/shop\/tattoo-machine\/tuffking-atk-2523-wireless-tattoo-pen-machine\/#primaryimage"},"thumbnailUrl":"https:\/\/gtartistoo.com\/wp-content\/uploads\/2026\/01\/tattoo-pen-machine-adjustable-stroke-red-device-with-dual-batteries.webp","datePublished":"2026-01-29T05:31:53+00:00","dateModified":"2026-01-29T05:31:56+00:00","description":"La macchina per tatuaggi wireless Tuffking ATK-2523 \u00e8 dotata di un tratto regolabile da 2,0 a 4,2 mm, di un motore stabile e di una batteria di lunga durata da 1600 mAh. Di conseguenza, offre un rivestimento, un'ombreggiatura e un'impacchettamento del colore uniformi con prestazioni affidabili per i tatuatori professionisti.","breadcrumb":{"@id":"https:\/\/gtartistoo.com\/shop\/tattoo-machine\/tuffking-atk-2523-wireless-tattoo-pen-machine\/#breadcrumb"},"inLanguage":"it-IT","potentialAction":[{"@type":"ReadAction","target":["https:\/\/gtartistoo.com\/shop\/tattoo-machine\/tuffking-atk-2523-wireless-tattoo-pen-machine\/"]}]},{"@type":"ImageObject","inLanguage":"it-IT","@id":"https:\/\/gtartistoo.com\/shop\/tattoo-machine\/tuffking-atk-2523-wireless-tattoo-pen-machine\/#primaryimage","url":"https:\/\/gtartistoo.com\/wp-content\/uploads\/2026\/01\/tattoo-pen-machine-adjustable-stroke-red-device-with-dual-batteries.webp","contentUrl":"https:\/\/gtartistoo.com\/wp-content\/uploads\/2026\/01\/tattoo-pen-machine-adjustable-stroke-red-device-with-dual-batteries.webp","width":1200,"height":1200,"caption":"Tuffking ATK-2523 cordless tattoo pen adjustable stroke 2.0\u20134.2mm"},{"@type":"BreadcrumbList","@id":"https:\/\/gtartistoo.com\/shop\/tattoo-machine\/tuffking-atk-2523-wireless-tattoo-pen-machine\/#breadcrumb","itemListElement":[{"@type":"ListItem","position":1,"name":"Home","item":"https:\/\/gtartistoo.com\/"},{"@type":"ListItem","position":2,"name":"Shop","item":"https:\/\/gtartistoo.com\/shop\/"},{"@type":"ListItem","position":3,"name":"Tuffking ATK-2523 Wireless Tattoo Pen Machine"}]},{"@type":"WebSite","@id":"https:\/\/gtartistoo.com\/#website","url":"https:\/\/gtartistoo.com\/","name":"gtartistoo.com","description":"","publisher":{"@id":"https:\/\/gtartistoo.com\/#organization"},"potentialAction":[{"@type":"SearchAction","target":{"@type":"EntryPoint","urlTemplate":"https:\/\/gtartistoo.com\/?s={search_term_string}"},"query-input":{"@type":"PropertyValueSpecification","valueRequired":true,"valueName":"search_term_string"}}],"inLanguage":"it-IT"},{"@type":"Organization","@id":"https:\/\/gtartistoo.com\/#organization","name":"gtartistoo.com","url":"https:\/\/gtartistoo.com\/","logo":{"@type":"ImageObject","inLanguage":"it-IT","@id":"https:\/\/gtartistoo.com\/#\/schema\/logo\/image\/","url":"https:\/\/gtartistoo.com\/wp-content\/uploads\/2025\/10\/logo.svg","contentUrl":"https:\/\/gtartistoo.com\/wp-content\/uploads\/2025\/10\/logo.svg","width":369,"height":124,"caption":"gtartistoo.com"},"image":{"@id":"https:\/\/gtartistoo.com\/#\/schema\/logo\/image\/"}}]},"og_availability":"instock","product_availability":"instock","product_retailer_item_id":"31526","product_condition":"new"},"_links":{"self":[{"href":"https:\/\/gtartistoo.com\/it\/wp-json\/wp\/v2\/product\/31526","targetHints":{"allow":["GET"]}}],"collection":[{"href":"https:\/\/gtartistoo.com\/it\/wp-json\/wp\/v2\/product"}],"about":[{"href":"https:\/\/gtartistoo.com\/it\/wp-json\/wp\/v2\/types\/product"}],"replies":[{"embeddable":true,"href":"https:\/\/gtartistoo.com\/it\/wp-json\/wp\/v2\/comments?post=31526"}],"version-history":[{"count":1,"href":"https:\/\/gtartistoo.com\/it\/wp-json\/wp\/v2\/product\/31526\/revisions"}],"predecessor-version":[{"id":31536,"href":"https:\/\/gtartistoo.com\/it\/wp-json\/wp\/v2\/product\/31526\/revisions\/31536"}],"wp:featuredmedia":[{"embeddable":true,"href":"https:\/\/gtartistoo.com\/it\/wp-json\/wp\/v2\/media\/31531"}],"wp:attachment":[{"href":"https:\/\/gtartistoo.com\/it\/wp-json\/wp\/v2\/media?parent=31526"}],"wp:term":[{"taxonomy":"product_brand","embeddable":true,"href":"https:\/\/gtartistoo.com\/it\/wp-json\/wp\/v2\/product_brand?post=31526"},{"taxonomy":"product_cat","embeddable":true,"href":"https:\/\/gtartistoo.com\/it\/wp-json\/wp\/v2\/product_cat?post=31526"},{"taxonomy":"product_tag","embeddable":true,"href":"https:\/\/gtartistoo.com\/it\/wp-json\/wp\/v2\/product_tag?post=31526"}],"curies":[{"name":"wp","href":"https:\/\/api.w.org\/{rel}","templated":true}]}}