{"id":31578,"date":"2026-01-22T09:11:08","date_gmt":"2026-01-22T09:11:08","guid":{"rendered":"https:\/\/gtartistoo.com\/?post_type=product&#038;p=31578"},"modified":"2026-01-22T09:11:09","modified_gmt":"2026-01-22T09:11:09","slug":"batteria-aurora-wireless-per-tatuaggi","status":"publish","type":"product","link":"https:\/\/gtartistoo.com\/it\/negozio\/forniture-per-tatuaggi\/accessori-per-tatuaggi\/batteria-aurora-wireless-per-tatuaggi\/","title":{"rendered":"Batteria per tatuaggio senza fili Gtartistoo Aurora"},"content":{"rendered":"<p data-start=\"275\" data-end=\"521\">Il <strong data-start=\"279\" data-end=\"324\">gtartistoo Aurora Batteria per tatuaggio senza fili<\/strong> fornisce una potenza stabile in un design compatto e leggero.<br data-start=\"383\" data-end=\"386\" \/>Aiuta i tatuatori a lavorare liberamente senza cavi.<br data-start=\"437\" data-end=\"440\" \/>La batteria \u00e8 adatta alla maggior parte delle macchinette per tatuaggi RCA.<br data-start=\"482\" data-end=\"485\" \/>Si adatta al lavoro in studio e all'uso in viaggio.<\/p>\n<p data-start=\"523\" data-end=\"787\">Questa batteria wireless per tatuaggi offre un controllo preciso della tensione da <strong data-start=\"588\" data-end=\"601\">Da 4V a 12V<\/strong>.<br data-start=\"602\" data-end=\"605\" \/>Gli artisti possono passare agevolmente dalla foderatura all'ombreggiatura e all'impacchettamento dei colori.<br data-start=\"676\" data-end=\"679\" \/>Lo schermo OLED mostra chiaramente la tensione e lo stato della batteria.<br data-start=\"736\" data-end=\"739\" \/>\u00c8 possibile regolare rapidamente le impostazioni durante le sessioni.<\/p>\n<hr data-start=\"789\" data-end=\"792\" \/>\n<h2 data-start=\"794\" data-end=\"813\">\u00a0Caratteristiche principali<\/h2>\n<ul data-start=\"815\" data-end=\"1151\">\n<li data-start=\"815\" data-end=\"864\">\n<p data-start=\"817\" data-end=\"864\">Batteria wireless per tatuaggi con <strong data-start=\"846\" data-end=\"864\">Collegamento RCA<\/strong><\/p>\n<\/li>\n<li data-start=\"865\" data-end=\"910\">\n<p data-start=\"867\" data-end=\"910\">Gamma di tensione regolabile da <strong data-start=\"897\" data-end=\"910\">Da 4V a 12V<\/strong><\/p>\n<\/li>\n<li data-start=\"911\" data-end=\"959\">\n<p data-start=\"913\" data-end=\"959\"><strong data-start=\"913\" data-end=\"941\">Capacit\u00e0 della batteria 1600mAh<\/strong> per sessioni prolungate<\/p>\n<\/li>\n<li data-start=\"960\" data-end=\"1017\">\n<p data-start=\"962\" data-end=\"1017\"><strong data-start=\"962\" data-end=\"978\">Display OLED<\/strong> per lo stato di tensione e potenza in tempo reale<\/p>\n<\/li>\n<li data-start=\"1018\" data-end=\"1066\">\n<p data-start=\"1020\" data-end=\"1066\"><strong data-start=\"1020\" data-end=\"1044\">Ricarica rapida di tipo C<\/strong> per la comodit\u00e0 quotidiana<\/p>\n<\/li>\n<li data-start=\"1067\" data-end=\"1106\">\n<p data-start=\"1069\" data-end=\"1106\">Il corpo leggero riduce l'affaticamento della mano<\/p>\n<\/li>\n<li data-start=\"1107\" data-end=\"1151\">\n<p data-start=\"1109\" data-end=\"1151\">Le dimensioni compatte si adattano ai viaggi e alle configurazioni mobili<\/p>\n<\/li>\n<\/ul>\n<hr data-start=\"1153\" data-end=\"1156\" \/>\n<h2 data-start=\"1158\" data-end=\"1191\">Prestazioni e durata della batteria<\/h2>\n<p data-start=\"1193\" data-end=\"1400\">La batteria del tatuaggio Aurora funziona per <strong data-start=\"1228\" data-end=\"1241\">5-6 ore<\/strong> con una carica completa.<br data-start=\"1259\" data-end=\"1262\" \/>Supporta un uso professionale continuo.<br data-start=\"1302\" data-end=\"1305\" \/>La ricarica Type-C ricarica la batteria in <strong data-start=\"1344\" data-end=\"1357\">2-3 ore<\/strong>.<br data-start=\"1358\" data-end=\"1361\" \/>In questo modo si riducono i tempi di inattivit\u00e0 tra una sessione e l'altra.<\/p>\n<p data-start=\"1402\" data-end=\"1556\">L'uscita stabile mantiene il funzionamento della macchina senza problemi.<br data-start=\"1455\" data-end=\"1458\" \/>Gli artisti mantengono costanti le prestazioni dell'ago.<br data-start=\"1505\" data-end=\"1508\" \/>Questo migliora il controllo delle linee e la saturazione del colore.<\/p>\n<hr data-start=\"1558\" data-end=\"1561\" \/>\n<h2 data-start=\"1563\" data-end=\"1592\">\u00a0Compatibilit\u00e0 e design<\/h2>\n<p data-start=\"1594\" data-end=\"1782\">Il <strong data-start=\"1598\" data-end=\"1615\">Connettore RCA<\/strong> funziona con la maggior parte delle macchinette per tatuaggi presenti sul mercato.<br data-start=\"1662\" data-end=\"1665\" \/>L'alloggiamento in alluminio \u00e8 solido e resistente.<br data-start=\"1710\" data-end=\"1713\" \/>Il suo <strong data-start=\"1717\" data-end=\"1743\">Design leggero da 68 g<\/strong> migliora il comfort durante le lunghe sessioni.<\/p>\n<p data-start=\"1784\" data-end=\"1899\">Questa batteria \u00e8 adatta sia ai principianti che ai tatuatori professionisti.<br data-start=\"1845\" data-end=\"1848\" \/>Funziona bene anche per i guest spot e le convention.<\/p>\n<hr data-start=\"1901\" data-end=\"1904\" \/>\n<h2 data-start=\"1906\" data-end=\"1927\">\u00a0Specifiche tecniche<\/h2>\n<ul data-start=\"1929\" data-end=\"2281\">\n<li data-start=\"1929\" data-end=\"1954\">\n<p data-start=\"1931\" data-end=\"1954\"><strong data-start=\"1931\" data-end=\"1941\">Marchio:<\/strong> gtartistoo<\/p>\n<\/li>\n<li data-start=\"1955\" data-end=\"2007\">\n<p data-start=\"1957\" data-end=\"2007\"><strong data-start=\"1957\" data-end=\"1974\">Nome del prodotto:<\/strong> Batteria per tatuaggi wireless Aurora<\/p>\n<\/li>\n<li data-start=\"2008\" data-end=\"2035\">\n<p data-start=\"2010\" data-end=\"2035\"><strong data-start=\"2010\" data-end=\"2029\">Tipo di connettore:<\/strong> RCA<\/p>\n<\/li>\n<li data-start=\"2036\" data-end=\"2065\">\n<p data-start=\"2038\" data-end=\"2065\"><strong data-start=\"2038\" data-end=\"2057\">Tensione di uscita:<\/strong> 4-12V<\/p>\n<\/li>\n<li data-start=\"2066\" data-end=\"2099\">\n<p data-start=\"2068\" data-end=\"2099\"><strong data-start=\"2068\" data-end=\"2089\">Capacit\u00e0 della batteria:<\/strong> 1600mAh<\/p>\n<\/li>\n<li data-start=\"2100\" data-end=\"2131\">\n<p data-start=\"2102\" data-end=\"2131\"><strong data-start=\"2102\" data-end=\"2119\">Orario di lavoro:<\/strong> 5-6 ore<\/p>\n<\/li>\n<li data-start=\"2132\" data-end=\"2164\">\n<p data-start=\"2134\" data-end=\"2164\"><strong data-start=\"2134\" data-end=\"2152\">Tempo di ricarica:<\/strong> 2-3 ore<\/p>\n<\/li>\n<li data-start=\"2165\" data-end=\"2199\">\n<p data-start=\"2167\" data-end=\"2199\"><strong data-start=\"2167\" data-end=\"2190\">Interfaccia di ricarica:<\/strong> Tipo-C<\/p>\n<\/li>\n<li data-start=\"2200\" data-end=\"2233\">\n<p data-start=\"2202\" data-end=\"2233\"><strong data-start=\"2202\" data-end=\"2220\">Tensione di ingresso:<\/strong> DC 5V \/ 1A<\/p>\n<\/li>\n<li data-start=\"2234\" data-end=\"2253\">\n<p data-start=\"2236\" data-end=\"2253\"><strong data-start=\"2236\" data-end=\"2247\">Peso:<\/strong> 68g<\/p>\n<\/li>\n<li data-start=\"2254\" data-end=\"2281\">\n<p data-start=\"2256\" data-end=\"2281\"><strong data-start=\"2256\" data-end=\"2265\">Dimensioni:<\/strong> 3,3 cm \u00d7 6,5 cm<\/p>\n<\/li>\n<\/ul>","protected":false},"excerpt":{"rendered":"<p>The gtartistoo Aurora Wireless Tattoo Battery delivers stable power in a compact and lightweight design.It helps tattoo artists work freely<\/p>","protected":false},"featured_media":31584,"comment_status":"open","ping_status":"closed","template":"","meta":[],"product_brand":[71],"product_cat":[317,83],"product_tag":[350],"class_list":{"0":"post-31578","1":"product","2":"type-product","3":"status-publish","4":"has-post-thumbnail","6":"product_brand-gtartistoo","7":"product_cat-tattoo-power-accessories","8":"product_cat-tattoo-supplies","9":"product_tag-wireless-tattoo-battery","11":"first","12":"instock","13":"taxable","14":"shipping-taxable","15":"purchasable","16":"product-type-variable"},"yoast_head":"<!-- This site is optimized with the Yoast SEO Premium plugin v26.2 (Yoast SEO v26.2) - https:\/\/yoast.com\/wordpress\/plugins\/seo\/ -->\n<title>Aurora Wireless Tattoo Battery RCA | gtartistoo<\/title>\n<meta name=\"description\" content=\"Aurora wireless tattoo battery by gtartistoo features 4\u201312V output, 1600mAh capacity, Type-C charging, and RCA compatibility for professionals.\" \/>\n<meta name=\"robots\" content=\"index, follow, max-snippet:-1, max-image-preview:large, max-video-preview:-1\" \/>\n<link rel=\"canonical\" href=\"https:\/\/gtartistoo.com\/it\/negozio\/forniture-per-tatuaggi\/accessori-per-tatuaggi\/batteria-aurora-wireless-per-tatuaggi\/\" \/>\n<meta property=\"og:locale\" content=\"it_IT\" \/>\n<meta property=\"og:type\" content=\"article\" \/>\n<meta property=\"og:title\" content=\"Gtartistoo Aurora Wireless Tattoo Battery\" \/>\n<meta property=\"og:description\" content=\"Aurora wireless tattoo battery by gtartistoo features 4\u201312V output, 1600mAh capacity, Type-C charging, and RCA compatibility for professionals.\" \/>\n<meta property=\"og:url\" content=\"https:\/\/gtartistoo.com\/it\/negozio\/forniture-per-tatuaggi\/accessori-per-tatuaggi\/batteria-aurora-wireless-per-tatuaggi\/\" \/>\n<meta property=\"og:site_name\" content=\"gtartistoo.com\" \/>\n<meta property=\"article:modified_time\" content=\"2026-01-22T09:11:09+00:00\" \/>\n<meta property=\"og:image\" content=\"https:\/\/gtartistoo.com\/wp-content\/uploads\/2026\/01\/aurora-wireless-tattoo-battery-black.webp\" \/>\n\t<meta property=\"og:image:width\" content=\"1600\" \/>\n\t<meta property=\"og:image:height\" content=\"1600\" \/>\n\t<meta property=\"og:image:type\" content=\"image\/webp\" \/>\n<meta name=\"twitter:card\" content=\"summary_large_image\" \/>\n<meta name=\"twitter:label1\" content=\"Disponibilit\u00e0\" \/>\n\t<meta name=\"twitter:data1\" content=\"In stock\" \/>\n<script type=\"application\/ld+json\" class=\"yoast-schema-graph\">{\"@context\":\"https:\/\/schema.org\",\"@graph\":[{\"@type\":\"WebPage\",\"@id\":\"https:\/\/gtartistoo.com\/shop\/tattoo-supplies\/tattoo-power-accessories\/aurora-wireless-tattoo-battery\/\",\"url\":\"https:\/\/gtartistoo.com\/shop\/tattoo-supplies\/tattoo-power-accessories\/aurora-wireless-tattoo-battery\/\",\"name\":\"Aurora Wireless Tattoo Battery RCA | gtartistoo\",\"isPartOf\":{\"@id\":\"https:\/\/gtartistoo.com\/#website\"},\"primaryImageOfPage\":{\"@id\":\"https:\/\/gtartistoo.com\/shop\/tattoo-supplies\/tattoo-power-accessories\/aurora-wireless-tattoo-battery\/#primaryimage\"},\"image\":{\"@id\":\"https:\/\/gtartistoo.com\/shop\/tattoo-supplies\/tattoo-power-accessories\/aurora-wireless-tattoo-battery\/#primaryimage\"},\"thumbnailUrl\":\"https:\/\/gtartistoo.com\/wp-content\/uploads\/2026\/01\/aurora-wireless-tattoo-battery-black.webp\",\"datePublished\":\"2026-01-22T09:11:08+00:00\",\"dateModified\":\"2026-01-22T09:11:09+00:00\",\"description\":\"Aurora wireless tattoo battery by gtartistoo features 4\u201312V output, 1600mAh capacity, Type-C charging, and RCA compatibility for professionals.\",\"breadcrumb\":{\"@id\":\"https:\/\/gtartistoo.com\/shop\/tattoo-supplies\/tattoo-power-accessories\/aurora-wireless-tattoo-battery\/#breadcrumb\"},\"inLanguage\":\"it-IT\",\"potentialAction\":[{\"@type\":\"ReadAction\",\"target\":[\"https:\/\/gtartistoo.com\/shop\/tattoo-supplies\/tattoo-power-accessories\/aurora-wireless-tattoo-battery\/\"]}]},{\"@type\":\"ImageObject\",\"inLanguage\":\"it-IT\",\"@id\":\"https:\/\/gtartistoo.com\/shop\/tattoo-supplies\/tattoo-power-accessories\/aurora-wireless-tattoo-battery\/#primaryimage\",\"url\":\"https:\/\/gtartistoo.com\/wp-content\/uploads\/2026\/01\/aurora-wireless-tattoo-battery-black.webp\",\"contentUrl\":\"https:\/\/gtartistoo.com\/wp-content\/uploads\/2026\/01\/aurora-wireless-tattoo-battery-black.webp\",\"width\":1600,\"height\":1600,\"caption\":\"gtartistoo Aurora wireless tattoo battery RCA power supply\"},{\"@type\":\"BreadcrumbList\",\"@id\":\"https:\/\/gtartistoo.com\/shop\/tattoo-supplies\/tattoo-power-accessories\/aurora-wireless-tattoo-battery\/#breadcrumb\",\"itemListElement\":[{\"@type\":\"ListItem\",\"position\":1,\"name\":\"Home\",\"item\":\"https:\/\/gtartistoo.com\/\"},{\"@type\":\"ListItem\",\"position\":2,\"name\":\"Shop\",\"item\":\"https:\/\/gtartistoo.com\/shop\/\"},{\"@type\":\"ListItem\",\"position\":3,\"name\":\"Gtartistoo Aurora Wireless Tattoo Battery\"}]},{\"@type\":\"WebSite\",\"@id\":\"https:\/\/gtartistoo.com\/#website\",\"url\":\"https:\/\/gtartistoo.com\/\",\"name\":\"gtartistoo.com\",\"description\":\"\",\"publisher\":{\"@id\":\"https:\/\/gtartistoo.com\/#organization\"},\"potentialAction\":[{\"@type\":\"SearchAction\",\"target\":{\"@type\":\"EntryPoint\",\"urlTemplate\":\"https:\/\/gtartistoo.com\/?s={search_term_string}\"},\"query-input\":{\"@type\":\"PropertyValueSpecification\",\"valueRequired\":true,\"valueName\":\"search_term_string\"}}],\"inLanguage\":\"it-IT\"},{\"@type\":\"Organization\",\"@id\":\"https:\/\/gtartistoo.com\/#organization\",\"name\":\"gtartistoo.com\",\"url\":\"https:\/\/gtartistoo.com\/\",\"logo\":{\"@type\":\"ImageObject\",\"inLanguage\":\"it-IT\",\"@id\":\"https:\/\/gtartistoo.com\/#\/schema\/logo\/image\/\",\"url\":\"https:\/\/gtartistoo.com\/wp-content\/uploads\/2025\/10\/logo.svg\",\"contentUrl\":\"https:\/\/gtartistoo.com\/wp-content\/uploads\/2025\/10\/logo.svg\",\"width\":369,\"height\":124,\"caption\":\"gtartistoo.com\"},\"image\":{\"@id\":\"https:\/\/gtartistoo.com\/#\/schema\/logo\/image\/\"}}]}<\/script>\n<meta property=\"og:availability\" content=\"instock\" \/>\n<meta property=\"product:availability\" content=\"instock\" \/>\n<meta property=\"product:retailer_item_id\" content=\"31578\" \/>\n<meta property=\"product:condition\" content=\"new\" \/>\n<!-- \/ Yoast SEO Premium plugin. -->","yoast_head_json":{"title":"Aurora Batteria senza fili per tatuaggi RCA | gtartistoo","description":"La batteria wireless Aurora per tatuaggi di gtartistoo \u00e8 dotata di uscita 4-12V, capacit\u00e0 di 1600 mAh, ricarica Type-C e compatibilit\u00e0 RCA per i professionisti.","robots":{"index":"index","follow":"follow","max-snippet":"max-snippet:-1","max-image-preview":"max-image-preview:large","max-video-preview":"max-video-preview:-1"},"canonical":"https:\/\/gtartistoo.com\/it\/negozio\/forniture-per-tatuaggi\/accessori-per-tatuaggi\/batteria-aurora-wireless-per-tatuaggi\/","og_locale":"it_IT","og_type":"article","og_title":"Gtartistoo Aurora Wireless Tattoo Battery","og_description":"Aurora wireless tattoo battery by gtartistoo features 4\u201312V output, 1600mAh capacity, Type-C charging, and RCA compatibility for professionals.","og_url":"https:\/\/gtartistoo.com\/it\/negozio\/forniture-per-tatuaggi\/accessori-per-tatuaggi\/batteria-aurora-wireless-per-tatuaggi\/","og_site_name":"gtartistoo.com","article_modified_time":"2026-01-22T09:11:09+00:00","og_image":[{"width":1600,"height":1600,"url":"https:\/\/gtartistoo.com\/wp-content\/uploads\/2026\/01\/aurora-wireless-tattoo-battery-black.webp","type":"image\/webp"}],"twitter_card":"summary_large_image","twitter_misc":{"Disponibilit\u00e0":"In stock"},"schema":{"@context":"https:\/\/schema.org","@graph":[{"@type":"WebPage","@id":"https:\/\/gtartistoo.com\/shop\/tattoo-supplies\/tattoo-power-accessories\/aurora-wireless-tattoo-battery\/","url":"https:\/\/gtartistoo.com\/shop\/tattoo-supplies\/tattoo-power-accessories\/aurora-wireless-tattoo-battery\/","name":"Aurora Batteria senza fili per tatuaggi RCA | gtartistoo","isPartOf":{"@id":"https:\/\/gtartistoo.com\/#website"},"primaryImageOfPage":{"@id":"https:\/\/gtartistoo.com\/shop\/tattoo-supplies\/tattoo-power-accessories\/aurora-wireless-tattoo-battery\/#primaryimage"},"image":{"@id":"https:\/\/gtartistoo.com\/shop\/tattoo-supplies\/tattoo-power-accessories\/aurora-wireless-tattoo-battery\/#primaryimage"},"thumbnailUrl":"https:\/\/gtartistoo.com\/wp-content\/uploads\/2026\/01\/aurora-wireless-tattoo-battery-black.webp","datePublished":"2026-01-22T09:11:08+00:00","dateModified":"2026-01-22T09:11:09+00:00","description":"La batteria wireless Aurora per tatuaggi di gtartistoo \u00e8 dotata di uscita 4-12V, capacit\u00e0 di 1600 mAh, ricarica Type-C e compatibilit\u00e0 RCA per i professionisti.","breadcrumb":{"@id":"https:\/\/gtartistoo.com\/shop\/tattoo-supplies\/tattoo-power-accessories\/aurora-wireless-tattoo-battery\/#breadcrumb"},"inLanguage":"it-IT","potentialAction":[{"@type":"ReadAction","target":["https:\/\/gtartistoo.com\/shop\/tattoo-supplies\/tattoo-power-accessories\/aurora-wireless-tattoo-battery\/"]}]},{"@type":"ImageObject","inLanguage":"it-IT","@id":"https:\/\/gtartistoo.com\/shop\/tattoo-supplies\/tattoo-power-accessories\/aurora-wireless-tattoo-battery\/#primaryimage","url":"https:\/\/gtartistoo.com\/wp-content\/uploads\/2026\/01\/aurora-wireless-tattoo-battery-black.webp","contentUrl":"https:\/\/gtartistoo.com\/wp-content\/uploads\/2026\/01\/aurora-wireless-tattoo-battery-black.webp","width":1600,"height":1600,"caption":"gtartistoo Aurora wireless tattoo battery RCA power supply"},{"@type":"BreadcrumbList","@id":"https:\/\/gtartistoo.com\/shop\/tattoo-supplies\/tattoo-power-accessories\/aurora-wireless-tattoo-battery\/#breadcrumb","itemListElement":[{"@type":"ListItem","position":1,"name":"Home","item":"https:\/\/gtartistoo.com\/"},{"@type":"ListItem","position":2,"name":"Shop","item":"https:\/\/gtartistoo.com\/shop\/"},{"@type":"ListItem","position":3,"name":"Gtartistoo Aurora Wireless Tattoo Battery"}]},{"@type":"WebSite","@id":"https:\/\/gtartistoo.com\/#website","url":"https:\/\/gtartistoo.com\/","name":"gtartistoo.com","description":"","publisher":{"@id":"https:\/\/gtartistoo.com\/#organization"},"potentialAction":[{"@type":"SearchAction","target":{"@type":"EntryPoint","urlTemplate":"https:\/\/gtartistoo.com\/?s={search_term_string}"},"query-input":{"@type":"PropertyValueSpecification","valueRequired":true,"valueName":"search_term_string"}}],"inLanguage":"it-IT"},{"@type":"Organization","@id":"https:\/\/gtartistoo.com\/#organization","name":"gtartistoo.com","url":"https:\/\/gtartistoo.com\/","logo":{"@type":"ImageObject","inLanguage":"it-IT","@id":"https:\/\/gtartistoo.com\/#\/schema\/logo\/image\/","url":"https:\/\/gtartistoo.com\/wp-content\/uploads\/2025\/10\/logo.svg","contentUrl":"https:\/\/gtartistoo.com\/wp-content\/uploads\/2025\/10\/logo.svg","width":369,"height":124,"caption":"gtartistoo.com"},"image":{"@id":"https:\/\/gtartistoo.com\/#\/schema\/logo\/image\/"}}]},"og_availability":"instock","product_availability":"instock","product_retailer_item_id":"31578","product_condition":"new"},"_links":{"self":[{"href":"https:\/\/gtartistoo.com\/it\/wp-json\/wp\/v2\/product\/31578","targetHints":{"allow":["GET"]}}],"collection":[{"href":"https:\/\/gtartistoo.com\/it\/wp-json\/wp\/v2\/product"}],"about":[{"href":"https:\/\/gtartistoo.com\/it\/wp-json\/wp\/v2\/types\/product"}],"replies":[{"embeddable":true,"href":"https:\/\/gtartistoo.com\/it\/wp-json\/wp\/v2\/comments?post=31578"}],"version-history":[{"count":1,"href":"https:\/\/gtartistoo.com\/it\/wp-json\/wp\/v2\/product\/31578\/revisions"}],"predecessor-version":[{"id":31590,"href":"https:\/\/gtartistoo.com\/it\/wp-json\/wp\/v2\/product\/31578\/revisions\/31590"}],"wp:featuredmedia":[{"embeddable":true,"href":"https:\/\/gtartistoo.com\/it\/wp-json\/wp\/v2\/media\/31584"}],"wp:attachment":[{"href":"https:\/\/gtartistoo.com\/it\/wp-json\/wp\/v2\/media?parent=31578"}],"wp:term":[{"taxonomy":"product_brand","embeddable":true,"href":"https:\/\/gtartistoo.com\/it\/wp-json\/wp\/v2\/product_brand?post=31578"},{"taxonomy":"product_cat","embeddable":true,"href":"https:\/\/gtartistoo.com\/it\/wp-json\/wp\/v2\/product_cat?post=31578"},{"taxonomy":"product_tag","embeddable":true,"href":"https:\/\/gtartistoo.com\/it\/wp-json\/wp\/v2\/product_tag?post=31578"}],"curies":[{"name":"wp","href":"https:\/\/api.w.org\/{rel}","templated":true}]}}